{"id":1345,"date":"2020-01-03T16:52:10","date_gmt":"2020-01-03T15:52:10","guid":{"rendered":"https:\/\/www.stcts.ch\/schulung\/?page_id=1345"},"modified":"2025-10-23T16:09:56","modified_gmt":"2025-10-23T14:09:56","slug":"qv-serien-loesen-hkb","status":"publish","type":"page","link":"https:\/\/www.stcts.ch\/schulung\/qv-serien-loesen-hkb\/","title":{"rendered":"QV-Serien l\u00f6sen Kauffrau\/Kaufmann (neue BiVo)"},"content":{"rendered":"<h2 id=\"ueber\" class=\"style\">Nutze die Chance f\u00fcr eine noch intensivere Vorbereitung auf dein QV<\/h2>\n<p>\nLernende nach der neuen BiVo haben die exklusive M\u00f6glichkeit, sich f\u00fcr den Kurs <strong>\u00abQV-Serien l\u00f6sen\u00bb<\/strong> anzumelden \u2013 der perfekte Abschluss deiner Vorbereitung.\n<\/p>\n<p>\nAn nur <strong>drei Tagen<\/strong> l\u00f6st du praxisnah die 0 Serie, welche aktuell bereits zur Verf\u00fcgung steht. Unsere erfahrene Dozentin steht dir mit Rat und Tat zur Seite \u2013 sei es bei theoretischen Fragen oder bei konkreten Aufgaben. Dies ist deine optimale Gelegenheit, das Gelernte anzuwenden und etwaige Wissensl\u00fccken gezielt zu schliessen.\n<\/p>\n<ul>\n<li><b>Dauer:<\/b> drei Termine, jeweils \u00e0 2 Lektionen (genaue Daten siehe unter Termine)<\/li>\n<li><b>Teilnahme:<\/b> Live online per Zoom<\/li>\n<li><b>Kosten:<\/b> CHF 159.00 pro Person pauschal (inkl. Lehrmaterialien)<\/li>\n<\/ul>\n<p>\nWeitere Informationen erh\u00e4ltst du nach der Anmeldung per Mail zugestellt.\n<\/p>\n<p>\n<strong>Mache dich bereit f\u00fcr den Erfolg.<\/strong> Dieser Zusatzkurs wird massgeblich dazu beitragen, deine Chancen auf ein erfolgreiches QV zu maximieren. Melden dich noch heute an.\n<\/p>\n<p class=\"button-style\"><a href=\"https:\/\/www.stcts.ch\/schulung\/kursanmeldung\/\">Anmelden<\/a><\/p>\n<p>&nbsp;<br \/>\n<div id=\"footable_parent_3107\"\n         class=\" footable_parent ninja_table_wrapper loading_ninja_table wp_table_data_press_parent semantic_ui \">\n                        <div\n                class=\"table_description footable_description\"><\/div>\n                    <table data-ninja_table_instance=\"ninja_table_instance_0\" data-footable_id=\"3107\" data-filter-delay=\"1000\" aria-label=\"QV-Serien l\u00f6sen Kauffrau\/Kaufmann (neue BiVo)\"            id=\"footable_3107\"\n           data-unique_identifier=\"ninja_table_unique_id_3130487173_3107\"\n           class=\" foo-table ninja_footable foo_table_3107 ninja_table_unique_id_3130487173_3107 ui table  ninja_search_right nt_type_ajax_table selectable celled striped compact vertical_centered  footable-paging-right ninja_table_search_disabled\">\n                <colgroup>\n                            <col class=\"ninja_column_0 \">\n                            <col class=\"ninja_column_1 \">\n                            <col class=\"ninja_column_2 \">\n                            <col class=\"ninja_column_3 \">\n                    <\/colgroup>\n            <\/table>\n    \n    \n    \n<\/div>\n<\/p>\n<div class=\"btc\">\n*m\u00f6chten Sie mit der Kryptow\u00e4hrung Bitcoin (BTC) bezahlen? <a id=\"k1\" href=\"https:\/\/www.stcts.ch\/schulung\/kontakt\/\">Kontaktieren<\/a> Sie uns.\n<\/div>\n","protected":false},"excerpt":{"rendered":"<p>Nutze die Chance f\u00fcr eine noch intensivere Vorbereitung auf dein QV Lernende nach der neuen BiVo haben die exklusive M\u00f6glichkeit, sich f\u00fcr den Kurs \u00abQV<\/p>\n","protected":false},"author":1,"featured_media":0,"parent":0,"menu_order":0,"comment_status":"closed","ping_status":"closed","template":"fullwidth.php","meta":{"footnotes":""},"class_list":["post-1345","page","type-page","status-publish","hentry"],"yoast_head":"<!-- This site is optimized with the Yoast SEO plugin v27.2 - https:\/\/yoast.com\/product\/yoast-seo-wordpress\/ -->\n<title>QV-Serien l\u00f6sen Kauffrau\/Kaufmann (neue BiVo) - Stucki &amp; Co. Treuhand und Schulungen<\/title>\n<meta name=\"description\" content=\"QV-Serien l\u00f6sen Kauffrau\/Kaufmann nach der neuen BiVo 2023. Pr\u00fcfungssimulation nach Bivo 2023. Pr\u00fcfungsvorbereitung BiVo\" \/>\n<meta name=\"robots\" content=\"index, follow, max-snippet:-1, max-image-preview:large, max-video-preview:-1\" \/>\n<link rel=\"canonical\" href=\"https:\/\/www.stcts.ch\/schulung\/qv-serien-loesen-hkb\/\" \/>\n<meta property=\"og:locale\" content=\"de_DE\" \/>\n<meta property=\"og:type\" content=\"article\" \/>\n<meta property=\"og:title\" content=\"QV-Serien l\u00f6sen Kauffrau\/Kaufmann (neue BiVo) - Stucki &amp; Co. Treuhand und Schulungen\" \/>\n<meta property=\"og:description\" content=\"QV-Serien l\u00f6sen Kauffrau\/Kaufmann nach der neuen BiVo 2023. Pr\u00fcfungssimulation nach Bivo 2023. Pr\u00fcfungsvorbereitung BiVo\" \/>\n<meta property=\"og:url\" content=\"https:\/\/www.stcts.ch\/schulung\/qv-serien-loesen-hkb\/\" \/>\n<meta property=\"og:site_name\" content=\"Stucki &amp; Co. Treuhand und Schulungen\" \/>\n<meta property=\"article:modified_time\" content=\"2025-10-23T14:09:56+00:00\" \/>\n<meta name=\"twitter:card\" content=\"summary_large_image\" \/>\n<meta name=\"twitter:label1\" content=\"Gesch\u00e4tzte Lesezeit\" \/>\n\t<meta name=\"twitter:data1\" content=\"1\u00a0Minute\" \/>\n<script type=\"application\/ld+json\" class=\"yoast-schema-graph\">{\"@context\":\"https:\/\/schema.org\",\"@graph\":[{\"@type\":\"WebPage\",\"@id\":\"https:\/\/www.stcts.ch\/schulung\/qv-serien-loesen-hkb\/\",\"url\":\"https:\/\/www.stcts.ch\/schulung\/qv-serien-loesen-hkb\/\",\"name\":\"QV-Serien l\u00f6sen Kauffrau\/Kaufmann (neue BiVo) - Stucki &amp; Co. Treuhand und Schulungen\",\"isPartOf\":{\"@id\":\"https:\/\/www.stcts.ch\/schulung\/#website\"},\"datePublished\":\"2020-01-03T15:52:10+00:00\",\"dateModified\":\"2025-10-23T14:09:56+00:00\",\"description\":\"QV-Serien l\u00f6sen Kauffrau\/Kaufmann nach der neuen BiVo 2023. Pr\u00fcfungssimulation nach Bivo 2023. Pr\u00fcfungsvorbereitung BiVo\",\"breadcrumb\":{\"@id\":\"https:\/\/www.stcts.ch\/schulung\/qv-serien-loesen-hkb\/#breadcrumb\"},\"inLanguage\":\"de-CH\",\"potentialAction\":[{\"@type\":\"ReadAction\",\"target\":[\"https:\/\/www.stcts.ch\/schulung\/qv-serien-loesen-hkb\/\"]}]},{\"@type\":\"BreadcrumbList\",\"@id\":\"https:\/\/www.stcts.ch\/schulung\/qv-serien-loesen-hkb\/#breadcrumb\",\"itemListElement\":[{\"@type\":\"ListItem\",\"position\":1,\"name\":\"Home\",\"item\":\"https:\/\/www.stcts.ch\/schulung\/\"},{\"@type\":\"ListItem\",\"position\":2,\"name\":\"QV-Serien l\u00f6sen Kauffrau\/Kaufmann (neue BiVo)\"}]},{\"@type\":\"WebSite\",\"@id\":\"https:\/\/www.stcts.ch\/schulung\/#website\",\"url\":\"https:\/\/www.stcts.ch\/schulung\/\",\"name\":\"Stucki &amp; Co. Treuhand und Schulungen\",\"description\":\"\",\"publisher\":{\"@id\":\"https:\/\/www.stcts.ch\/schulung\/#organization\"},\"potentialAction\":[{\"@type\":\"SearchAction\",\"target\":{\"@type\":\"EntryPoint\",\"urlTemplate\":\"https:\/\/www.stcts.ch\/schulung\/?s={search_term_string}\"},\"query-input\":{\"@type\":\"PropertyValueSpecification\",\"valueRequired\":true,\"valueName\":\"search_term_string\"}}],\"inLanguage\":\"de-CH\"},{\"@type\":\"Organization\",\"@id\":\"https:\/\/www.stcts.ch\/schulung\/#organization\",\"name\":\"Stucki & Co. Treuhand und Schulungen\",\"url\":\"https:\/\/www.stcts.ch\/schulung\/\",\"logo\":{\"@type\":\"ImageObject\",\"inLanguage\":\"de-CH\",\"@id\":\"https:\/\/www.stcts.ch\/schulung\/#\/schema\/logo\/image\/\",\"url\":\"\",\"contentUrl\":\"\",\"caption\":\"Stucki & Co. Treuhand und Schulungen\"},\"image\":{\"@id\":\"https:\/\/www.stcts.ch\/schulung\/#\/schema\/logo\/image\/\"}}]}<\/script>\n<!-- \/ Yoast SEO plugin. -->","yoast_head_json":{"title":"QV-Serien l\u00f6sen Kauffrau\/Kaufmann (neue BiVo) - Stucki &amp; Co. Treuhand und Schulungen","description":"QV-Serien l\u00f6sen Kauffrau\/Kaufmann nach der neuen BiVo 2023. Pr\u00fcfungssimulation nach Bivo 2023. Pr\u00fcfungsvorbereitung BiVo","robots":{"index":"index","follow":"follow","max-snippet":"max-snippet:-1","max-image-preview":"max-image-preview:large","max-video-preview":"max-video-preview:-1"},"canonical":"https:\/\/www.stcts.ch\/schulung\/qv-serien-loesen-hkb\/","og_locale":"de_DE","og_type":"article","og_title":"QV-Serien l\u00f6sen Kauffrau\/Kaufmann (neue BiVo) - Stucki &amp; Co. Treuhand und Schulungen","og_description":"QV-Serien l\u00f6sen Kauffrau\/Kaufmann nach der neuen BiVo 2023. Pr\u00fcfungssimulation nach Bivo 2023. Pr\u00fcfungsvorbereitung BiVo","og_url":"https:\/\/www.stcts.ch\/schulung\/qv-serien-loesen-hkb\/","og_site_name":"Stucki &amp; Co. Treuhand und Schulungen","article_modified_time":"2025-10-23T14:09:56+00:00","twitter_card":"summary_large_image","twitter_misc":{"Gesch\u00e4tzte Lesezeit":"1\u00a0Minute"},"schema":{"@context":"https:\/\/schema.org","@graph":[{"@type":"WebPage","@id":"https:\/\/www.stcts.ch\/schulung\/qv-serien-loesen-hkb\/","url":"https:\/\/www.stcts.ch\/schulung\/qv-serien-loesen-hkb\/","name":"QV-Serien l\u00f6sen Kauffrau\/Kaufmann (neue BiVo) - Stucki &amp; Co. Treuhand und Schulungen","isPartOf":{"@id":"https:\/\/www.stcts.ch\/schulung\/#website"},"datePublished":"2020-01-03T15:52:10+00:00","dateModified":"2025-10-23T14:09:56+00:00","description":"QV-Serien l\u00f6sen Kauffrau\/Kaufmann nach der neuen BiVo 2023. Pr\u00fcfungssimulation nach Bivo 2023. Pr\u00fcfungsvorbereitung BiVo","breadcrumb":{"@id":"https:\/\/www.stcts.ch\/schulung\/qv-serien-loesen-hkb\/#breadcrumb"},"inLanguage":"de-CH","potentialAction":[{"@type":"ReadAction","target":["https:\/\/www.stcts.ch\/schulung\/qv-serien-loesen-hkb\/"]}]},{"@type":"BreadcrumbList","@id":"https:\/\/www.stcts.ch\/schulung\/qv-serien-loesen-hkb\/#breadcrumb","itemListElement":[{"@type":"ListItem","position":1,"name":"Home","item":"https:\/\/www.stcts.ch\/schulung\/"},{"@type":"ListItem","position":2,"name":"QV-Serien l\u00f6sen Kauffrau\/Kaufmann (neue BiVo)"}]},{"@type":"WebSite","@id":"https:\/\/www.stcts.ch\/schulung\/#website","url":"https:\/\/www.stcts.ch\/schulung\/","name":"Stucki &amp; Co. Treuhand und Schulungen","description":"","publisher":{"@id":"https:\/\/www.stcts.ch\/schulung\/#organization"},"potentialAction":[{"@type":"SearchAction","target":{"@type":"EntryPoint","urlTemplate":"https:\/\/www.stcts.ch\/schulung\/?s={search_term_string}"},"query-input":{"@type":"PropertyValueSpecification","valueRequired":true,"valueName":"search_term_string"}}],"inLanguage":"de-CH"},{"@type":"Organization","@id":"https:\/\/www.stcts.ch\/schulung\/#organization","name":"Stucki & Co. Treuhand und Schulungen","url":"https:\/\/www.stcts.ch\/schulung\/","logo":{"@type":"ImageObject","inLanguage":"de-CH","@id":"https:\/\/www.stcts.ch\/schulung\/#\/schema\/logo\/image\/","url":"","contentUrl":"","caption":"Stucki & Co. Treuhand und Schulungen"},"image":{"@id":"https:\/\/www.stcts.ch\/schulung\/#\/schema\/logo\/image\/"}}]}},"_links":{"self":[{"href":"https:\/\/www.stcts.ch\/schulung\/wp-json\/wp\/v2\/pages\/1345","targetHints":{"allow":["GET"]}}],"collection":[{"href":"https:\/\/www.stcts.ch\/schulung\/wp-json\/wp\/v2\/pages"}],"about":[{"href":"https:\/\/www.stcts.ch\/schulung\/wp-json\/wp\/v2\/types\/page"}],"author":[{"embeddable":true,"href":"https:\/\/www.stcts.ch\/schulung\/wp-json\/wp\/v2\/users\/1"}],"replies":[{"embeddable":true,"href":"https:\/\/www.stcts.ch\/schulung\/wp-json\/wp\/v2\/comments?post=1345"}],"version-history":[{"count":55,"href":"https:\/\/www.stcts.ch\/schulung\/wp-json\/wp\/v2\/pages\/1345\/revisions"}],"predecessor-version":[{"id":3123,"href":"https:\/\/www.stcts.ch\/schulung\/wp-json\/wp\/v2\/pages\/1345\/revisions\/3123"}],"wp:attachment":[{"href":"https:\/\/www.stcts.ch\/schulung\/wp-json\/wp\/v2\/media?parent=1345"}],"curies":[{"name":"wp","href":"https:\/\/api.w.org\/{rel}","templated":true}]}}