{"id":172,"date":"2018-08-28T12:45:30","date_gmt":"2018-08-28T12:45:30","guid":{"rendered":"http:\/\/wp2.stcts.ch\/?page_id=172"},"modified":"2025-10-15T16:42:10","modified_gmt":"2025-10-15T14:42:10","slug":"firmenbetreuung","status":"publish","type":"page","link":"https:\/\/www.stcts.ch\/schulung\/firmenbetreuung\/","title":{"rendered":"Betreuung f\u00fcr Firmen"},"content":{"rendered":"<h2 id=\"ueber\" class=\"style\">Betreuung der Lernenden \/ optimale Pr\u00fcfungsvorbereitung (f\u00fcr Unternehmen)<\/h2>\n<p>\nUnternehmen, die Auszubildende besch\u00e4ftigen, haben ein starkes Interesse daran, ihre Lernenden optimal auf bevorstehende Pr\u00fcfungen oder Qualifikationsverfahren vorzubereiten. Um dies zu gew\u00e4hrleisten, bieten viele Betriebe vor Ort Unterst\u00fctzung in Form einer kontinuierlichen Lernbegleitung oder spezieller Vorbereitungskurse an. H\u00e4ufig werden hierf\u00fcr externe Fachkr\u00e4fte engagiert, die \u00fcber die n\u00f6tige Expertise verf\u00fcgen.\n<\/p>\n<p>\nWir haben uns auf dieses Gebiet spezialisiert und betreuen bereits zahlreiche namhafte Unternehmen. Im Folgenden m\u00f6chten wir Ihnen die Vorteile einer solchen Zusammenarbeit n\u00e4her erl\u00e4utern:\n<\/p>\n<p><strong>Vorteile einer professionellen Lernendenbetreuung:<\/strong><\/p>\n<ul>\n<li><strong>Standortn\u00e4he:<\/strong> Der Unterricht findet direkt vor Ort im Lehrbetrieb statt, was eine hohe Flexibilit\u00e4t und eine praxisorientierte Lernumgebung erm\u00f6glicht.<\/li>\n<li><strong>Langj\u00e4hrige Erfahrung:<\/strong> Wir wissen, was f\u00fcr einen erfolgreichen Abschluss notwendig ist und gestalten den Unterricht entsprechend zielgerichtet.<\/li>\n<li><strong>Nachhaltige Stoffvermittlung:<\/strong> Unsere Dozenten vermitteln die Lerninhalte verst\u00e4ndlich und sorgen daf\u00fcr, dass der Stoff langfristig verinnerlicht wird.<\/li>\n<li><strong>Kompetente und sympathische Dozenten:<\/strong> Unsere Lehrkr\u00e4fte sind erfahren, zuverl\u00e4ssig und engagiert, und bringen ihre Expertise mit viel Herzblut in den Unterricht ein.<\/li>\n<li><strong>Unterst\u00fctzung auch ausserhalb des Unterrichts:<\/strong> Unsere Lernenden k\u00f6nnen jederzeit \u00fcber WhatsApp mit den Dozenten kommunizieren und erhalten Unterst\u00fctzung bei offenen Fragen.<\/li>\n<li><strong>Individuelle Betreuung:<\/strong> Bei Bedarf passen wir das Angebot gezielt an die Anforderungen des Unternehmens und der Lernenden an.<\/li>\n<\/ul>\n<h3>Unsere Expertise in der Fachvermittlung:<\/h3>\n<p>\nWir bieten professionelle Vorbereitung und Stoffvermittlung in folgenden Bereichen:\n<\/p>\n<p>\nBerufsfeld Kauffrau\/Kaufmann\n<\/p>\n<ul>\n<li><strong>Wissensvermittlung der Lernfelder aus dem HKB A, HKB B und HKB C<\/strong> (alle relevanten Themen).<\/li>\n<li><strong>Wissensvermittlung Option Finanzen<\/strong><\/li>\n<li><strong>Wissensvermittlung Finanz und Rechnungswesen<\/strong> (M-Profil)<\/li>\n<\/ul>\n<p>\n\u00dcbrige Berufsfelder\n<\/p>\n<ul>\n<li><strong>Finanzielles<\/strong> Rechnungswesen (alle relevanten Themen)<\/li>\n<li><strong>Betriebliches Rechnungswesen<\/strong> (Normalkostenrechnung, Teilkostenrechnung, Kalkulationen, etc.)<\/li>\n<li><strong>Mittelflussrechnung<\/strong><\/li>\n<li><strong>Bilanz-und Erfolgsanalyse<\/strong> <\/li>\n<li><strong>Investitionsrechnung<\/strong><\/li>\n<li><strong>Konsolidierung<\/strong><\/li>\n<li><strong>Planungsrechnung<\/strong><\/li>\n<li><strong>Recht<\/strong> (ZGB, OR, SCHKG, MWSTG und weitere relevante Rechtsgebiete)<\/li>\n<li><strong>Betriebswirtschaftslehre<\/strong><\/li>\n<li>Weitere F\u00e4cher auf Anfrage \u2013 der gesamte W&amp;G-Stoff f\u00fcr Kaufleute wird vollst\u00e4ndig abgedeckt.<\/li>\n<\/ul>\n<p><strong>Haben wir Ihr Interesse geweckt?<\/strong><\/p>\n<p>\nZ\u00f6gern Sie nicht, uns zu <a id=\"k1\" href=\"https:\/\/www.stcts.ch\/schulung\/kontakt\/\">kontaktieren<\/a>. Gerne stehen wir Ihnen f\u00fcr eine detaillierte Beratung zur Verf\u00fcgung und k\u00f6nnen auf Wunsch Referenzen aus unserer langj\u00e4hrigen Zusammenarbeit mit renommierten Unternehmen bereitstellen.<\/p>\n","protected":false},"excerpt":{"rendered":"<p>Betreuung der Lernenden \/ optimale Pr\u00fcfungsvorbereitung (f\u00fcr Unternehmen) Unternehmen, die Auszubildende besch\u00e4ftigen, haben ein starkes Interesse daran<\/p>\n","protected":false},"author":1,"featured_media":0,"parent":0,"menu_order":2,"comment_status":"closed","ping_status":"closed","template":"fullwidth.php","meta":{"footnotes":""},"class_list":["post-172","page","type-page","status-publish","hentry"],"yoast_head":"<!-- This site is optimized with the Yoast SEO plugin v27.2 - https:\/\/yoast.com\/product\/yoast-seo-wordpress\/ -->\n<title>Betreuung f\u00fcr Firmen - Stucki &amp; Co. Treuhand und Schulungen<\/title>\n<meta name=\"description\" content=\"Lehrlingsbetreuung, QV Vorbereitung direkt beim Lehrbetreib. Wir betreuen Ihre Lehrlinge f\u00fcr das QV direkt im Lehrbetreib.\" \/>\n<meta name=\"robots\" content=\"index, follow, max-snippet:-1, max-image-preview:large, max-video-preview:-1\" \/>\n<link rel=\"canonical\" href=\"https:\/\/www.stcts.ch\/schulung\/firmenbetreuung\/\" \/>\n<meta property=\"og:locale\" content=\"de_DE\" \/>\n<meta property=\"og:type\" content=\"article\" \/>\n<meta property=\"og:title\" content=\"Betreuung f\u00fcr Firmen - Stucki &amp; Co. Treuhand und Schulungen\" \/>\n<meta property=\"og:description\" content=\"Lehrlingsbetreuung, QV Vorbereitung direkt beim Lehrbetreib. Wir betreuen Ihre Lehrlinge f\u00fcr das QV direkt im Lehrbetreib.\" \/>\n<meta property=\"og:url\" content=\"https:\/\/www.stcts.ch\/schulung\/firmenbetreuung\/\" \/>\n<meta property=\"og:site_name\" content=\"Stucki &amp; Co. Treuhand und Schulungen\" \/>\n<meta property=\"article:modified_time\" content=\"2025-10-15T14:42:10+00:00\" \/>\n<meta name=\"twitter:card\" content=\"summary_large_image\" \/>\n<meta name=\"twitter:label1\" content=\"Gesch\u00e4tzte Lesezeit\" \/>\n\t<meta name=\"twitter:data1\" content=\"2\u00a0Minuten\" \/>\n<script type=\"application\/ld+json\" class=\"yoast-schema-graph\">{\"@context\":\"https:\/\/schema.org\",\"@graph\":[{\"@type\":\"WebPage\",\"@id\":\"https:\/\/www.stcts.ch\/schulung\/firmenbetreuung\/\",\"url\":\"https:\/\/www.stcts.ch\/schulung\/firmenbetreuung\/\",\"name\":\"Betreuung f\u00fcr Firmen - Stucki &amp; Co. Treuhand und Schulungen\",\"isPartOf\":{\"@id\":\"https:\/\/www.stcts.ch\/schulung\/#website\"},\"datePublished\":\"2018-08-28T12:45:30+00:00\",\"dateModified\":\"2025-10-15T14:42:10+00:00\",\"description\":\"Lehrlingsbetreuung, QV Vorbereitung direkt beim Lehrbetreib. Wir betreuen Ihre Lehrlinge f\u00fcr das QV direkt im Lehrbetreib.\",\"breadcrumb\":{\"@id\":\"https:\/\/www.stcts.ch\/schulung\/firmenbetreuung\/#breadcrumb\"},\"inLanguage\":\"de-CH\",\"potentialAction\":[{\"@type\":\"ReadAction\",\"target\":[\"https:\/\/www.stcts.ch\/schulung\/firmenbetreuung\/\"]}]},{\"@type\":\"BreadcrumbList\",\"@id\":\"https:\/\/www.stcts.ch\/schulung\/firmenbetreuung\/#breadcrumb\",\"itemListElement\":[{\"@type\":\"ListItem\",\"position\":1,\"name\":\"Home\",\"item\":\"https:\/\/www.stcts.ch\/schulung\/\"},{\"@type\":\"ListItem\",\"position\":2,\"name\":\"Betreuung f\u00fcr Firmen\"}]},{\"@type\":\"WebSite\",\"@id\":\"https:\/\/www.stcts.ch\/schulung\/#website\",\"url\":\"https:\/\/www.stcts.ch\/schulung\/\",\"name\":\"Stucki &amp; Co. Treuhand und Schulungen\",\"description\":\"\",\"publisher\":{\"@id\":\"https:\/\/www.stcts.ch\/schulung\/#organization\"},\"potentialAction\":[{\"@type\":\"SearchAction\",\"target\":{\"@type\":\"EntryPoint\",\"urlTemplate\":\"https:\/\/www.stcts.ch\/schulung\/?s={search_term_string}\"},\"query-input\":{\"@type\":\"PropertyValueSpecification\",\"valueRequired\":true,\"valueName\":\"search_term_string\"}}],\"inLanguage\":\"de-CH\"},{\"@type\":\"Organization\",\"@id\":\"https:\/\/www.stcts.ch\/schulung\/#organization\",\"name\":\"Stucki & Co. Treuhand und Schulungen\",\"url\":\"https:\/\/www.stcts.ch\/schulung\/\",\"logo\":{\"@type\":\"ImageObject\",\"inLanguage\":\"de-CH\",\"@id\":\"https:\/\/www.stcts.ch\/schulung\/#\/schema\/logo\/image\/\",\"url\":\"\",\"contentUrl\":\"\",\"caption\":\"Stucki & Co. Treuhand und Schulungen\"},\"image\":{\"@id\":\"https:\/\/www.stcts.ch\/schulung\/#\/schema\/logo\/image\/\"}}]}<\/script>\n<!-- \/ Yoast SEO plugin. -->","yoast_head_json":{"title":"Betreuung f\u00fcr Firmen - Stucki &amp; Co. Treuhand und Schulungen","description":"Lehrlingsbetreuung, QV Vorbereitung direkt beim Lehrbetreib. Wir betreuen Ihre Lehrlinge f\u00fcr das QV direkt im Lehrbetreib.","robots":{"index":"index","follow":"follow","max-snippet":"max-snippet:-1","max-image-preview":"max-image-preview:large","max-video-preview":"max-video-preview:-1"},"canonical":"https:\/\/www.stcts.ch\/schulung\/firmenbetreuung\/","og_locale":"de_DE","og_type":"article","og_title":"Betreuung f\u00fcr Firmen - Stucki &amp; Co. Treuhand und Schulungen","og_description":"Lehrlingsbetreuung, QV Vorbereitung direkt beim Lehrbetreib. Wir betreuen Ihre Lehrlinge f\u00fcr das QV direkt im Lehrbetreib.","og_url":"https:\/\/www.stcts.ch\/schulung\/firmenbetreuung\/","og_site_name":"Stucki &amp; Co. Treuhand und Schulungen","article_modified_time":"2025-10-15T14:42:10+00:00","twitter_card":"summary_large_image","twitter_misc":{"Gesch\u00e4tzte Lesezeit":"2\u00a0Minuten"},"schema":{"@context":"https:\/\/schema.org","@graph":[{"@type":"WebPage","@id":"https:\/\/www.stcts.ch\/schulung\/firmenbetreuung\/","url":"https:\/\/www.stcts.ch\/schulung\/firmenbetreuung\/","name":"Betreuung f\u00fcr Firmen - Stucki &amp; Co. Treuhand und Schulungen","isPartOf":{"@id":"https:\/\/www.stcts.ch\/schulung\/#website"},"datePublished":"2018-08-28T12:45:30+00:00","dateModified":"2025-10-15T14:42:10+00:00","description":"Lehrlingsbetreuung, QV Vorbereitung direkt beim Lehrbetreib. Wir betreuen Ihre Lehrlinge f\u00fcr das QV direkt im Lehrbetreib.","breadcrumb":{"@id":"https:\/\/www.stcts.ch\/schulung\/firmenbetreuung\/#breadcrumb"},"inLanguage":"de-CH","potentialAction":[{"@type":"ReadAction","target":["https:\/\/www.stcts.ch\/schulung\/firmenbetreuung\/"]}]},{"@type":"BreadcrumbList","@id":"https:\/\/www.stcts.ch\/schulung\/firmenbetreuung\/#breadcrumb","itemListElement":[{"@type":"ListItem","position":1,"name":"Home","item":"https:\/\/www.stcts.ch\/schulung\/"},{"@type":"ListItem","position":2,"name":"Betreuung f\u00fcr Firmen"}]},{"@type":"WebSite","@id":"https:\/\/www.stcts.ch\/schulung\/#website","url":"https:\/\/www.stcts.ch\/schulung\/","name":"Stucki &amp; Co. Treuhand und Schulungen","description":"","publisher":{"@id":"https:\/\/www.stcts.ch\/schulung\/#organization"},"potentialAction":[{"@type":"SearchAction","target":{"@type":"EntryPoint","urlTemplate":"https:\/\/www.stcts.ch\/schulung\/?s={search_term_string}"},"query-input":{"@type":"PropertyValueSpecification","valueRequired":true,"valueName":"search_term_string"}}],"inLanguage":"de-CH"},{"@type":"Organization","@id":"https:\/\/www.stcts.ch\/schulung\/#organization","name":"Stucki & Co. Treuhand und Schulungen","url":"https:\/\/www.stcts.ch\/schulung\/","logo":{"@type":"ImageObject","inLanguage":"de-CH","@id":"https:\/\/www.stcts.ch\/schulung\/#\/schema\/logo\/image\/","url":"","contentUrl":"","caption":"Stucki & Co. Treuhand und Schulungen"},"image":{"@id":"https:\/\/www.stcts.ch\/schulung\/#\/schema\/logo\/image\/"}}]}},"_links":{"self":[{"href":"https:\/\/www.stcts.ch\/schulung\/wp-json\/wp\/v2\/pages\/172","targetHints":{"allow":["GET"]}}],"collection":[{"href":"https:\/\/www.stcts.ch\/schulung\/wp-json\/wp\/v2\/pages"}],"about":[{"href":"https:\/\/www.stcts.ch\/schulung\/wp-json\/wp\/v2\/types\/page"}],"author":[{"embeddable":true,"href":"https:\/\/www.stcts.ch\/schulung\/wp-json\/wp\/v2\/users\/1"}],"replies":[{"embeddable":true,"href":"https:\/\/www.stcts.ch\/schulung\/wp-json\/wp\/v2\/comments?post=172"}],"version-history":[{"count":28,"href":"https:\/\/www.stcts.ch\/schulung\/wp-json\/wp\/v2\/pages\/172\/revisions"}],"predecessor-version":[{"id":3114,"href":"https:\/\/www.stcts.ch\/schulung\/wp-json\/wp\/v2\/pages\/172\/revisions\/3114"}],"wp:attachment":[{"href":"https:\/\/www.stcts.ch\/schulung\/wp-json\/wp\/v2\/media?parent=172"}],"curies":[{"name":"wp","href":"https:\/\/api.w.org\/{rel}","templated":true}]}}