{"id":174,"date":"2018-08-28T12:53:46","date_gmt":"2018-08-28T12:53:46","guid":{"rendered":"http:\/\/wp2.stcts.ch\/?page_id=174"},"modified":"2025-10-23T16:07:06","modified_gmt":"2025-10-23T14:07:06","slug":"qv-vorbereitung-frw-m-profil","status":"publish","type":"page","link":"https:\/\/www.stcts.ch\/schulung\/qv-vorbereitung-frw-m-profil\/","title":{"rendered":"QV-Vorbereitungskurse im Finanz- und Rechnungswesen (M-Profil)"},"content":{"rendered":"<div id=\"bild\"><img decoding=\"async\" class=\"alignnone wp-image-1061 size-full lazyload\" data-src=\"https:\/\/wp9.stcts.ch\/wp-content\/uploads\/2022\/01\/3-e1641895553523.jpg\" alt=\"\" width=\"auto\" height=\"auto\" src=\"data:image\/svg+xml;base64,PHN2ZyB3aWR0aD0iMSIgaGVpZ2h0PSIxIiB4bWxucz0iaHR0cDovL3d3dy53My5vcmcvMjAwMC9zdmciPjwvc3ZnPg==\" \/><\/div>\n<h2 id=\"ueber\" class=\"style\">QV-Vorbereitungskurse im Finanz- und Rechnungswesen (M-Profil)<\/h2>\n<p>\nUnsere massgeschneiderten QV-Vorbereitungskurse bieten dir die perfekte Gelegenheit, dein Wissen aus den vergangenen Lehrjahren aufzufrischen und dich bestens auf das kommende Jahr vorzubereiten. Mit einem klaren Fokus auf <strong>Finanz- und Rechnungswesen<\/strong> (FRW) sorgen wir daf\u00fcr, dass du bestens ger\u00fcstet bist. Dank eines pers\u00f6nlichen Logins kannst du die Lerneinheiten flexibel und jederzeit in deinem eigenen Tempo und an deinem bevorzugten Ort absolvieren. Zus\u00e4tzlich stehen feste Termine zur Verf\u00fcgung, bei denen du direkt alle offenen Fragen kl\u00e4ren und Unklarheiten mit unseren Experten aus dem Weg r\u00e4umen kannst.\n<\/p>\n<p>\n<strong>Zielgruppe:<\/strong><br \/>\nDieses Angebot richtet sich an Auszubildende zur Kauffrau oder zum Kaufmann im M-Profil, die im Sommer 2026 die Lehrabschlusspr\u00fcfung absolvieren.\n<\/p>\n<p>\n<strong>Kursstruktur:<\/strong><\/p>\n<ul>\n<li><b>Dauer:<\/b> Zugang zu den Lerneinheiten ab dem 1. Februar 2026 \/ ab April bis Ende Mai 2025 jeweils am Donnerstag, von 17:30 bis 19.00 Uhr Kl\u00e4rung der offenen Fragen (genaue Daten siehe unter Termine)<\/li>\n<li><b>Teilnahme:<\/b> Live online per Zoom<\/li>\n<li><b>Kosten:<\/b> CHF 249.00\/Monat pro Person (inkl. Lehrmaterialien)<\/li>\n<li><b>Zahlungskonditionen:<\/b> monatlich verteilt auf zwei Rechnungen<\/li>\n<\/ul>\n<p>Weitere Informationen erhalten Sie nach der Anmeldung per Mail zugestellt.\n<\/p>\n<p><b>Mehrwert f\u00fcr Teilnehmende:<\/b><br \/>\nTeilnehmende, die sich f\u00fcr einen unserer Kurse entscheiden, erhalten auch ausserhalb des Unterrichts Unterst\u00fctzung \u2013 insbesondere bei Fragen zu Pr\u00fcfungen oder anderen relevanten Themen. Dieser Support gilt bis zum Qualifikationsverfahren, ist im Kurspreis inbegriffen und wird von den Lernenden sehr gesch\u00e4tzt.\n<\/p>\n<p><b>Warum teilnehmen?<\/b><\/p>\n<ul>\n<li><strong>Wissen vertiefen:<\/strong> Wiederhole bereits behandelte Themen, um dich vor der Pr\u00fcfungsphase nicht unn\u00f6tig Stress auszusetzen.<\/li>\n<li><strong>Erfolgsfaktor:<\/strong>Der erfolgreiche Abschluss dieses Kurses wird massgeblich zum Erfolg in der Ausbildung beitragen.<\/li>\n<\/ul>\n<p>\nHaben wir dein Interesse geweckt? Z\u00f6gere nicht, uns zu kontaktieren. Wir freuen uns darauf, dich in einem unserer Kurse begr\u00fcssen zu d\u00fcrfen.\n<\/p>\n<p class=\"button-style\"><a href=\"https:\/\/www.stcts.ch\/schulung\/kursanmeldung\/\">Anmelden<\/a><\/p>\n<p>&nbsp;<\/p>\n<h3>Termine:<\/h3>\n<div id=\"footable_parent_3106\"\n         class=\" footable_parent ninja_table_wrapper loading_ninja_table wp_table_data_press_parent semantic_ui \">\n                        <div\n                class=\"table_description footable_description\"><\/div>\n                    <table data-ninja_table_instance=\"ninja_table_instance_0\" data-footable_id=\"3106\" data-filter-delay=\"1000\" aria-label=\"QV-Vorbereitungskurse im Finanz- und Rechnungswesen (M-Profil)\"            id=\"footable_3106\"\n           data-unique_identifier=\"ninja_table_unique_id_3059739769_3106\"\n           class=\" foo-table ninja_footable foo_table_3106 ninja_table_unique_id_3059739769_3106 ui table  ninja_search_right nt_type_ajax_table selectable celled striped compact vertical_centered  footable-paging-right ninja_table_search_disabled\">\n                <colgroup>\n                            <col class=\"ninja_column_0 \">\n                            <col class=\"ninja_column_1 \">\n                            <col class=\"ninja_column_2 \">\n                            <col class=\"ninja_column_3 \">\n                    <\/colgroup>\n            <\/table>\n    \n    \n    \n<\/div>\n\n<div class=\"btc\">\n*m\u00f6chten Sie mit der Kryptow\u00e4hrung Bitcoin (BTC) bezahlen? <a id=\"k1\" href=\"https:\/\/www.stcts.ch\/schulung\/kontakt\/\">Kontaktieren<\/a> Sie uns.\n<\/div>\n","protected":false},"excerpt":{"rendered":"<p>QV-Vorbereitungskurse im Finanz- und Rechnungswesen (M-Profil) Unsere massgeschneiderten QV-Vorbereitungskurse bieten dir die perfekte Gelegenheit, dein Wi<\/p>\n","protected":false},"author":1,"featured_media":0,"parent":0,"menu_order":3,"comment_status":"closed","ping_status":"closed","template":"fullwidth.php","meta":{"footnotes":""},"class_list":["post-174","page","type-page","status-publish","hentry"],"yoast_head":"<!-- This site is optimized with the Yoast SEO plugin v27.5 - https:\/\/yoast.com\/product\/yoast-seo-wordpress\/ -->\n<title>QV-Vorbereitungskurse im Finanz- und Rechnungswesen (M-Profil) - Stucki &amp; Co. Treuhand und Schulungen<\/title>\n<meta name=\"description\" content=\"QV Vorbereitung Finanz- und Rechnungswesen nach BiVo 2023 (FRW) f\u00fcr das KV. In diesem QV Kurs FRW wird der Schwerpunkt auf das Rechnungswesen gelegt.\" \/>\n<meta name=\"robots\" content=\"index, follow, max-snippet:-1, max-image-preview:large, max-video-preview:-1\" \/>\n<link rel=\"canonical\" href=\"https:\/\/www.stcts.ch\/schulung\/qv-vorbereitung-frw-m-profil\/\" \/>\n<meta property=\"og:locale\" content=\"de_DE\" \/>\n<meta property=\"og:type\" content=\"article\" \/>\n<meta property=\"og:title\" content=\"QV-Vorbereitungskurse im Finanz- und Rechnungswesen (M-Profil) - Stucki &amp; Co. Treuhand und Schulungen\" \/>\n<meta property=\"og:description\" content=\"QV Vorbereitung Finanz- und Rechnungswesen nach BiVo 2023 (FRW) f\u00fcr das KV. In diesem QV Kurs FRW wird der Schwerpunkt auf das Rechnungswesen gelegt.\" \/>\n<meta property=\"og:url\" content=\"https:\/\/www.stcts.ch\/schulung\/qv-vorbereitung-frw-m-profil\/\" \/>\n<meta property=\"og:site_name\" content=\"Stucki &amp; Co. Treuhand und Schulungen\" \/>\n<meta property=\"article:modified_time\" content=\"2025-10-23T14:07:06+00:00\" \/>\n<meta name=\"twitter:card\" content=\"summary_large_image\" \/>\n<meta name=\"twitter:label1\" content=\"Gesch\u00e4tzte Lesezeit\" \/>\n\t<meta name=\"twitter:data1\" content=\"2\u00a0Minuten\" \/>\n<script type=\"application\/ld+json\" class=\"yoast-schema-graph\">{\"@context\":\"https:\\\/\\\/schema.org\",\"@graph\":[{\"@type\":\"WebPage\",\"@id\":\"https:\\\/\\\/www.stcts.ch\\\/schulung\\\/qv-vorbereitung-frw-m-profil\\\/\",\"url\":\"https:\\\/\\\/www.stcts.ch\\\/schulung\\\/qv-vorbereitung-frw-m-profil\\\/\",\"name\":\"QV-Vorbereitungskurse im Finanz- und Rechnungswesen (M-Profil) - Stucki &amp; Co. Treuhand und Schulungen\",\"isPartOf\":{\"@id\":\"https:\\\/\\\/www.stcts.ch\\\/schulung\\\/#website\"},\"primaryImageOfPage\":{\"@id\":\"https:\\\/\\\/www.stcts.ch\\\/schulung\\\/qv-vorbereitung-frw-m-profil\\\/#primaryimage\"},\"image\":{\"@id\":\"https:\\\/\\\/www.stcts.ch\\\/schulung\\\/qv-vorbereitung-frw-m-profil\\\/#primaryimage\"},\"thumbnailUrl\":\"https:\\\/\\\/wp9.stcts.ch\\\/wp-content\\\/uploads\\\/2022\\\/01\\\/3-e1641895553523.jpg\",\"datePublished\":\"2018-08-28T12:53:46+00:00\",\"dateModified\":\"2025-10-23T14:07:06+00:00\",\"description\":\"QV Vorbereitung Finanz- und Rechnungswesen nach BiVo 2023 (FRW) f\u00fcr das KV. In diesem QV Kurs FRW wird der Schwerpunkt auf das Rechnungswesen gelegt.\",\"breadcrumb\":{\"@id\":\"https:\\\/\\\/www.stcts.ch\\\/schulung\\\/qv-vorbereitung-frw-m-profil\\\/#breadcrumb\"},\"inLanguage\":\"de-CH\",\"potentialAction\":[{\"@type\":\"ReadAction\",\"target\":[\"https:\\\/\\\/www.stcts.ch\\\/schulung\\\/qv-vorbereitung-frw-m-profil\\\/\"]}]},{\"@type\":\"ImageObject\",\"inLanguage\":\"de-CH\",\"@id\":\"https:\\\/\\\/www.stcts.ch\\\/schulung\\\/qv-vorbereitung-frw-m-profil\\\/#primaryimage\",\"url\":\"https:\\\/\\\/wp9.stcts.ch\\\/wp-content\\\/uploads\\\/2022\\\/01\\\/3-e1641895553523.jpg\",\"contentUrl\":\"https:\\\/\\\/wp9.stcts.ch\\\/wp-content\\\/uploads\\\/2022\\\/01\\\/3-e1641895553523.jpg\"},{\"@type\":\"BreadcrumbList\",\"@id\":\"https:\\\/\\\/www.stcts.ch\\\/schulung\\\/qv-vorbereitung-frw-m-profil\\\/#breadcrumb\",\"itemListElement\":[{\"@type\":\"ListItem\",\"position\":1,\"name\":\"Home\",\"item\":\"https:\\\/\\\/www.stcts.ch\\\/schulung\\\/\"},{\"@type\":\"ListItem\",\"position\":2,\"name\":\"QV-Vorbereitungskurse im Finanz- und Rechnungswesen (M-Profil)\"}]},{\"@type\":\"WebSite\",\"@id\":\"https:\\\/\\\/www.stcts.ch\\\/schulung\\\/#website\",\"url\":\"https:\\\/\\\/www.stcts.ch\\\/schulung\\\/\",\"name\":\"Stucki &amp; Co. Treuhand und Schulungen\",\"description\":\"\",\"publisher\":{\"@id\":\"https:\\\/\\\/www.stcts.ch\\\/schulung\\\/#organization\"},\"potentialAction\":[{\"@type\":\"SearchAction\",\"target\":{\"@type\":\"EntryPoint\",\"urlTemplate\":\"https:\\\/\\\/www.stcts.ch\\\/schulung\\\/?s={search_term_string}\"},\"query-input\":{\"@type\":\"PropertyValueSpecification\",\"valueRequired\":true,\"valueName\":\"search_term_string\"}}],\"inLanguage\":\"de-CH\"},{\"@type\":\"Organization\",\"@id\":\"https:\\\/\\\/www.stcts.ch\\\/schulung\\\/#organization\",\"name\":\"Stucki & Co. Treuhand und Schulungen\",\"url\":\"https:\\\/\\\/www.stcts.ch\\\/schulung\\\/\",\"logo\":{\"@type\":\"ImageObject\",\"inLanguage\":\"de-CH\",\"@id\":\"https:\\\/\\\/www.stcts.ch\\\/schulung\\\/#\\\/schema\\\/logo\\\/image\\\/\",\"url\":\"\",\"contentUrl\":\"\",\"caption\":\"Stucki & Co. Treuhand und Schulungen\"},\"image\":{\"@id\":\"https:\\\/\\\/www.stcts.ch\\\/schulung\\\/#\\\/schema\\\/logo\\\/image\\\/\"}}]}<\/script>\n<!-- \/ Yoast SEO plugin. -->","yoast_head_json":{"title":"QV-Vorbereitungskurse im Finanz- und Rechnungswesen (M-Profil) - Stucki &amp; Co. Treuhand und Schulungen","description":"QV Vorbereitung Finanz- und Rechnungswesen nach BiVo 2023 (FRW) f\u00fcr das KV. In diesem QV Kurs FRW wird der Schwerpunkt auf das Rechnungswesen gelegt.","robots":{"index":"index","follow":"follow","max-snippet":"max-snippet:-1","max-image-preview":"max-image-preview:large","max-video-preview":"max-video-preview:-1"},"canonical":"https:\/\/www.stcts.ch\/schulung\/qv-vorbereitung-frw-m-profil\/","og_locale":"de_DE","og_type":"article","og_title":"QV-Vorbereitungskurse im Finanz- und Rechnungswesen (M-Profil) - Stucki &amp; Co. Treuhand und Schulungen","og_description":"QV Vorbereitung Finanz- und Rechnungswesen nach BiVo 2023 (FRW) f\u00fcr das KV. In diesem QV Kurs FRW wird der Schwerpunkt auf das Rechnungswesen gelegt.","og_url":"https:\/\/www.stcts.ch\/schulung\/qv-vorbereitung-frw-m-profil\/","og_site_name":"Stucki &amp; Co. Treuhand und Schulungen","article_modified_time":"2025-10-23T14:07:06+00:00","twitter_card":"summary_large_image","twitter_misc":{"Gesch\u00e4tzte Lesezeit":"2\u00a0Minuten"},"schema":{"@context":"https:\/\/schema.org","@graph":[{"@type":"WebPage","@id":"https:\/\/www.stcts.ch\/schulung\/qv-vorbereitung-frw-m-profil\/","url":"https:\/\/www.stcts.ch\/schulung\/qv-vorbereitung-frw-m-profil\/","name":"QV-Vorbereitungskurse im Finanz- und Rechnungswesen (M-Profil) - Stucki &amp; Co. Treuhand und Schulungen","isPartOf":{"@id":"https:\/\/www.stcts.ch\/schulung\/#website"},"primaryImageOfPage":{"@id":"https:\/\/www.stcts.ch\/schulung\/qv-vorbereitung-frw-m-profil\/#primaryimage"},"image":{"@id":"https:\/\/www.stcts.ch\/schulung\/qv-vorbereitung-frw-m-profil\/#primaryimage"},"thumbnailUrl":"https:\/\/wp9.stcts.ch\/wp-content\/uploads\/2022\/01\/3-e1641895553523.jpg","datePublished":"2018-08-28T12:53:46+00:00","dateModified":"2025-10-23T14:07:06+00:00","description":"QV Vorbereitung Finanz- und Rechnungswesen nach BiVo 2023 (FRW) f\u00fcr das KV. In diesem QV Kurs FRW wird der Schwerpunkt auf das Rechnungswesen gelegt.","breadcrumb":{"@id":"https:\/\/www.stcts.ch\/schulung\/qv-vorbereitung-frw-m-profil\/#breadcrumb"},"inLanguage":"de-CH","potentialAction":[{"@type":"ReadAction","target":["https:\/\/www.stcts.ch\/schulung\/qv-vorbereitung-frw-m-profil\/"]}]},{"@type":"ImageObject","inLanguage":"de-CH","@id":"https:\/\/www.stcts.ch\/schulung\/qv-vorbereitung-frw-m-profil\/#primaryimage","url":"https:\/\/wp9.stcts.ch\/wp-content\/uploads\/2022\/01\/3-e1641895553523.jpg","contentUrl":"https:\/\/wp9.stcts.ch\/wp-content\/uploads\/2022\/01\/3-e1641895553523.jpg"},{"@type":"BreadcrumbList","@id":"https:\/\/www.stcts.ch\/schulung\/qv-vorbereitung-frw-m-profil\/#breadcrumb","itemListElement":[{"@type":"ListItem","position":1,"name":"Home","item":"https:\/\/www.stcts.ch\/schulung\/"},{"@type":"ListItem","position":2,"name":"QV-Vorbereitungskurse im Finanz- und Rechnungswesen (M-Profil)"}]},{"@type":"WebSite","@id":"https:\/\/www.stcts.ch\/schulung\/#website","url":"https:\/\/www.stcts.ch\/schulung\/","name":"Stucki &amp; Co. Treuhand und Schulungen","description":"","publisher":{"@id":"https:\/\/www.stcts.ch\/schulung\/#organization"},"potentialAction":[{"@type":"SearchAction","target":{"@type":"EntryPoint","urlTemplate":"https:\/\/www.stcts.ch\/schulung\/?s={search_term_string}"},"query-input":{"@type":"PropertyValueSpecification","valueRequired":true,"valueName":"search_term_string"}}],"inLanguage":"de-CH"},{"@type":"Organization","@id":"https:\/\/www.stcts.ch\/schulung\/#organization","name":"Stucki & Co. Treuhand und Schulungen","url":"https:\/\/www.stcts.ch\/schulung\/","logo":{"@type":"ImageObject","inLanguage":"de-CH","@id":"https:\/\/www.stcts.ch\/schulung\/#\/schema\/logo\/image\/","url":"","contentUrl":"","caption":"Stucki & Co. Treuhand und Schulungen"},"image":{"@id":"https:\/\/www.stcts.ch\/schulung\/#\/schema\/logo\/image\/"}}]}},"_links":{"self":[{"href":"https:\/\/www.stcts.ch\/schulung\/wp-json\/wp\/v2\/pages\/174","targetHints":{"allow":["GET"]}}],"collection":[{"href":"https:\/\/www.stcts.ch\/schulung\/wp-json\/wp\/v2\/pages"}],"about":[{"href":"https:\/\/www.stcts.ch\/schulung\/wp-json\/wp\/v2\/types\/page"}],"author":[{"embeddable":true,"href":"https:\/\/www.stcts.ch\/schulung\/wp-json\/wp\/v2\/users\/1"}],"replies":[{"embeddable":true,"href":"https:\/\/www.stcts.ch\/schulung\/wp-json\/wp\/v2\/comments?post=174"}],"version-history":[{"count":118,"href":"https:\/\/www.stcts.ch\/schulung\/wp-json\/wp\/v2\/pages\/174\/revisions"}],"predecessor-version":[{"id":3126,"href":"https:\/\/www.stcts.ch\/schulung\/wp-json\/wp\/v2\/pages\/174\/revisions\/3126"}],"wp:attachment":[{"href":"https:\/\/www.stcts.ch\/schulung\/wp-json\/wp\/v2\/media?parent=174"}],"curies":[{"name":"wp","href":"https:\/\/api.w.org\/{rel}","templated":true}]}}