{"id":1948,"date":"2020-09-09T17:03:20","date_gmt":"2020-09-09T15:03:20","guid":{"rendered":"https:\/\/www.stcts.ch\/schulung\/?page_id=1948"},"modified":"2025-10-23T17:14:09","modified_gmt":"2025-10-23T15:14:09","slug":"agb","status":"publish","type":"page","link":"https:\/\/www.stcts.ch\/schulung\/agb\/","title":{"rendered":"Allgemeine Gesch\u00e4ftsbedingungen"},"content":{"rendered":"<h3>Vertragsabschluss<\/h3>\n<p>Durch das Ausf\u00fcllen und Absenden des Anmeldeformulars kommt der Vertrag rechtsg\u00fcltig zustande. Mittels der Anmeldung best\u00e4tigt der Vertragspartner\/die Vertragspartnerin ausserdem, dass dieser\/diese die vorliegenden allgemeinen Gesch\u00e4ftsbedingungen zur Kenntnis genommen hat und damit einverstanden ist. Wer vor dem offiziellen Ende eines Kurses austritt, dem werden Annullierungskosten (Umtriebsentsch\u00e4digung) im Gesamtbetrag von CHF 100.00 belastet.<\/p>\n<h3>Kosten<\/h3>\n<p>Die Kursgeb\u00fchren sind im Voraus f\u00e4llig, d.h. sp\u00e4testens bis zum Beginn des jeweiligen Kurses. Bei monatlich wiederkehrenden Geb\u00fchren sind diese bis zum ersten Tag des jeweiligen Monats zu begleichen (z.B. Kursgeb\u00fchr f\u00fcr September zahlbar bis zum 01.09.). F\u00fcr Papierrechnungen, die per A-Post versendet werden, wird eine Geb\u00fchr von CHF 2.90 pro Rechnung erhoben, w\u00e4hrend E-Mail-Rechnungen kostenfrei sind. Falls das Lehrmittel noch nicht vorhanden ist, geht dessen Anschaffung zulasten des Kursteilnehmers bzw. der Kursteilnehmerin.<br \/>\nIm Falle eines Zahlungsverzugs behalten wir uns vor, Mahngeb\u00fchren, allf\u00e4llige Bearbeitungskosten sowie gesetzliche Verzugszinsen zu erheben.<\/p>\n<h3>Durchf\u00fchrung<\/h3>\n<p>Die Kursdurchf\u00fchrung ist von der Anzahl Anmeldungen abh\u00e4ngig. Detailinformationen inkl. Rechnung werden mittels unserer offiziellen Kursbest\u00e4tigung versendet. Die erw\u00e4hnten Kurskosten sind durch die Anmeldung, unabh\u00e4ngig von der Teilnahme, jedoch abh\u00e4ngig von der Kursdurchf\u00fchrung, geschuldet. Die Kursdaten k\u00f6nnen je nach Verf\u00fcgbarkeit der Schulzimmer allenfalls noch abweichen. Die definitiven Daten werden zusammen mit der Anmeldebest\u00e4tigung mitgeteilt.<\/p>\n<h3>Online Kurse<\/h3>\n<p>Bei den jeweiligen Modulen handelt es sich um Einzellizenzen. Jegliche Weitergabe an Dritte oder Mitaufzeichnung ist untersagt und wird bei Missachtung rechtlich verfolgt.<\/p>\n<h3>Versicherungsdeckung<\/h3>\n<p>S\u00e4mtliche Versicherungen sind Sache des Kursteilnehmers\/der Kursteilnehmerin.<\/p>\n<h3>Datenschutz<\/h3>\n<p>Die f\u00fcr die Kursadministration notwendigen Daten werden vertraulich behandelt und nicht an Dritte weitergegeben.<\/p>\n<h3>Gerichtsstand<\/h3>\n<p>Der Gerichtsstand ist Bern.<\/p>\n","protected":false},"excerpt":{"rendered":"<p>Vertragsabschluss Durch das Ausf\u00fcllen und Absenden des Anmeldeformulars kommt der Vertrag rechtsg\u00fcltig zustande. Mittels der Anmeldung best\u00e4tigt der Ver<\/p>\n","protected":false},"author":1,"featured_media":0,"parent":0,"menu_order":0,"comment_status":"closed","ping_status":"closed","template":"fullwidth.php","meta":{"footnotes":""},"class_list":["post-1948","page","type-page","status-publish","hentry"],"yoast_head":"<!-- This site is optimized with the Yoast SEO plugin v27.2 - https:\/\/yoast.com\/product\/yoast-seo-wordpress\/ -->\n<title>Allgemeine Gesch\u00e4ftsbedingungen - Stucki &amp; Co. Treuhand und Schulungen<\/title>\n<meta name=\"description\" content=\"Allgemeine Gesch\u00e4ftsbedingungen Stucki &amp; Co. Bereich Schulungen f\u00fcr die Kurse\" \/>\n<meta name=\"robots\" content=\"index, follow, max-snippet:-1, max-image-preview:large, max-video-preview:-1\" \/>\n<link rel=\"canonical\" href=\"https:\/\/www.stcts.ch\/schulung\/agb\/\" \/>\n<meta property=\"og:locale\" content=\"de_DE\" \/>\n<meta property=\"og:type\" content=\"article\" \/>\n<meta property=\"og:title\" content=\"Allgemeine Gesch\u00e4ftsbedingungen - Stucki &amp; Co. Treuhand und Schulungen\" \/>\n<meta property=\"og:description\" content=\"Allgemeine Gesch\u00e4ftsbedingungen Stucki &amp; Co. Bereich Schulungen f\u00fcr die Kurse\" \/>\n<meta property=\"og:url\" content=\"https:\/\/www.stcts.ch\/schulung\/agb\/\" \/>\n<meta property=\"og:site_name\" content=\"Stucki &amp; Co. Treuhand und Schulungen\" \/>\n<meta property=\"article:modified_time\" content=\"2025-10-23T15:14:09+00:00\" \/>\n<meta name=\"twitter:card\" content=\"summary_large_image\" \/>\n<meta name=\"twitter:label1\" content=\"Gesch\u00e4tzte Lesezeit\" \/>\n\t<meta name=\"twitter:data1\" content=\"2\u00a0Minuten\" \/>\n<script type=\"application\/ld+json\" class=\"yoast-schema-graph\">{\"@context\":\"https:\/\/schema.org\",\"@graph\":[{\"@type\":\"WebPage\",\"@id\":\"https:\/\/www.stcts.ch\/schulung\/agb\/\",\"url\":\"https:\/\/www.stcts.ch\/schulung\/agb\/\",\"name\":\"Allgemeine Gesch\u00e4ftsbedingungen - Stucki &amp; Co. Treuhand und Schulungen\",\"isPartOf\":{\"@id\":\"https:\/\/www.stcts.ch\/schulung\/#website\"},\"datePublished\":\"2020-09-09T15:03:20+00:00\",\"dateModified\":\"2025-10-23T15:14:09+00:00\",\"description\":\"Allgemeine Gesch\u00e4ftsbedingungen Stucki & Co. Bereich Schulungen f\u00fcr die Kurse\",\"breadcrumb\":{\"@id\":\"https:\/\/www.stcts.ch\/schulung\/agb\/#breadcrumb\"},\"inLanguage\":\"de-CH\",\"potentialAction\":[{\"@type\":\"ReadAction\",\"target\":[\"https:\/\/www.stcts.ch\/schulung\/agb\/\"]}]},{\"@type\":\"BreadcrumbList\",\"@id\":\"https:\/\/www.stcts.ch\/schulung\/agb\/#breadcrumb\",\"itemListElement\":[{\"@type\":\"ListItem\",\"position\":1,\"name\":\"Home\",\"item\":\"https:\/\/www.stcts.ch\/schulung\/\"},{\"@type\":\"ListItem\",\"position\":2,\"name\":\"Allgemeine Gesch\u00e4ftsbedingungen\"}]},{\"@type\":\"WebSite\",\"@id\":\"https:\/\/www.stcts.ch\/schulung\/#website\",\"url\":\"https:\/\/www.stcts.ch\/schulung\/\",\"name\":\"Stucki &amp; Co. Treuhand und Schulungen\",\"description\":\"\",\"publisher\":{\"@id\":\"https:\/\/www.stcts.ch\/schulung\/#organization\"},\"potentialAction\":[{\"@type\":\"SearchAction\",\"target\":{\"@type\":\"EntryPoint\",\"urlTemplate\":\"https:\/\/www.stcts.ch\/schulung\/?s={search_term_string}\"},\"query-input\":{\"@type\":\"PropertyValueSpecification\",\"valueRequired\":true,\"valueName\":\"search_term_string\"}}],\"inLanguage\":\"de-CH\"},{\"@type\":\"Organization\",\"@id\":\"https:\/\/www.stcts.ch\/schulung\/#organization\",\"name\":\"Stucki & Co. Treuhand und Schulungen\",\"url\":\"https:\/\/www.stcts.ch\/schulung\/\",\"logo\":{\"@type\":\"ImageObject\",\"inLanguage\":\"de-CH\",\"@id\":\"https:\/\/www.stcts.ch\/schulung\/#\/schema\/logo\/image\/\",\"url\":\"\",\"contentUrl\":\"\",\"caption\":\"Stucki & Co. Treuhand und Schulungen\"},\"image\":{\"@id\":\"https:\/\/www.stcts.ch\/schulung\/#\/schema\/logo\/image\/\"}}]}<\/script>\n<!-- \/ Yoast SEO plugin. -->","yoast_head_json":{"title":"Allgemeine Gesch\u00e4ftsbedingungen - Stucki &amp; Co. Treuhand und Schulungen","description":"Allgemeine Gesch\u00e4ftsbedingungen Stucki & Co. Bereich Schulungen f\u00fcr die Kurse","robots":{"index":"index","follow":"follow","max-snippet":"max-snippet:-1","max-image-preview":"max-image-preview:large","max-video-preview":"max-video-preview:-1"},"canonical":"https:\/\/www.stcts.ch\/schulung\/agb\/","og_locale":"de_DE","og_type":"article","og_title":"Allgemeine Gesch\u00e4ftsbedingungen - Stucki &amp; Co. Treuhand und Schulungen","og_description":"Allgemeine Gesch\u00e4ftsbedingungen Stucki & Co. Bereich Schulungen f\u00fcr die Kurse","og_url":"https:\/\/www.stcts.ch\/schulung\/agb\/","og_site_name":"Stucki &amp; Co. Treuhand und Schulungen","article_modified_time":"2025-10-23T15:14:09+00:00","twitter_card":"summary_large_image","twitter_misc":{"Gesch\u00e4tzte Lesezeit":"2\u00a0Minuten"},"schema":{"@context":"https:\/\/schema.org","@graph":[{"@type":"WebPage","@id":"https:\/\/www.stcts.ch\/schulung\/agb\/","url":"https:\/\/www.stcts.ch\/schulung\/agb\/","name":"Allgemeine Gesch\u00e4ftsbedingungen - Stucki &amp; Co. Treuhand und Schulungen","isPartOf":{"@id":"https:\/\/www.stcts.ch\/schulung\/#website"},"datePublished":"2020-09-09T15:03:20+00:00","dateModified":"2025-10-23T15:14:09+00:00","description":"Allgemeine Gesch\u00e4ftsbedingungen Stucki & Co. Bereich Schulungen f\u00fcr die Kurse","breadcrumb":{"@id":"https:\/\/www.stcts.ch\/schulung\/agb\/#breadcrumb"},"inLanguage":"de-CH","potentialAction":[{"@type":"ReadAction","target":["https:\/\/www.stcts.ch\/schulung\/agb\/"]}]},{"@type":"BreadcrumbList","@id":"https:\/\/www.stcts.ch\/schulung\/agb\/#breadcrumb","itemListElement":[{"@type":"ListItem","position":1,"name":"Home","item":"https:\/\/www.stcts.ch\/schulung\/"},{"@type":"ListItem","position":2,"name":"Allgemeine Gesch\u00e4ftsbedingungen"}]},{"@type":"WebSite","@id":"https:\/\/www.stcts.ch\/schulung\/#website","url":"https:\/\/www.stcts.ch\/schulung\/","name":"Stucki &amp; Co. Treuhand und Schulungen","description":"","publisher":{"@id":"https:\/\/www.stcts.ch\/schulung\/#organization"},"potentialAction":[{"@type":"SearchAction","target":{"@type":"EntryPoint","urlTemplate":"https:\/\/www.stcts.ch\/schulung\/?s={search_term_string}"},"query-input":{"@type":"PropertyValueSpecification","valueRequired":true,"valueName":"search_term_string"}}],"inLanguage":"de-CH"},{"@type":"Organization","@id":"https:\/\/www.stcts.ch\/schulung\/#organization","name":"Stucki & Co. Treuhand und Schulungen","url":"https:\/\/www.stcts.ch\/schulung\/","logo":{"@type":"ImageObject","inLanguage":"de-CH","@id":"https:\/\/www.stcts.ch\/schulung\/#\/schema\/logo\/image\/","url":"","contentUrl":"","caption":"Stucki & Co. Treuhand und Schulungen"},"image":{"@id":"https:\/\/www.stcts.ch\/schulung\/#\/schema\/logo\/image\/"}}]}},"_links":{"self":[{"href":"https:\/\/www.stcts.ch\/schulung\/wp-json\/wp\/v2\/pages\/1948","targetHints":{"allow":["GET"]}}],"collection":[{"href":"https:\/\/www.stcts.ch\/schulung\/wp-json\/wp\/v2\/pages"}],"about":[{"href":"https:\/\/www.stcts.ch\/schulung\/wp-json\/wp\/v2\/types\/page"}],"author":[{"embeddable":true,"href":"https:\/\/www.stcts.ch\/schulung\/wp-json\/wp\/v2\/users\/1"}],"replies":[{"embeddable":true,"href":"https:\/\/www.stcts.ch\/schulung\/wp-json\/wp\/v2\/comments?post=1948"}],"version-history":[{"count":13,"href":"https:\/\/www.stcts.ch\/schulung\/wp-json\/wp\/v2\/pages\/1948\/revisions"}],"predecessor-version":[{"id":3162,"href":"https:\/\/www.stcts.ch\/schulung\/wp-json\/wp\/v2\/pages\/1948\/revisions\/3162"}],"wp:attachment":[{"href":"https:\/\/www.stcts.ch\/schulung\/wp-json\/wp\/v2\/media?parent=1948"}],"curies":[{"name":"wp","href":"https:\/\/api.w.org\/{rel}","templated":true}]}}