{"id":2873,"date":"2023-10-31T14:34:22","date_gmt":"2023-10-31T13:34:22","guid":{"rendered":"https:\/\/www.stcts.ch\/schulung\/?page_id=2873"},"modified":"2025-07-07T16:47:01","modified_gmt":"2025-07-07T14:47:01","slug":"dozent-lehrer","status":"publish","type":"page","link":"https:\/\/www.stcts.ch\/schulung\/dozent-lehrer\/","title":{"rendered":"Dozent\/in\/Lehrer\/in f\u00fcr Wirtschaftskurse"},"content":{"rendered":"<h2>Dozent\/in\/Lehrer\/in f\u00fcr div. QV-Vorbereitungskurse im Bereich Wirtschaft und Gesellschaft<\/p>\n<h2>\n<h3>Teilzeitbesch\u00e4ftigung, variabler Besch\u00e4ftigungsgrad (Einsatzzeit mehrheitlich abends)<\/h3>\n<p>\nWir suchen eine Person, die \u00fcber ein umfangreiches Wissen im Bereich Wirtschaft und Gesellschaft (Recht, Betriebswirtschaft, gesamtwirtschaftliche Zusammenh\u00e4nge, Buchhaltung) mitbringt. Vom Wirtschaftsstudent bis zum Revisionsexperten, bei uns ist jede\/jeder herzlich willkommen.\n<\/p>\n<p>\nIst dieses Fachgebiet Ihre Leidenschaft? Dann sollten wir uns unbedingt kennenlernen.\n<\/p>\n<p>\nSie werden aktuell in Bern, Olten und Luzern eingesetzt (Einzugsgebiet wird laufend erweitert). Die Schulungsr\u00e4ume befinden sich direkt am Bahnhof mit guten Parkm\u00f6glichkeiten. Die Anreise mit den \u00d6V ist ebenfalls problemlos m\u00f6glich.\n<\/p>\n<p>\nAnf\u00e4nglich werden Sie mit unserer aktuellen Dozentin zusammen die Kurse leiten und durch sie unterst\u00fctzt. Anschliessend werden Sie rasch diverse Kurse selbst durchf\u00fchren.\n<\/p>\n<h3>Ihre Aufgaben<\/h3>\n<ul>\n<li>Vorbereitung  der bevorstehenden Kurse<\/li>\n<li>Vermitteln von Theorie unterst\u00fctzt durch interessante Praxisbeispiele<\/li>\n<li>Durchf\u00fchrung der QV-Vorbereitungskurse im Bereich Wirtschaft und Gesellschaft (z.T. ausschliesslich mit Schwerpunkt Rechnungswesen)<\/li>\n<li>Individuelle Unterst\u00fctzung der Kursteilnehmenden<\/li>\n<\/ul>\n<h3>Ihre Passion \u2013 was wir von Ihnen erwarten<\/h3>\n<ul>\n<li>Leidenschaft  f\u00fcr die Materie \u2013 breites unvoreingenommenes Wissen in den Bereichen Wirtschaft und Gesellschaft<\/li>\n<li>F\u00e4higkeit, die Theorie hervorragend \u00fcbermitteln zu k\u00f6nnen (methodisch und didaktisch)<\/li>\n<li>Motivierendes Auftreten als Sympathietr\u00e4ger (empf\u00e4ngergerechtes Kommunizieren)<\/li>\n<li>Deutsch als Muttersprache, (Franz\u00f6sisch\/Italienisch von Vorteil, nicht zwingend)<\/li>\n<li>Stetige Lernbereitschaft sowie Flexibilit\u00e4t bez\u00fcglich Optimierung von Unterrichtsmethoden (inkl. Einsatz neuer Technologien)<\/li>\n<li>Bereitschaft, \u00fcberdurchschnittlich gute Leistungen zu erbringen Zuverl\u00e4ssigkeit in s\u00e4mtlichen Bereichen<\/li>\n<li>Begleitung der Auszubildenden zu einem erfolgreichen Abschluss<\/li>\n<\/ul>\n<h3>Was Sie von uns erwarten k\u00f6nnen<\/h3>\n<ul>\n<li>Sehr gute Verdienstm\u00f6glichkeiten<\/li>\n<li>Zukunftsperspektiven im Unternehmen (Job Enrichment, Job Enlargement, insbesondere auch f\u00fcr treuh\u00e4nderische T\u00e4tigkeiten)<\/li>\n<li>Kontinuierliche Weiterbildungen werden unterst\u00fctzt und gef\u00f6rdert Spannendes und abwechslungsreiches Aufgabengebiet<\/li>\n<li>Aufgestelltes Team<\/li>\n<\/ul>\n<h3>Unser Unternehmen<\/h3>\n<p>\nDie Gesellschaft Stucki &#038; Co. Treuhand und Schulungen ist ein Unternehmen, welches im Jahr 2015 gegr\u00fcndet wurde.\n<\/p>\n<p>\nUnser Kundenstamm profitiert von einem sehr hohen Qualit\u00e4tsstandard, egal ob im Bereich Treuhand oder Schulungen. Wir legen grossen Wert auf nachhaltige Kundenbeziehungen.\n<\/p>\n<p>\nUnser Angebot ist vielseitig und wird stetig erweitert. Verschaffen Sie sich einen \u00dcberblick unter <a id=\"k1\" href=\"https:\/\/www.stcts.ch\" target=\"_blank\" rel=\"noopener noreferrer\">www.stcts.ch<\/a>.\n<\/p>\n<p>\nDas Sprichwort \u201eder Kunde ist K\u00f6nig\u201c nehmen wir seit Anfang an wortw\u00f6rtlich.\n<\/p>\n<p>\nIhre Bewerbungsunterlagen k\u00f6nnen Sie elektronisch an folgende Adresse einreichen:\n<\/p>\n<p><a id=\"k1\" href=\"mailto:careers@stcts.ch\">careers@stcts.ch<\/a><\/p>\n<p>\nWeitere Ausk\u00fcnfte erteilt Ihnen gerne:\n<\/p>\n<p>\nNadine Stucki<br \/>\nMitinhaberin von Stucki &#038; Co. Treuhand und Schulungen<br \/>\n<a id=\"k1\" href=\"mailto:nadine.stucki@stcts.ch\">nadine.stucki@stcts.ch<\/a>\n<\/p>\n<p>\nSlim Gasmi<br \/>\nMitinhaber von Stucki &#038; Co. Treuhand und Schulungen<br \/>\n<a id=\"k1\" href=\"mailto:slim.gasmi@stcts.ch\">slim.gasmi@stcts.ch<\/a>\n<\/p>\n<p>\nWir freuen uns auf Ihre Bewerbung.<\/p>\n","protected":false},"excerpt":{"rendered":"<p>Dozent\/in\/Lehrer\/in f\u00fcr div. QV-Vorbereitungskurse im Bereich Wirtschaft und Gesellschaft Teilzeitbesch\u00e4ftigung, variabler Besch\u00e4ftigungsgrad (Einsatzze<\/p>\n","protected":false},"author":1,"featured_media":0,"parent":0,"menu_order":0,"comment_status":"closed","ping_status":"closed","template":"fullwidth.php","meta":{"footnotes":""},"class_list":["post-2873","page","type-page","status-publish","hentry"],"yoast_head":"<!-- This site is optimized with the Yoast SEO plugin v27.4 - https:\/\/yoast.com\/product\/yoast-seo-wordpress\/ -->\n<title>Dozent\/in\/Lehrer\/in f\u00fcr Wirtschaftskurse - Stucki &amp; Co. Treuhand und Schulungen<\/title>\n<meta name=\"robots\" content=\"index, follow, max-snippet:-1, max-image-preview:large, max-video-preview:-1\" \/>\n<link rel=\"canonical\" href=\"https:\/\/www.stcts.ch\/schulung\/dozent-lehrer\/\" \/>\n<meta property=\"og:locale\" content=\"de_DE\" \/>\n<meta property=\"og:type\" content=\"article\" \/>\n<meta property=\"og:title\" content=\"Dozent\/in\/Lehrer\/in f\u00fcr Wirtschaftskurse - Stucki &amp; Co. Treuhand und Schulungen\" \/>\n<meta property=\"og:description\" content=\"Dozent\/in\/Lehrer\/in f\u00fcr div. QV-Vorbereitungskurse im Bereich Wirtschaft und Gesellschaft Teilzeitbesch\u00e4ftigung, variabler Besch\u00e4ftigungsgrad (Einsatzze\" \/>\n<meta property=\"og:url\" content=\"https:\/\/www.stcts.ch\/schulung\/dozent-lehrer\/\" \/>\n<meta property=\"og:site_name\" content=\"Stucki &amp; Co. Treuhand und Schulungen\" \/>\n<meta property=\"article:modified_time\" content=\"2025-07-07T14:47:01+00:00\" \/>\n<meta name=\"twitter:card\" content=\"summary_large_image\" \/>\n<meta name=\"twitter:label1\" content=\"Gesch\u00e4tzte Lesezeit\" \/>\n\t<meta name=\"twitter:data1\" content=\"2\u00a0Minuten\" \/>\n<script type=\"application\/ld+json\" class=\"yoast-schema-graph\">{\"@context\":\"https:\\\/\\\/schema.org\",\"@graph\":[{\"@type\":\"WebPage\",\"@id\":\"https:\\\/\\\/www.stcts.ch\\\/schulung\\\/dozent-lehrer\\\/\",\"url\":\"https:\\\/\\\/www.stcts.ch\\\/schulung\\\/dozent-lehrer\\\/\",\"name\":\"Dozent\\\/in\\\/Lehrer\\\/in f\u00fcr Wirtschaftskurse - Stucki &amp; Co. Treuhand und Schulungen\",\"isPartOf\":{\"@id\":\"https:\\\/\\\/www.stcts.ch\\\/schulung\\\/#website\"},\"datePublished\":\"2023-10-31T13:34:22+00:00\",\"dateModified\":\"2025-07-07T14:47:01+00:00\",\"breadcrumb\":{\"@id\":\"https:\\\/\\\/www.stcts.ch\\\/schulung\\\/dozent-lehrer\\\/#breadcrumb\"},\"inLanguage\":\"de-CH\",\"potentialAction\":[{\"@type\":\"ReadAction\",\"target\":[\"https:\\\/\\\/www.stcts.ch\\\/schulung\\\/dozent-lehrer\\\/\"]}]},{\"@type\":\"BreadcrumbList\",\"@id\":\"https:\\\/\\\/www.stcts.ch\\\/schulung\\\/dozent-lehrer\\\/#breadcrumb\",\"itemListElement\":[{\"@type\":\"ListItem\",\"position\":1,\"name\":\"Home\",\"item\":\"https:\\\/\\\/www.stcts.ch\\\/schulung\\\/\"},{\"@type\":\"ListItem\",\"position\":2,\"name\":\"Dozent\\\/in\\\/Lehrer\\\/in f\u00fcr Wirtschaftskurse\"}]},{\"@type\":\"WebSite\",\"@id\":\"https:\\\/\\\/www.stcts.ch\\\/schulung\\\/#website\",\"url\":\"https:\\\/\\\/www.stcts.ch\\\/schulung\\\/\",\"name\":\"Stucki &amp; Co. Treuhand und Schulungen\",\"description\":\"\",\"publisher\":{\"@id\":\"https:\\\/\\\/www.stcts.ch\\\/schulung\\\/#organization\"},\"potentialAction\":[{\"@type\":\"SearchAction\",\"target\":{\"@type\":\"EntryPoint\",\"urlTemplate\":\"https:\\\/\\\/www.stcts.ch\\\/schulung\\\/?s={search_term_string}\"},\"query-input\":{\"@type\":\"PropertyValueSpecification\",\"valueRequired\":true,\"valueName\":\"search_term_string\"}}],\"inLanguage\":\"de-CH\"},{\"@type\":\"Organization\",\"@id\":\"https:\\\/\\\/www.stcts.ch\\\/schulung\\\/#organization\",\"name\":\"Stucki & Co. Treuhand und Schulungen\",\"url\":\"https:\\\/\\\/www.stcts.ch\\\/schulung\\\/\",\"logo\":{\"@type\":\"ImageObject\",\"inLanguage\":\"de-CH\",\"@id\":\"https:\\\/\\\/www.stcts.ch\\\/schulung\\\/#\\\/schema\\\/logo\\\/image\\\/\",\"url\":\"\",\"contentUrl\":\"\",\"caption\":\"Stucki & Co. Treuhand und Schulungen\"},\"image\":{\"@id\":\"https:\\\/\\\/www.stcts.ch\\\/schulung\\\/#\\\/schema\\\/logo\\\/image\\\/\"}}]}<\/script>\n<!-- \/ Yoast SEO plugin. -->","yoast_head_json":{"title":"Dozent\/in\/Lehrer\/in f\u00fcr Wirtschaftskurse - Stucki &amp; Co. Treuhand und Schulungen","robots":{"index":"index","follow":"follow","max-snippet":"max-snippet:-1","max-image-preview":"max-image-preview:large","max-video-preview":"max-video-preview:-1"},"canonical":"https:\/\/www.stcts.ch\/schulung\/dozent-lehrer\/","og_locale":"de_DE","og_type":"article","og_title":"Dozent\/in\/Lehrer\/in f\u00fcr Wirtschaftskurse - Stucki &amp; Co. Treuhand und Schulungen","og_description":"Dozent\/in\/Lehrer\/in f\u00fcr div. QV-Vorbereitungskurse im Bereich Wirtschaft und Gesellschaft Teilzeitbesch\u00e4ftigung, variabler Besch\u00e4ftigungsgrad (Einsatzze","og_url":"https:\/\/www.stcts.ch\/schulung\/dozent-lehrer\/","og_site_name":"Stucki &amp; Co. Treuhand und Schulungen","article_modified_time":"2025-07-07T14:47:01+00:00","twitter_card":"summary_large_image","twitter_misc":{"Gesch\u00e4tzte Lesezeit":"2\u00a0Minuten"},"schema":{"@context":"https:\/\/schema.org","@graph":[{"@type":"WebPage","@id":"https:\/\/www.stcts.ch\/schulung\/dozent-lehrer\/","url":"https:\/\/www.stcts.ch\/schulung\/dozent-lehrer\/","name":"Dozent\/in\/Lehrer\/in f\u00fcr Wirtschaftskurse - Stucki &amp; Co. Treuhand und Schulungen","isPartOf":{"@id":"https:\/\/www.stcts.ch\/schulung\/#website"},"datePublished":"2023-10-31T13:34:22+00:00","dateModified":"2025-07-07T14:47:01+00:00","breadcrumb":{"@id":"https:\/\/www.stcts.ch\/schulung\/dozent-lehrer\/#breadcrumb"},"inLanguage":"de-CH","potentialAction":[{"@type":"ReadAction","target":["https:\/\/www.stcts.ch\/schulung\/dozent-lehrer\/"]}]},{"@type":"BreadcrumbList","@id":"https:\/\/www.stcts.ch\/schulung\/dozent-lehrer\/#breadcrumb","itemListElement":[{"@type":"ListItem","position":1,"name":"Home","item":"https:\/\/www.stcts.ch\/schulung\/"},{"@type":"ListItem","position":2,"name":"Dozent\/in\/Lehrer\/in f\u00fcr Wirtschaftskurse"}]},{"@type":"WebSite","@id":"https:\/\/www.stcts.ch\/schulung\/#website","url":"https:\/\/www.stcts.ch\/schulung\/","name":"Stucki &amp; Co. Treuhand und Schulungen","description":"","publisher":{"@id":"https:\/\/www.stcts.ch\/schulung\/#organization"},"potentialAction":[{"@type":"SearchAction","target":{"@type":"EntryPoint","urlTemplate":"https:\/\/www.stcts.ch\/schulung\/?s={search_term_string}"},"query-input":{"@type":"PropertyValueSpecification","valueRequired":true,"valueName":"search_term_string"}}],"inLanguage":"de-CH"},{"@type":"Organization","@id":"https:\/\/www.stcts.ch\/schulung\/#organization","name":"Stucki & Co. Treuhand und Schulungen","url":"https:\/\/www.stcts.ch\/schulung\/","logo":{"@type":"ImageObject","inLanguage":"de-CH","@id":"https:\/\/www.stcts.ch\/schulung\/#\/schema\/logo\/image\/","url":"","contentUrl":"","caption":"Stucki & Co. Treuhand und Schulungen"},"image":{"@id":"https:\/\/www.stcts.ch\/schulung\/#\/schema\/logo\/image\/"}}]}},"_links":{"self":[{"href":"https:\/\/www.stcts.ch\/schulung\/wp-json\/wp\/v2\/pages\/2873","targetHints":{"allow":["GET"]}}],"collection":[{"href":"https:\/\/www.stcts.ch\/schulung\/wp-json\/wp\/v2\/pages"}],"about":[{"href":"https:\/\/www.stcts.ch\/schulung\/wp-json\/wp\/v2\/types\/page"}],"author":[{"embeddable":true,"href":"https:\/\/www.stcts.ch\/schulung\/wp-json\/wp\/v2\/users\/1"}],"replies":[{"embeddable":true,"href":"https:\/\/www.stcts.ch\/schulung\/wp-json\/wp\/v2\/comments?post=2873"}],"version-history":[{"count":13,"href":"https:\/\/www.stcts.ch\/schulung\/wp-json\/wp\/v2\/pages\/2873\/revisions"}],"predecessor-version":[{"id":3088,"href":"https:\/\/www.stcts.ch\/schulung\/wp-json\/wp\/v2\/pages\/2873\/revisions\/3088"}],"wp:attachment":[{"href":"https:\/\/www.stcts.ch\/schulung\/wp-json\/wp\/v2\/media?parent=2873"}],"curies":[{"name":"wp","href":"https:\/\/api.w.org\/{rel}","templated":true}]}}