{"id":62,"date":"2018-04-02T13:03:07","date_gmt":"2018-04-02T13:03:07","guid":{"rendered":"http:\/\/wp2.stcts.ch\/?page_id=62"},"modified":"2023-08-31T12:17:02","modified_gmt":"2023-08-31T10:17:02","slug":"nachhilfe","status":"publish","type":"page","link":"https:\/\/www.stcts.ch\/schulung\/nachhilfe\/","title":{"rendered":"Nachhilfe"},"content":{"rendered":"<h2 id=\"ueber\" class=\"style\">Nachhilfe im Einzel-\/Gruppenunterricht<\/h2>\n<p>\nFinanz- und Rechnungswesen, Betriebswirtschaft, Recht, Staatskunde oder Volkwirtschaft, all die F\u00e4cher bilden bei vielen Aus- und Weiterbildungen einen umfangreichen Bestandteil. Ein fundiertes Wissen und grundlegende Einsichten werden diesbez\u00fcglich vorausgesetzt. Sehr oft reicht der regul\u00e4re Unterricht an den Schulen nicht aus, um diese Materie nachhaltig vermittelt zu bekommen. Deshalb unterst\u00fctzen wir Sie gerne in dieser Angelegenheit und bieten deshalb nach Bedarf individuellen Unterricht an. Die Nachhilfe kann als Einzel- oder Gruppenunterricht in Anspruch genommen werden.\n<\/p>\n<h3>Stoffvermittlung in den Bereichen:<\/h3>\n<ul>\n<li>Finanzielles Rechnungswesen (alle Themen)<\/li>\n<li>Betriebliches Rechnungswesen (Normalkostenrechnung \/ Teilkostenrechnung \/ Kalkulationen etc.)<\/li>\n<li>Mittelflussrechnung<\/li>\n<li>Bilanz- und Erfolgsanalyse<\/li>\n<li>Investitionsrechnung<\/li>\n<li>Konsolidierung<\/li>\n<li>Planungsrechnung<\/li>\n<li>Recht (ZGB, OR, SCHKG, MWSTG und weitere)<\/li>\n<li>Betriebswirtschaftslehre<\/li>\n<li>weitere F\u00e4cher auf Anfrage<\/li>\n<\/ul>\n<p>\nDie Kosten f\u00fcr Nachhilfe im Einzelunterricht betragen ab CHF 79.00 pro Lektion; im Gruppenunterricht reduziert sich dieser Betrag im Verh\u00e4ltnis der Teilnehmenden (je mehr desto g\u00fcnstiger).<br \/>\nDer Unterricht findet in unseren R\u00e4umlichkeiten oder direkt beim Teilnehmer\/bei den Teilnehmenden statt (kostenlos im Raum Bern). Ebenfalls besteht die M\u00f6glichkeit, gemietete Schulungsr\u00e4ume zu benutzen (kostenpflichtig).\n<\/p>\n<p>\nBei Interesse oder f\u00fcr weitere Informationen z\u00f6gern Sie nicht, uns zu <a id=\"k1\" href=\"https:\/\/www.stcts.ch\/schulung\/kontakt\/\">kontaktieren<\/a>. Wir freuen uns darauf.\n<\/p>\n<div class=\"BTC\">\n*m\u00f6chten Sie mit der Kryptow\u00e4hrung Bitcoin (BTC) bezahlen? <a id=\"k1\" href=\"https:\/\/www.stcts.ch\/schulung\/kontakt\/\">Kontaktieren<\/a> Sie uns.\n<\/div>\n","protected":false},"excerpt":{"rendered":"<p>Nachhilfe im Einzel-\/Gruppenunterricht Finanz- und Rechnungswesen, Betriebswirtschaft, Recht, Staatskunde oder Volkwirtschaft, all die F\u00e4cher bilden bei v<\/p>\n","protected":false},"author":1,"featured_media":0,"parent":0,"menu_order":2,"comment_status":"closed","ping_status":"closed","template":"fullwidth.php","meta":{"footnotes":""},"class_list":["post-62","page","type-page","status-publish","hentry"],"yoast_head":"<!-- This site is optimized with the Yoast SEO plugin v27.2 - https:\/\/yoast.com\/product\/yoast-seo-wordpress\/ -->\n<title>Nachhilfe - Stucki &amp; Co. Treuhand und Schulungen<\/title>\n<meta name=\"description\" content=\"Nachhilfe Rechnungswesen. Nachhilfe Rechnungswesen Bern. Nachhilfe W&amp;G Bern. Nachhilfe Wirtschaft und Gesellschaft. Nachhilfe KV Bern.\" \/>\n<meta name=\"robots\" content=\"index, follow, max-snippet:-1, max-image-preview:large, max-video-preview:-1\" \/>\n<link rel=\"canonical\" href=\"https:\/\/www.stcts.ch\/schulung\/nachhilfe\/\" \/>\n<meta property=\"og:locale\" content=\"de_DE\" \/>\n<meta property=\"og:type\" content=\"article\" \/>\n<meta property=\"og:title\" content=\"Nachhilfe - Stucki &amp; Co. Treuhand und Schulungen\" \/>\n<meta property=\"og:description\" content=\"Nachhilfe Rechnungswesen. Nachhilfe Rechnungswesen Bern. Nachhilfe W&amp;G Bern. Nachhilfe Wirtschaft und Gesellschaft. Nachhilfe KV Bern.\" \/>\n<meta property=\"og:url\" content=\"https:\/\/www.stcts.ch\/schulung\/nachhilfe\/\" \/>\n<meta property=\"og:site_name\" content=\"Stucki &amp; Co. Treuhand und Schulungen\" \/>\n<meta property=\"article:modified_time\" content=\"2023-08-31T10:17:02+00:00\" \/>\n<meta name=\"twitter:card\" content=\"summary_large_image\" \/>\n<meta name=\"twitter:label1\" content=\"Gesch\u00e4tzte Lesezeit\" \/>\n\t<meta name=\"twitter:data1\" content=\"2\u00a0Minuten\" \/>\n<script type=\"application\/ld+json\" class=\"yoast-schema-graph\">{\"@context\":\"https:\/\/schema.org\",\"@graph\":[{\"@type\":\"WebPage\",\"@id\":\"https:\/\/www.stcts.ch\/schulung\/nachhilfe\/\",\"url\":\"https:\/\/www.stcts.ch\/schulung\/nachhilfe\/\",\"name\":\"Nachhilfe - Stucki &amp; Co. Treuhand und Schulungen\",\"isPartOf\":{\"@id\":\"https:\/\/www.stcts.ch\/schulung\/#website\"},\"datePublished\":\"2018-04-02T13:03:07+00:00\",\"dateModified\":\"2023-08-31T10:17:02+00:00\",\"description\":\"Nachhilfe Rechnungswesen. Nachhilfe Rechnungswesen Bern. Nachhilfe W&G Bern. Nachhilfe Wirtschaft und Gesellschaft. Nachhilfe KV Bern.\",\"breadcrumb\":{\"@id\":\"https:\/\/www.stcts.ch\/schulung\/nachhilfe\/#breadcrumb\"},\"inLanguage\":\"de-CH\",\"potentialAction\":[{\"@type\":\"ReadAction\",\"target\":[\"https:\/\/www.stcts.ch\/schulung\/nachhilfe\/\"]}]},{\"@type\":\"BreadcrumbList\",\"@id\":\"https:\/\/www.stcts.ch\/schulung\/nachhilfe\/#breadcrumb\",\"itemListElement\":[{\"@type\":\"ListItem\",\"position\":1,\"name\":\"Home\",\"item\":\"https:\/\/www.stcts.ch\/schulung\/\"},{\"@type\":\"ListItem\",\"position\":2,\"name\":\"Nachhilfe\"}]},{\"@type\":\"WebSite\",\"@id\":\"https:\/\/www.stcts.ch\/schulung\/#website\",\"url\":\"https:\/\/www.stcts.ch\/schulung\/\",\"name\":\"Stucki &amp; Co. Treuhand und Schulungen\",\"description\":\"\",\"publisher\":{\"@id\":\"https:\/\/www.stcts.ch\/schulung\/#organization\"},\"potentialAction\":[{\"@type\":\"SearchAction\",\"target\":{\"@type\":\"EntryPoint\",\"urlTemplate\":\"https:\/\/www.stcts.ch\/schulung\/?s={search_term_string}\"},\"query-input\":{\"@type\":\"PropertyValueSpecification\",\"valueRequired\":true,\"valueName\":\"search_term_string\"}}],\"inLanguage\":\"de-CH\"},{\"@type\":\"Organization\",\"@id\":\"https:\/\/www.stcts.ch\/schulung\/#organization\",\"name\":\"Stucki & Co. Treuhand und Schulungen\",\"url\":\"https:\/\/www.stcts.ch\/schulung\/\",\"logo\":{\"@type\":\"ImageObject\",\"inLanguage\":\"de-CH\",\"@id\":\"https:\/\/www.stcts.ch\/schulung\/#\/schema\/logo\/image\/\",\"url\":\"\",\"contentUrl\":\"\",\"caption\":\"Stucki & Co. Treuhand und Schulungen\"},\"image\":{\"@id\":\"https:\/\/www.stcts.ch\/schulung\/#\/schema\/logo\/image\/\"}}]}<\/script>\n<!-- \/ Yoast SEO plugin. -->","yoast_head_json":{"title":"Nachhilfe - Stucki &amp; Co. Treuhand und Schulungen","description":"Nachhilfe Rechnungswesen. Nachhilfe Rechnungswesen Bern. Nachhilfe W&G Bern. Nachhilfe Wirtschaft und Gesellschaft. Nachhilfe KV Bern.","robots":{"index":"index","follow":"follow","max-snippet":"max-snippet:-1","max-image-preview":"max-image-preview:large","max-video-preview":"max-video-preview:-1"},"canonical":"https:\/\/www.stcts.ch\/schulung\/nachhilfe\/","og_locale":"de_DE","og_type":"article","og_title":"Nachhilfe - Stucki &amp; Co. Treuhand und Schulungen","og_description":"Nachhilfe Rechnungswesen. Nachhilfe Rechnungswesen Bern. Nachhilfe W&G Bern. Nachhilfe Wirtschaft und Gesellschaft. Nachhilfe KV Bern.","og_url":"https:\/\/www.stcts.ch\/schulung\/nachhilfe\/","og_site_name":"Stucki &amp; Co. Treuhand und Schulungen","article_modified_time":"2023-08-31T10:17:02+00:00","twitter_card":"summary_large_image","twitter_misc":{"Gesch\u00e4tzte Lesezeit":"2\u00a0Minuten"},"schema":{"@context":"https:\/\/schema.org","@graph":[{"@type":"WebPage","@id":"https:\/\/www.stcts.ch\/schulung\/nachhilfe\/","url":"https:\/\/www.stcts.ch\/schulung\/nachhilfe\/","name":"Nachhilfe - Stucki &amp; Co. Treuhand und Schulungen","isPartOf":{"@id":"https:\/\/www.stcts.ch\/schulung\/#website"},"datePublished":"2018-04-02T13:03:07+00:00","dateModified":"2023-08-31T10:17:02+00:00","description":"Nachhilfe Rechnungswesen. Nachhilfe Rechnungswesen Bern. Nachhilfe W&G Bern. Nachhilfe Wirtschaft und Gesellschaft. Nachhilfe KV Bern.","breadcrumb":{"@id":"https:\/\/www.stcts.ch\/schulung\/nachhilfe\/#breadcrumb"},"inLanguage":"de-CH","potentialAction":[{"@type":"ReadAction","target":["https:\/\/www.stcts.ch\/schulung\/nachhilfe\/"]}]},{"@type":"BreadcrumbList","@id":"https:\/\/www.stcts.ch\/schulung\/nachhilfe\/#breadcrumb","itemListElement":[{"@type":"ListItem","position":1,"name":"Home","item":"https:\/\/www.stcts.ch\/schulung\/"},{"@type":"ListItem","position":2,"name":"Nachhilfe"}]},{"@type":"WebSite","@id":"https:\/\/www.stcts.ch\/schulung\/#website","url":"https:\/\/www.stcts.ch\/schulung\/","name":"Stucki &amp; Co. Treuhand und Schulungen","description":"","publisher":{"@id":"https:\/\/www.stcts.ch\/schulung\/#organization"},"potentialAction":[{"@type":"SearchAction","target":{"@type":"EntryPoint","urlTemplate":"https:\/\/www.stcts.ch\/schulung\/?s={search_term_string}"},"query-input":{"@type":"PropertyValueSpecification","valueRequired":true,"valueName":"search_term_string"}}],"inLanguage":"de-CH"},{"@type":"Organization","@id":"https:\/\/www.stcts.ch\/schulung\/#organization","name":"Stucki & Co. Treuhand und Schulungen","url":"https:\/\/www.stcts.ch\/schulung\/","logo":{"@type":"ImageObject","inLanguage":"de-CH","@id":"https:\/\/www.stcts.ch\/schulung\/#\/schema\/logo\/image\/","url":"","contentUrl":"","caption":"Stucki & Co. Treuhand und Schulungen"},"image":{"@id":"https:\/\/www.stcts.ch\/schulung\/#\/schema\/logo\/image\/"}}]}},"_links":{"self":[{"href":"https:\/\/www.stcts.ch\/schulung\/wp-json\/wp\/v2\/pages\/62","targetHints":{"allow":["GET"]}}],"collection":[{"href":"https:\/\/www.stcts.ch\/schulung\/wp-json\/wp\/v2\/pages"}],"about":[{"href":"https:\/\/www.stcts.ch\/schulung\/wp-json\/wp\/v2\/types\/page"}],"author":[{"embeddable":true,"href":"https:\/\/www.stcts.ch\/schulung\/wp-json\/wp\/v2\/users\/1"}],"replies":[{"embeddable":true,"href":"https:\/\/www.stcts.ch\/schulung\/wp-json\/wp\/v2\/comments?post=62"}],"version-history":[{"count":48,"href":"https:\/\/www.stcts.ch\/schulung\/wp-json\/wp\/v2\/pages\/62\/revisions"}],"predecessor-version":[{"id":2869,"href":"https:\/\/www.stcts.ch\/schulung\/wp-json\/wp\/v2\/pages\/62\/revisions\/2869"}],"wp:attachment":[{"href":"https:\/\/www.stcts.ch\/schulung\/wp-json\/wp\/v2\/media?parent=62"}],"curies":[{"name":"wp","href":"https:\/\/api.w.org\/{rel}","templated":true}]}}