{"id":635,"date":"2018-09-21T13:11:55","date_gmt":"2018-09-21T13:11:55","guid":{"rendered":"http:\/\/wp4.stcts.ch\/?page_id=635"},"modified":"2025-10-16T12:14:14","modified_gmt":"2025-10-16T10:14:14","slug":"qv-serien-loesen-m-profil","status":"publish","type":"page","link":"https:\/\/www.stcts.ch\/schulung\/qv-serien-loesen-m-profil\/","title":{"rendered":"QV-Serien l\u00f6sen Kauffrau\/Kaufmann (M-Profil)"},"content":{"rendered":"<h2 id=\"ueber\" class=\"style\">Nutze die Chance f\u00fcr eine noch intensivere Vorbereitung auf dein QV<\/h2>\n<p>Lernende im M-Profil haben die exklusive M\u00f6glichkeit, sich f\u00fcr den Kurs <strong>\u201eFRW QV-Serien l\u00f6sen M-Profil\u201c<\/strong> anzumelden \u2013 der perfekte Abschluss deiner Vorbereitung.<\/p>\n<p>An nur <strong>drei Tagen<\/strong> l\u00f6st du praxisnah QV-Serien im Finanz- und Rechnungswesen. Unsere erfahrene Dozentin steht dir mit Rat und Tat zur Seite \u2013 sei es bei theoretischen Fragen oder bei konkreten Aufgaben. Dies ist deine optimale Gelegenheit, das Gelernte anzuwenden und etwaige Wissensl\u00fccken gezielt zu schliessen.<\/p>\n<ul>\n<li><strong>Dauer:<\/strong> drei Termine, jeweils \u00e0 2 Stunden (Freitag, 08.05.\/15.05.\/22.05.), von 17.30 Uhr bis 19.30 Uhr<\/li>\n<li><strong>Teilnahme:<\/strong> Live online per Zoom<\/li>\n<li><strong>Kosten:<\/strong> CHF 199.00 pro Person pauschal (inkl. Lehrmaterialien)<\/li>\n<\/ul>\n<p>Weitere Informationen erh\u00e4ltst du nach der Anmeldung per Mail zugestellt. <strong>Mache dich bereit f\u00fcr den Erfolg!<\/strong> Dieser Zusatzkurs wird massgeblich dazu beitragen, deine Chancen auf ein erfolgreiches QV zu maximieren. Melden dich noch heute an!<\/p>\n<p class=\"button-style\"><a href=\"https:\/\/www.stcts.ch\/schulung\/kursanmeldung\/\">Anmelden<\/a><\/p>\n<div id=\"footable_parent_3108\"\n         class=\" footable_parent ninja_table_wrapper loading_ninja_table wp_table_data_press_parent semantic_ui \">\n                        <div\n                class=\"table_description footable_description\"><\/div>\n                    <table data-ninja_table_instance=\"ninja_table_instance_0\" data-footable_id=\"3108\" data-filter-delay=\"1000\" aria-label=\"QV-Serien l\u00f6sen Kauffrau\/Kaufmann (M-Profil)\"            id=\"footable_3108\"\n           data-unique_identifier=\"ninja_table_unique_id_2124927440_3108\"\n           class=\" foo-table ninja_footable foo_table_3108 ninja_table_unique_id_2124927440_3108 ui table  ninja_search_right nt_type_ajax_table selectable celled striped compact vertical_centered  footable-paging-right ninja_table_search_disabled\">\n                <colgroup>\n                            <col class=\"ninja_column_0 \">\n                            <col class=\"ninja_column_1 \">\n                            <col class=\"ninja_column_2 \">\n                            <col class=\"ninja_column_3 \">\n                    <\/colgroup>\n            <\/table>\n    \n    \n    \n<\/div>\n\n<div class=\"btc\">*m\u00f6chten Sie mit der Kryptow\u00e4hrung Bitcoin (BTC) bezahlen? <a id=\"k1\" href=\"https:\/\/www.stcts.ch\/schulung\/kontakt\/\">Kontaktieren<\/a> Sie uns.<\/div>\n","protected":false},"excerpt":{"rendered":"<p>Nutze die Chance f\u00fcr eine noch intensivere Vorbereitung auf dein QV Lernende im M-Profil haben die exklusive M\u00f6glichkeit, sich f\u00fcr den Kurs \u201eFRW QV-Se<\/p>\n","protected":false},"author":1,"featured_media":0,"parent":0,"menu_order":0,"comment_status":"closed","ping_status":"closed","template":"fullwidth.php","meta":{"footnotes":""},"class_list":["post-635","page","type-page","status-publish","hentry"],"yoast_head":"<!-- This site is optimized with the Yoast SEO plugin v27.5 - https:\/\/yoast.com\/product\/yoast-seo-wordpress\/ -->\n<title>QV-Serien l\u00f6sen Kauffrau\/Kaufmann (M-Profil) - Stucki &amp; Co. Treuhand und Schulungen<\/title>\n<meta name=\"description\" content=\"QV-Serien l\u00f6sen Kauffrau\/Kaufmann (M-Profil), BiVo 2023, Pr\u00fcfungsvorbeireitung f\u00fcr M-Profil, QV-Serien im Finanz- und Rechnungswesen l\u00f6sen\" \/>\n<meta name=\"robots\" content=\"index, follow, max-snippet:-1, max-image-preview:large, max-video-preview:-1\" \/>\n<link rel=\"canonical\" href=\"https:\/\/www.stcts.ch\/schulung\/qv-serien-loesen-m-profil\/\" \/>\n<meta property=\"og:locale\" content=\"de_DE\" \/>\n<meta property=\"og:type\" content=\"article\" \/>\n<meta property=\"og:title\" content=\"QV-Serien l\u00f6sen Kauffrau\/Kaufmann (M-Profil) - Stucki &amp; Co. Treuhand und Schulungen\" \/>\n<meta property=\"og:description\" content=\"QV-Serien l\u00f6sen Kauffrau\/Kaufmann (M-Profil), BiVo 2023, Pr\u00fcfungsvorbeireitung f\u00fcr M-Profil, QV-Serien im Finanz- und Rechnungswesen l\u00f6sen\" \/>\n<meta property=\"og:url\" content=\"https:\/\/www.stcts.ch\/schulung\/qv-serien-loesen-m-profil\/\" \/>\n<meta property=\"og:site_name\" content=\"Stucki &amp; Co. Treuhand und Schulungen\" \/>\n<meta property=\"article:modified_time\" content=\"2025-10-16T10:14:14+00:00\" \/>\n<meta name=\"twitter:card\" content=\"summary_large_image\" \/>\n<meta name=\"twitter:label1\" content=\"Gesch\u00e4tzte Lesezeit\" \/>\n\t<meta name=\"twitter:data1\" content=\"1\u00a0Minute\" \/>\n<script type=\"application\/ld+json\" class=\"yoast-schema-graph\">{\"@context\":\"https:\\\/\\\/schema.org\",\"@graph\":[{\"@type\":\"WebPage\",\"@id\":\"https:\\\/\\\/www.stcts.ch\\\/schulung\\\/qv-serien-loesen-m-profil\\\/\",\"url\":\"https:\\\/\\\/www.stcts.ch\\\/schulung\\\/qv-serien-loesen-m-profil\\\/\",\"name\":\"QV-Serien l\u00f6sen Kauffrau\\\/Kaufmann (M-Profil) - Stucki &amp; Co. Treuhand und Schulungen\",\"isPartOf\":{\"@id\":\"https:\\\/\\\/www.stcts.ch\\\/schulung\\\/#website\"},\"datePublished\":\"2018-09-21T13:11:55+00:00\",\"dateModified\":\"2025-10-16T10:14:14+00:00\",\"description\":\"QV-Serien l\u00f6sen Kauffrau\\\/Kaufmann (M-Profil), BiVo 2023, Pr\u00fcfungsvorbeireitung f\u00fcr M-Profil, QV-Serien im Finanz- und Rechnungswesen l\u00f6sen\",\"breadcrumb\":{\"@id\":\"https:\\\/\\\/www.stcts.ch\\\/schulung\\\/qv-serien-loesen-m-profil\\\/#breadcrumb\"},\"inLanguage\":\"de-CH\",\"potentialAction\":[{\"@type\":\"ReadAction\",\"target\":[\"https:\\\/\\\/www.stcts.ch\\\/schulung\\\/qv-serien-loesen-m-profil\\\/\"]}]},{\"@type\":\"BreadcrumbList\",\"@id\":\"https:\\\/\\\/www.stcts.ch\\\/schulung\\\/qv-serien-loesen-m-profil\\\/#breadcrumb\",\"itemListElement\":[{\"@type\":\"ListItem\",\"position\":1,\"name\":\"Home\",\"item\":\"https:\\\/\\\/www.stcts.ch\\\/schulung\\\/\"},{\"@type\":\"ListItem\",\"position\":2,\"name\":\"QV-Serien l\u00f6sen Kauffrau\\\/Kaufmann (M-Profil)\"}]},{\"@type\":\"WebSite\",\"@id\":\"https:\\\/\\\/www.stcts.ch\\\/schulung\\\/#website\",\"url\":\"https:\\\/\\\/www.stcts.ch\\\/schulung\\\/\",\"name\":\"Stucki &amp; Co. Treuhand und Schulungen\",\"description\":\"\",\"publisher\":{\"@id\":\"https:\\\/\\\/www.stcts.ch\\\/schulung\\\/#organization\"},\"potentialAction\":[{\"@type\":\"SearchAction\",\"target\":{\"@type\":\"EntryPoint\",\"urlTemplate\":\"https:\\\/\\\/www.stcts.ch\\\/schulung\\\/?s={search_term_string}\"},\"query-input\":{\"@type\":\"PropertyValueSpecification\",\"valueRequired\":true,\"valueName\":\"search_term_string\"}}],\"inLanguage\":\"de-CH\"},{\"@type\":\"Organization\",\"@id\":\"https:\\\/\\\/www.stcts.ch\\\/schulung\\\/#organization\",\"name\":\"Stucki & Co. Treuhand und Schulungen\",\"url\":\"https:\\\/\\\/www.stcts.ch\\\/schulung\\\/\",\"logo\":{\"@type\":\"ImageObject\",\"inLanguage\":\"de-CH\",\"@id\":\"https:\\\/\\\/www.stcts.ch\\\/schulung\\\/#\\\/schema\\\/logo\\\/image\\\/\",\"url\":\"\",\"contentUrl\":\"\",\"caption\":\"Stucki & Co. Treuhand und Schulungen\"},\"image\":{\"@id\":\"https:\\\/\\\/www.stcts.ch\\\/schulung\\\/#\\\/schema\\\/logo\\\/image\\\/\"}}]}<\/script>\n<!-- \/ Yoast SEO plugin. -->","yoast_head_json":{"title":"QV-Serien l\u00f6sen Kauffrau\/Kaufmann (M-Profil) - Stucki &amp; Co. Treuhand und Schulungen","description":"QV-Serien l\u00f6sen Kauffrau\/Kaufmann (M-Profil), BiVo 2023, Pr\u00fcfungsvorbeireitung f\u00fcr M-Profil, QV-Serien im Finanz- und Rechnungswesen l\u00f6sen","robots":{"index":"index","follow":"follow","max-snippet":"max-snippet:-1","max-image-preview":"max-image-preview:large","max-video-preview":"max-video-preview:-1"},"canonical":"https:\/\/www.stcts.ch\/schulung\/qv-serien-loesen-m-profil\/","og_locale":"de_DE","og_type":"article","og_title":"QV-Serien l\u00f6sen Kauffrau\/Kaufmann (M-Profil) - Stucki &amp; Co. Treuhand und Schulungen","og_description":"QV-Serien l\u00f6sen Kauffrau\/Kaufmann (M-Profil), BiVo 2023, Pr\u00fcfungsvorbeireitung f\u00fcr M-Profil, QV-Serien im Finanz- und Rechnungswesen l\u00f6sen","og_url":"https:\/\/www.stcts.ch\/schulung\/qv-serien-loesen-m-profil\/","og_site_name":"Stucki &amp; Co. Treuhand und Schulungen","article_modified_time":"2025-10-16T10:14:14+00:00","twitter_card":"summary_large_image","twitter_misc":{"Gesch\u00e4tzte Lesezeit":"1\u00a0Minute"},"schema":{"@context":"https:\/\/schema.org","@graph":[{"@type":"WebPage","@id":"https:\/\/www.stcts.ch\/schulung\/qv-serien-loesen-m-profil\/","url":"https:\/\/www.stcts.ch\/schulung\/qv-serien-loesen-m-profil\/","name":"QV-Serien l\u00f6sen Kauffrau\/Kaufmann (M-Profil) - Stucki &amp; Co. Treuhand und Schulungen","isPartOf":{"@id":"https:\/\/www.stcts.ch\/schulung\/#website"},"datePublished":"2018-09-21T13:11:55+00:00","dateModified":"2025-10-16T10:14:14+00:00","description":"QV-Serien l\u00f6sen Kauffrau\/Kaufmann (M-Profil), BiVo 2023, Pr\u00fcfungsvorbeireitung f\u00fcr M-Profil, QV-Serien im Finanz- und Rechnungswesen l\u00f6sen","breadcrumb":{"@id":"https:\/\/www.stcts.ch\/schulung\/qv-serien-loesen-m-profil\/#breadcrumb"},"inLanguage":"de-CH","potentialAction":[{"@type":"ReadAction","target":["https:\/\/www.stcts.ch\/schulung\/qv-serien-loesen-m-profil\/"]}]},{"@type":"BreadcrumbList","@id":"https:\/\/www.stcts.ch\/schulung\/qv-serien-loesen-m-profil\/#breadcrumb","itemListElement":[{"@type":"ListItem","position":1,"name":"Home","item":"https:\/\/www.stcts.ch\/schulung\/"},{"@type":"ListItem","position":2,"name":"QV-Serien l\u00f6sen Kauffrau\/Kaufmann (M-Profil)"}]},{"@type":"WebSite","@id":"https:\/\/www.stcts.ch\/schulung\/#website","url":"https:\/\/www.stcts.ch\/schulung\/","name":"Stucki &amp; Co. Treuhand und Schulungen","description":"","publisher":{"@id":"https:\/\/www.stcts.ch\/schulung\/#organization"},"potentialAction":[{"@type":"SearchAction","target":{"@type":"EntryPoint","urlTemplate":"https:\/\/www.stcts.ch\/schulung\/?s={search_term_string}"},"query-input":{"@type":"PropertyValueSpecification","valueRequired":true,"valueName":"search_term_string"}}],"inLanguage":"de-CH"},{"@type":"Organization","@id":"https:\/\/www.stcts.ch\/schulung\/#organization","name":"Stucki & Co. Treuhand und Schulungen","url":"https:\/\/www.stcts.ch\/schulung\/","logo":{"@type":"ImageObject","inLanguage":"de-CH","@id":"https:\/\/www.stcts.ch\/schulung\/#\/schema\/logo\/image\/","url":"","contentUrl":"","caption":"Stucki & Co. Treuhand und Schulungen"},"image":{"@id":"https:\/\/www.stcts.ch\/schulung\/#\/schema\/logo\/image\/"}}]}},"_links":{"self":[{"href":"https:\/\/www.stcts.ch\/schulung\/wp-json\/wp\/v2\/pages\/635","targetHints":{"allow":["GET"]}}],"collection":[{"href":"https:\/\/www.stcts.ch\/schulung\/wp-json\/wp\/v2\/pages"}],"about":[{"href":"https:\/\/www.stcts.ch\/schulung\/wp-json\/wp\/v2\/types\/page"}],"author":[{"embeddable":true,"href":"https:\/\/www.stcts.ch\/schulung\/wp-json\/wp\/v2\/users\/1"}],"replies":[{"embeddable":true,"href":"https:\/\/www.stcts.ch\/schulung\/wp-json\/wp\/v2\/comments?post=635"}],"version-history":[{"count":65,"href":"https:\/\/www.stcts.ch\/schulung\/wp-json\/wp\/v2\/pages\/635\/revisions"}],"predecessor-version":[{"id":3119,"href":"https:\/\/www.stcts.ch\/schulung\/wp-json\/wp\/v2\/pages\/635\/revisions\/3119"}],"wp:attachment":[{"href":"https:\/\/www.stcts.ch\/schulung\/wp-json\/wp\/v2\/media?parent=635"}],"curies":[{"name":"wp","href":"https:\/\/api.w.org\/{rel}","templated":true}]}}