{"id":642,"date":"2018-09-21T13:22:05","date_gmt":"2018-09-21T13:22:05","guid":{"rendered":"http:\/\/wp4.stcts.ch\/?page_id=642"},"modified":"2021-05-18T16:12:01","modified_gmt":"2021-05-18T14:12:01","slug":"kundenmeinungen","status":"publish","type":"page","link":"https:\/\/www.stcts.ch\/schulung\/kundenmeinungen\/","title":{"rendered":"Kundenmeinungen"},"content":{"rendered":"<h2 id=\"ueber\" class=\"style\">Kundenmeinungen<\/h2>\n<p>\nSeit \u00fcber 18 Jahren bin ich in der Nachhilfe t\u00e4tig und aktuell bin ich Dozentin diverser erfolgreicher Kurse. Schon einige Kunden durfte ich somit unterrichten. Um Transparenz schaffen zu k\u00f6nnen, wie der Unterricht wahrgenommen wurde, was gesch\u00e4tzt wurde und wieso wir als Vertragspartner in dieser Angelegenheit weiterempfohlen werden, m\u00f6chte ich nachfolgend anhand einiger Aussagen ehemaliger\/aktueller Kundinnen und Kunden darlegen. Wichtig gilt zu erw\u00e4hnen, dass diese Kommentare <u>nicht<\/u> abge\u00e4ndert wurden.\n<\/p>\n<p>\nIch w\u00fcnsche viel Vergn\u00fcgen bei der Durchsicht, Nadine Stucki.\n<\/p>\n<p><img decoding=\"async\" class=\"wp-image-799 size-medium alignleft-n lazyload\" data-src=\"https:\/\/wp4.stcts.ch\/wp-content\/uploads\/2018\/10\/unterschrift-nadine-stucki-300x196.jpg\" alt=\"\" width=\"300\" height=\"196\" data-srcset=\"https:\/\/www.stcts.ch\/schulung\/wp-content\/uploads\/2018\/10\/unterschrift-nadine-stucki-300x196.jpg 300w, https:\/\/www.stcts.ch\/schulung\/wp-content\/uploads\/2018\/10\/unterschrift-nadine-stucki.jpg 463w\" data-sizes=\"(max-width: 300px) 100vw, 300px\" src=\"data:image\/svg+xml;base64,PHN2ZyB3aWR0aD0iMSIgaGVpZ2h0PSIxIiB4bWxucz0iaHR0cDovL3d3dy53My5vcmcvMjAwMC9zdmciPjwvc3ZnPg==\" style=\"--smush-placeholder-width: 300px; --smush-placeholder-aspect-ratio: 300\/196;\" \/><\/p>\n<h3>KOMMENTARE:<\/h3>\n<p>&nbsp;<\/p>\n<p>\n\u201eIch war rund zwei Jahre bei Fr. Stucki im Rechnungswesen Unterricht auf der Stufe Eidg. Tech. Kaufmann. Der Unterricht war stets gut vorbereitet und abwechslungsreich. Frau Stucki ist es \u00e4usserst gut gelungen das doch ein wenig &#171;trockene Thema&#187; interessant und verst\u00e4ndlich zu erkl\u00e4ren, mit ihrer aufgestellten art. Ich kann Frau Stucki nur weiter empfehlen.\u201c<\/p>\n<h3>Kommentar von A.U.<\/h3>\n<\/p>\n<div id=\"linie\"><\/div>\n<p>\n\u201eDer Unterricht mit Frau Stucki ist abwechslungsreich, lehrreich und nach einem klaren didaktischen Schema aufgebaut. Frau Stucki versteht es ausgezeichnet, selbst anspruchsvolle Themen in eine verst\u00e4ndliche und insbesondere nachvollziehbare Form zu bringen (oder zu transformieren). Mir fiel dadurch das Lernen (auch nach dem Unterricht) bedeutend leichter.&#187;<\/p>\n<h3>Kommentar von M.L.<\/h3>\n<\/p>\n<div id=\"linie\"><\/div>\n<ul>\n<li>sie waren immer p\u00fcnktlich und top vorbereitet<\/li>\n<li>ich hatte immer den Eindruck, dass Sie ihr Business sehr gut verstehen<\/li>\n<li>sie fanden immer Erkl\u00e4rungen und Beispiele welche auch ein Laie verstanden hat<\/li>\n<li>sie haben keinen zus\u00e4tzlichen Aufwand gescheut (Ordner mit \u00dcbungsaufgaben) um uns auf die Pr\u00fcfung vorzubereiten<\/li>\n<li>ihre Unterlagen welche Sie uns nicht nur in Papierform sondern zus\u00e4tzlich auch noch digital zur Verf\u00fcgung gestellt haben waren optisch ansprechend, klar strukturiert und auf unser Niveau angepasst<\/li>\n<li>fragen per Mail, ausserhalb des Unterrichts wurden umgehend beantwortet<\/li>\n<li>sie waren selbstkritisch und dadurch hat sich der Unterricht trotzt hohem Niveau noch verbessert<\/li>\n<\/ul>\n<h3>Kommentar von A.R.<\/h3>\n<\/p>\n<div id=\"linie\"><\/div>\n<p>\n\u201eFachlich top, Unterrichtet wurde mit Freude und vollem Elan- Unterricht war stets gut vorbereitet und die passenden Unterlagen dazu ebenfalls. Fragen wurden immer beantwortet, &#8211; nicht nur w\u00e4hrend den Lektionen.\u201c<\/p>\n<h3>Kommentar von S.K.<\/h3>\n<\/p>\n<div id=\"linie\"><\/div>\n<p>\n\u201eIch durfte Frau Stucki als sympathische und stets aufgestellte Dozentin kennenlernen. Sie ist eine ehrgeizige und korrekte Pers\u00f6nlichkeit, welche ein breites Spektrum an Wissen bietet. Unverst\u00e4ndlichkeiten wurden im Unterricht in individuellen Erkl\u00e4rungsans\u00e4tzen beseitigen, damit Sie Ihre Studenten stets f\u00f6rdern und fordern konnten.\u201c<\/p>\n<h3>Kommentar von F.B.<\/h3><\/p>\n","protected":false},"excerpt":{"rendered":"<p>Kundenmeinungen Seit \u00fcber 18 Jahren bin ich in der Nachhilfe t\u00e4tig und aktuell bin ich Dozentin diverser erfolgreicher Kurse. Schon einige Kunden durfte <\/p>\n","protected":false},"author":1,"featured_media":0,"parent":0,"menu_order":0,"comment_status":"closed","ping_status":"closed","template":"fullwidth.php","meta":{"footnotes":""},"class_list":["post-642","page","type-page","status-publish","hentry"],"yoast_head":"<!-- This site is optimized with the Yoast SEO plugin v27.5 - https:\/\/yoast.com\/product\/yoast-seo-wordpress\/ -->\n<title>Kundenmeinungen - Stucki &amp; Co. Treuhand und Schulungen<\/title>\n<meta name=\"description\" content=\"Stucki &amp; Co. Treuhand und Schulungen Erfahrungen. Kundenmeinungen, Referenzen Stucki &amp; Co. Treuhand und Schulungen, Bereich Schulungen.\" \/>\n<meta name=\"robots\" content=\"index, follow, max-snippet:-1, max-image-preview:large, max-video-preview:-1\" \/>\n<link rel=\"canonical\" href=\"https:\/\/www.stcts.ch\/schulung\/kundenmeinungen\/\" \/>\n<meta property=\"og:locale\" content=\"de_DE\" \/>\n<meta property=\"og:type\" content=\"article\" \/>\n<meta property=\"og:title\" content=\"Kundenmeinungen - Stucki &amp; Co. Treuhand und Schulungen\" \/>\n<meta property=\"og:description\" content=\"Stucki &amp; Co. Treuhand und Schulungen Erfahrungen. Kundenmeinungen, Referenzen Stucki &amp; Co. Treuhand und Schulungen, Bereich Schulungen.\" \/>\n<meta property=\"og:url\" content=\"https:\/\/www.stcts.ch\/schulung\/kundenmeinungen\/\" \/>\n<meta property=\"og:site_name\" content=\"Stucki &amp; Co. Treuhand und Schulungen\" \/>\n<meta property=\"article:modified_time\" content=\"2021-05-18T14:12:01+00:00\" \/>\n<meta property=\"og:image\" content=\"https:\/\/wp4.stcts.ch\/wp-content\/uploads\/2018\/10\/unterschrift-nadine-stucki-300x196.jpg\" \/>\n<meta name=\"twitter:card\" content=\"summary_large_image\" \/>\n<meta name=\"twitter:label1\" content=\"Gesch\u00e4tzte Lesezeit\" \/>\n\t<meta name=\"twitter:data1\" content=\"2\u00a0Minuten\" \/>\n<script type=\"application\/ld+json\" class=\"yoast-schema-graph\">{\"@context\":\"https:\\\/\\\/schema.org\",\"@graph\":[{\"@type\":\"WebPage\",\"@id\":\"https:\\\/\\\/www.stcts.ch\\\/schulung\\\/kundenmeinungen\\\/\",\"url\":\"https:\\\/\\\/www.stcts.ch\\\/schulung\\\/kundenmeinungen\\\/\",\"name\":\"Kundenmeinungen - Stucki &amp; Co. Treuhand und Schulungen\",\"isPartOf\":{\"@id\":\"https:\\\/\\\/www.stcts.ch\\\/schulung\\\/#website\"},\"primaryImageOfPage\":{\"@id\":\"https:\\\/\\\/www.stcts.ch\\\/schulung\\\/kundenmeinungen\\\/#primaryimage\"},\"image\":{\"@id\":\"https:\\\/\\\/www.stcts.ch\\\/schulung\\\/kundenmeinungen\\\/#primaryimage\"},\"thumbnailUrl\":\"https:\\\/\\\/wp4.stcts.ch\\\/wp-content\\\/uploads\\\/2018\\\/10\\\/unterschrift-nadine-stucki-300x196.jpg\",\"datePublished\":\"2018-09-21T13:22:05+00:00\",\"dateModified\":\"2021-05-18T14:12:01+00:00\",\"description\":\"Stucki & Co. Treuhand und Schulungen Erfahrungen. Kundenmeinungen, Referenzen Stucki & Co. Treuhand und Schulungen, Bereich Schulungen.\",\"breadcrumb\":{\"@id\":\"https:\\\/\\\/www.stcts.ch\\\/schulung\\\/kundenmeinungen\\\/#breadcrumb\"},\"inLanguage\":\"de-CH\",\"potentialAction\":[{\"@type\":\"ReadAction\",\"target\":[\"https:\\\/\\\/www.stcts.ch\\\/schulung\\\/kundenmeinungen\\\/\"]}]},{\"@type\":\"ImageObject\",\"inLanguage\":\"de-CH\",\"@id\":\"https:\\\/\\\/www.stcts.ch\\\/schulung\\\/kundenmeinungen\\\/#primaryimage\",\"url\":\"https:\\\/\\\/wp4.stcts.ch\\\/wp-content\\\/uploads\\\/2018\\\/10\\\/unterschrift-nadine-stucki-300x196.jpg\",\"contentUrl\":\"https:\\\/\\\/wp4.stcts.ch\\\/wp-content\\\/uploads\\\/2018\\\/10\\\/unterschrift-nadine-stucki-300x196.jpg\"},{\"@type\":\"BreadcrumbList\",\"@id\":\"https:\\\/\\\/www.stcts.ch\\\/schulung\\\/kundenmeinungen\\\/#breadcrumb\",\"itemListElement\":[{\"@type\":\"ListItem\",\"position\":1,\"name\":\"Home\",\"item\":\"https:\\\/\\\/www.stcts.ch\\\/schulung\\\/\"},{\"@type\":\"ListItem\",\"position\":2,\"name\":\"Kundenmeinungen\"}]},{\"@type\":\"WebSite\",\"@id\":\"https:\\\/\\\/www.stcts.ch\\\/schulung\\\/#website\",\"url\":\"https:\\\/\\\/www.stcts.ch\\\/schulung\\\/\",\"name\":\"Stucki &amp; Co. Treuhand und Schulungen\",\"description\":\"\",\"publisher\":{\"@id\":\"https:\\\/\\\/www.stcts.ch\\\/schulung\\\/#organization\"},\"potentialAction\":[{\"@type\":\"SearchAction\",\"target\":{\"@type\":\"EntryPoint\",\"urlTemplate\":\"https:\\\/\\\/www.stcts.ch\\\/schulung\\\/?s={search_term_string}\"},\"query-input\":{\"@type\":\"PropertyValueSpecification\",\"valueRequired\":true,\"valueName\":\"search_term_string\"}}],\"inLanguage\":\"de-CH\"},{\"@type\":\"Organization\",\"@id\":\"https:\\\/\\\/www.stcts.ch\\\/schulung\\\/#organization\",\"name\":\"Stucki & Co. Treuhand und Schulungen\",\"url\":\"https:\\\/\\\/www.stcts.ch\\\/schulung\\\/\",\"logo\":{\"@type\":\"ImageObject\",\"inLanguage\":\"de-CH\",\"@id\":\"https:\\\/\\\/www.stcts.ch\\\/schulung\\\/#\\\/schema\\\/logo\\\/image\\\/\",\"url\":\"\",\"contentUrl\":\"\",\"caption\":\"Stucki & Co. Treuhand und Schulungen\"},\"image\":{\"@id\":\"https:\\\/\\\/www.stcts.ch\\\/schulung\\\/#\\\/schema\\\/logo\\\/image\\\/\"}}]}<\/script>\n<!-- \/ Yoast SEO plugin. -->","yoast_head_json":{"title":"Kundenmeinungen - Stucki &amp; Co. Treuhand und Schulungen","description":"Stucki & Co. Treuhand und Schulungen Erfahrungen. Kundenmeinungen, Referenzen Stucki & Co. Treuhand und Schulungen, Bereich Schulungen.","robots":{"index":"index","follow":"follow","max-snippet":"max-snippet:-1","max-image-preview":"max-image-preview:large","max-video-preview":"max-video-preview:-1"},"canonical":"https:\/\/www.stcts.ch\/schulung\/kundenmeinungen\/","og_locale":"de_DE","og_type":"article","og_title":"Kundenmeinungen - Stucki &amp; Co. Treuhand und Schulungen","og_description":"Stucki & Co. Treuhand und Schulungen Erfahrungen. Kundenmeinungen, Referenzen Stucki & Co. Treuhand und Schulungen, Bereich Schulungen.","og_url":"https:\/\/www.stcts.ch\/schulung\/kundenmeinungen\/","og_site_name":"Stucki &amp; Co. Treuhand und Schulungen","article_modified_time":"2021-05-18T14:12:01+00:00","og_image":[{"url":"https:\/\/wp4.stcts.ch\/wp-content\/uploads\/2018\/10\/unterschrift-nadine-stucki-300x196.jpg","type":"","width":"","height":""}],"twitter_card":"summary_large_image","twitter_misc":{"Gesch\u00e4tzte Lesezeit":"2\u00a0Minuten"},"schema":{"@context":"https:\/\/schema.org","@graph":[{"@type":"WebPage","@id":"https:\/\/www.stcts.ch\/schulung\/kundenmeinungen\/","url":"https:\/\/www.stcts.ch\/schulung\/kundenmeinungen\/","name":"Kundenmeinungen - Stucki &amp; Co. Treuhand und Schulungen","isPartOf":{"@id":"https:\/\/www.stcts.ch\/schulung\/#website"},"primaryImageOfPage":{"@id":"https:\/\/www.stcts.ch\/schulung\/kundenmeinungen\/#primaryimage"},"image":{"@id":"https:\/\/www.stcts.ch\/schulung\/kundenmeinungen\/#primaryimage"},"thumbnailUrl":"https:\/\/wp4.stcts.ch\/wp-content\/uploads\/2018\/10\/unterschrift-nadine-stucki-300x196.jpg","datePublished":"2018-09-21T13:22:05+00:00","dateModified":"2021-05-18T14:12:01+00:00","description":"Stucki & Co. Treuhand und Schulungen Erfahrungen. Kundenmeinungen, Referenzen Stucki & Co. Treuhand und Schulungen, Bereich Schulungen.","breadcrumb":{"@id":"https:\/\/www.stcts.ch\/schulung\/kundenmeinungen\/#breadcrumb"},"inLanguage":"de-CH","potentialAction":[{"@type":"ReadAction","target":["https:\/\/www.stcts.ch\/schulung\/kundenmeinungen\/"]}]},{"@type":"ImageObject","inLanguage":"de-CH","@id":"https:\/\/www.stcts.ch\/schulung\/kundenmeinungen\/#primaryimage","url":"https:\/\/wp4.stcts.ch\/wp-content\/uploads\/2018\/10\/unterschrift-nadine-stucki-300x196.jpg","contentUrl":"https:\/\/wp4.stcts.ch\/wp-content\/uploads\/2018\/10\/unterschrift-nadine-stucki-300x196.jpg"},{"@type":"BreadcrumbList","@id":"https:\/\/www.stcts.ch\/schulung\/kundenmeinungen\/#breadcrumb","itemListElement":[{"@type":"ListItem","position":1,"name":"Home","item":"https:\/\/www.stcts.ch\/schulung\/"},{"@type":"ListItem","position":2,"name":"Kundenmeinungen"}]},{"@type":"WebSite","@id":"https:\/\/www.stcts.ch\/schulung\/#website","url":"https:\/\/www.stcts.ch\/schulung\/","name":"Stucki &amp; Co. Treuhand und Schulungen","description":"","publisher":{"@id":"https:\/\/www.stcts.ch\/schulung\/#organization"},"potentialAction":[{"@type":"SearchAction","target":{"@type":"EntryPoint","urlTemplate":"https:\/\/www.stcts.ch\/schulung\/?s={search_term_string}"},"query-input":{"@type":"PropertyValueSpecification","valueRequired":true,"valueName":"search_term_string"}}],"inLanguage":"de-CH"},{"@type":"Organization","@id":"https:\/\/www.stcts.ch\/schulung\/#organization","name":"Stucki & Co. Treuhand und Schulungen","url":"https:\/\/www.stcts.ch\/schulung\/","logo":{"@type":"ImageObject","inLanguage":"de-CH","@id":"https:\/\/www.stcts.ch\/schulung\/#\/schema\/logo\/image\/","url":"","contentUrl":"","caption":"Stucki & Co. Treuhand und Schulungen"},"image":{"@id":"https:\/\/www.stcts.ch\/schulung\/#\/schema\/logo\/image\/"}}]}},"_links":{"self":[{"href":"https:\/\/www.stcts.ch\/schulung\/wp-json\/wp\/v2\/pages\/642","targetHints":{"allow":["GET"]}}],"collection":[{"href":"https:\/\/www.stcts.ch\/schulung\/wp-json\/wp\/v2\/pages"}],"about":[{"href":"https:\/\/www.stcts.ch\/schulung\/wp-json\/wp\/v2\/types\/page"}],"author":[{"embeddable":true,"href":"https:\/\/www.stcts.ch\/schulung\/wp-json\/wp\/v2\/users\/1"}],"replies":[{"embeddable":true,"href":"https:\/\/www.stcts.ch\/schulung\/wp-json\/wp\/v2\/comments?post=642"}],"version-history":[{"count":36,"href":"https:\/\/www.stcts.ch\/schulung\/wp-json\/wp\/v2\/pages\/642\/revisions"}],"predecessor-version":[{"id":1231,"href":"https:\/\/www.stcts.ch\/schulung\/wp-json\/wp\/v2\/pages\/642\/revisions\/1231"}],"wp:attachment":[{"href":"https:\/\/www.stcts.ch\/schulung\/wp-json\/wp\/v2\/media?parent=642"}],"curies":[{"name":"wp","href":"https:\/\/api.w.org\/{rel}","templated":true}]}}