{"id":710,"date":"2018-10-05T08:25:26","date_gmt":"2018-10-05T08:25:26","guid":{"rendered":"http:\/\/wp4.stcts.ch\/?page_id=710"},"modified":"2025-10-27T11:25:32","modified_gmt":"2025-10-27T10:25:32","slug":"qv-vorbereitung-hkb","status":"publish","type":"page","link":"https:\/\/www.stcts.ch\/schulung\/qv-vorbereitung-hkb\/","title":{"rendered":"QV-Vorbereitung Kauffrau\/Kaufmann (neue BiVo)"},"content":{"rendered":"<h2 class=\"style\">Starte durch mit unserer QV-Vorbereitung f\u00fcr Kaufleute nach der neuen BiVo \u2013 Das flexible und effiziente Kursangebot, welches dich optimal vorbereitet<\/h2>\n<p>\nDu befindest dich auf der Zielgeraden deiner Ausbildung zur Kauffrau bzw. zum Kaufmann nach der neuen <strong>BiVo<\/strong> und willst dich bestens auf dein <strong>Qualifikationsverfahren<\/strong> vorbereiten? Unsere modular aufgebauten <strong>QV-Vorbereitungskurse<\/strong> sind genau das, was du brauchst.\n<\/p>\n<p><b><\/p>\n<p>\nKursmodule (Mehrfachauswahl erlaubt\/empfohlen):<br \/>\n<\/b>\n<\/p>\n<p>\nHKB A, Wissensvermittlung, Lernmodule l\u00f6sen, ca. 20 Lektionen (immer am Montag, 18:00-19:30, Block 1, genaue Daten siehe unter Termine)\n<\/p>\n<p>\nHKB B, Wissensvermittlung, Lernmodule l\u00f6sen, ca. 20 Lektionen (immer am Montag, 18:00-19:30, Block 2, genaue Daten siehe unter Termine)\n<\/p>\n<p>\nHKB C, Wissensvermittlung, Lernmodule l\u00f6sen, ca. 40 Lektionen (immer am Dienstag, 18:00-19:30, genaue Daten siehe unter Termine)\n<\/p>\n<p>\nOption Finanzen, Wissensvermittlung, Aufgaben l\u00f6sen, 12 Lektionen (genaue Daten siehe unter Termine)\n<\/p>\n<p><b><\/p>\n<p>\nWeitere Kursdetails:<br \/>\n<\/b>\n<\/p>\n<ul>\n<li><b>Unterricht:<\/b> Online per Zoom \u2013 flexibel und ortsunabh\u00e4ngig<\/li>\n<li><b>Kosten:<\/b> je CHF 89.00\/Monat pro Person f\u00fcr Kurs HKB A\/B, CHF 169.00\/Monat f\u00fcr Kurs HKB C, CHF 175.00 f\u00fcr Kurs Option Finanzen. Wenn Sie sich f\u00fcr das Sorglospaket entscheiden (beinhaltet die Kurse f\u00fcr HKB A\/B\/C), dann reduziert sich der Preis auf CHF 299.00\/Monat<\/li>\n<li><b>Zahlungskonditionen:<\/b> monatlich verteilt auf sechs Rechnungen (Kurs Option Finanzen zwei Rechnungen)<\/li>\n<li><b>Anzahl Lektionen:<\/b> siehe oben pro Modul\/Option<\/li>\n<li><b>Zus\u00e4tzliche Materialien:<\/b> Zugriff auf speziell erstellte Unterlagen f\u00fcr die Ausbildung nach der neuen BiVo<\/li>\n<\/ul>\n<p><b><\/p>\n<p>\nWarum unsere Kursangebote?<br \/>\n<\/b><br \/>\nUnsere Kurse decken alle Lernfelder der <strong>Handlungskompetenzbereiche (HKB A-C)<\/strong> ab \u2013 die Grundlagen f\u00fcr deine erfolgreiche Pr\u00fcfung. Zus\u00e4tzlich bieten wir auch einen Kurs an, der die <strong>Option Finanzen<\/strong> behandelt, um dich auch in diesem Bereich perfekt vorzubereiten, insofern du dich f\u00fcr diese Richtung entschieden hast. Dabei erh\u00e4ltst du nicht nur eine umfassende <strong>Wissensvermittlung<\/strong>, sondern kannst durch <strong>Lernmodule\/Aufgaben<\/strong> dein Wissen direkt anwenden und vertiefen.\n<\/p>\n<p>Der Unterricht findet <strong>online<\/strong> statt, so dass du flexibel von <strong>Januar bis Mai 2026<\/strong> lernen kannst, ohne deine anderen Verpflichtungen zu beeintr\u00e4chtigen. Zu Beginn des jeweiligen Kurses erh\u00e4ltst du einen Unterrichtsplan, in welchem ersichtlich ist, welche Themen an welchen Daten behandelt werden. Zus\u00e4tzlich stellen wir dir regelm\u00e4ssig <strong>exklusive Materialien<\/strong> zur Verf\u00fcgung, die speziell auf die neue BiVo-Ausbildung abgestimmt sind. Diese kannst du \u00fcber einen <strong>separaten Zugang<\/strong> jederzeit abrufen.\n<\/p>\n<p><b><\/p>\n<p>\nBereit f\u00fcr den Erfolg?<\/b> Melde dich noch heute an und mach dich optimal fit f\u00fcr dein QV. Bei Fragen kannst du uns jederzeit <a id=\"k1\" href=\"https:\/\/www.stcts.ch\/schulung\/kontakt\/\">kontaktieren<\/a>. Wir freuen uns darauf, dich auf deinem Weg zum erfolgreichen Abschluss zu begleiten.\n<\/p>\n<p class=\"button-style\"><a href=\"https:\/\/www.stcts.ch\/schulung\/kursanmeldung\/\">Anmelden<\/a><\/p>\n<p>&nbsp;<\/p>\n<h3>Termine:<\/h3>\n<p><div id=\"footable_parent_3105\"\n         class=\" footable_parent ninja_table_wrapper loading_ninja_table wp_table_data_press_parent semantic_ui \">\n                        <div\n                class=\"table_description footable_description\"><\/div>\n                    <table data-ninja_table_instance=\"ninja_table_instance_0\" data-footable_id=\"3105\" data-filter-delay=\"1000\" aria-label=\"QV-Vorbereitung Kauffrau\/Kaufmann (neue BiVo)\"            id=\"footable_3105\"\n           data-unique_identifier=\"ninja_table_unique_id_1900395890_3105\"\n           class=\" foo-table ninja_footable foo_table_3105 ninja_table_unique_id_1900395890_3105 ui table  ninja_search_right nt_type_ajax_table selectable celled striped compact vertical_centered  footable-paging-right ninja_table_search_disabled\">\n                <colgroup>\n                            <col class=\"ninja_column_0 \">\n                            <col class=\"ninja_column_1 \">\n                            <col class=\"ninja_column_2 \">\n                            <col class=\"ninja_column_3 \">\n                    <\/colgroup>\n            <\/table>\n    \n    \n    \n<\/div>\n<br \/>\n&nbsp;<\/p>\n<div class=\"btc\">\n*m\u00f6chten Sie mit der Kryptow\u00e4hrung Bitcoin (BTC) bezahlen? <a id=\"k1\" href=\"https:\/\/www.stcts.ch\/schulung\/kontakt\/\">Kontaktieren<\/a> Sie uns.\n<\/div>\n","protected":false},"excerpt":{"rendered":"<p>Starte durch mit unserer QV-Vorbereitung f\u00fcr Kaufleute nach der neuen BiVo \u2013 Das flexible und effiziente Kursangebot, welches dich optimal vorbereitet D<\/p>\n","protected":false},"author":1,"featured_media":0,"parent":0,"menu_order":0,"comment_status":"closed","ping_status":"closed","template":"fullwidth.php","meta":{"footnotes":""},"class_list":["post-710","page","type-page","status-publish","hentry"],"yoast_head":"<!-- This site is optimized with the Yoast SEO plugin v27.5 - https:\/\/yoast.com\/product\/yoast-seo-wordpress\/ -->\n<title>QV-Vorbereitung Kauffrau\/Kaufmann (neue BiVo) - Stucki &amp; Co. Treuhand und Schulungen<\/title>\n<meta name=\"description\" content=\"QV-Vorbereitung Kauffrau\/Kaufmann (neue BiVo) HKB A, HKB B, HKB C und Option Finanzen, Wissensvermittlung.\" \/>\n<meta name=\"robots\" content=\"index, follow, max-snippet:-1, max-image-preview:large, max-video-preview:-1\" \/>\n<link rel=\"canonical\" href=\"https:\/\/www.stcts.ch\/schulung\/qv-vorbereitung-hkb\/\" \/>\n<meta property=\"og:locale\" content=\"de_DE\" \/>\n<meta property=\"og:type\" content=\"article\" \/>\n<meta property=\"og:title\" content=\"QV-Vorbereitung Kauffrau\/Kaufmann (neue BiVo) - Stucki &amp; Co. Treuhand und Schulungen\" \/>\n<meta property=\"og:description\" content=\"QV-Vorbereitung Kauffrau\/Kaufmann (neue BiVo) HKB A, HKB B, HKB C und Option Finanzen, Wissensvermittlung.\" \/>\n<meta property=\"og:url\" content=\"https:\/\/www.stcts.ch\/schulung\/qv-vorbereitung-hkb\/\" \/>\n<meta property=\"og:site_name\" content=\"Stucki &amp; Co. Treuhand und Schulungen\" \/>\n<meta property=\"article:modified_time\" content=\"2025-10-27T10:25:32+00:00\" \/>\n<meta name=\"twitter:card\" content=\"summary_large_image\" \/>\n<meta name=\"twitter:label1\" content=\"Gesch\u00e4tzte Lesezeit\" \/>\n\t<meta name=\"twitter:data1\" content=\"3\u00a0Minuten\" \/>\n<script type=\"application\/ld+json\" class=\"yoast-schema-graph\">{\"@context\":\"https:\\\/\\\/schema.org\",\"@graph\":[{\"@type\":\"WebPage\",\"@id\":\"https:\\\/\\\/www.stcts.ch\\\/schulung\\\/qv-vorbereitung-hkb\\\/\",\"url\":\"https:\\\/\\\/www.stcts.ch\\\/schulung\\\/qv-vorbereitung-hkb\\\/\",\"name\":\"QV-Vorbereitung Kauffrau\\\/Kaufmann (neue BiVo) - Stucki &amp; Co. Treuhand und Schulungen\",\"isPartOf\":{\"@id\":\"https:\\\/\\\/www.stcts.ch\\\/schulung\\\/#website\"},\"datePublished\":\"2018-10-05T08:25:26+00:00\",\"dateModified\":\"2025-10-27T10:25:32+00:00\",\"description\":\"QV-Vorbereitung Kauffrau\\\/Kaufmann (neue BiVo) HKB A, HKB B, HKB C und Option Finanzen, Wissensvermittlung.\",\"breadcrumb\":{\"@id\":\"https:\\\/\\\/www.stcts.ch\\\/schulung\\\/qv-vorbereitung-hkb\\\/#breadcrumb\"},\"inLanguage\":\"de-CH\",\"potentialAction\":[{\"@type\":\"ReadAction\",\"target\":[\"https:\\\/\\\/www.stcts.ch\\\/schulung\\\/qv-vorbereitung-hkb\\\/\"]}]},{\"@type\":\"BreadcrumbList\",\"@id\":\"https:\\\/\\\/www.stcts.ch\\\/schulung\\\/qv-vorbereitung-hkb\\\/#breadcrumb\",\"itemListElement\":[{\"@type\":\"ListItem\",\"position\":1,\"name\":\"Home\",\"item\":\"https:\\\/\\\/www.stcts.ch\\\/schulung\\\/\"},{\"@type\":\"ListItem\",\"position\":2,\"name\":\"QV-Vorbereitung Kauffrau\\\/Kaufmann (neue BiVo)\"}]},{\"@type\":\"WebSite\",\"@id\":\"https:\\\/\\\/www.stcts.ch\\\/schulung\\\/#website\",\"url\":\"https:\\\/\\\/www.stcts.ch\\\/schulung\\\/\",\"name\":\"Stucki &amp; Co. Treuhand und Schulungen\",\"description\":\"\",\"publisher\":{\"@id\":\"https:\\\/\\\/www.stcts.ch\\\/schulung\\\/#organization\"},\"potentialAction\":[{\"@type\":\"SearchAction\",\"target\":{\"@type\":\"EntryPoint\",\"urlTemplate\":\"https:\\\/\\\/www.stcts.ch\\\/schulung\\\/?s={search_term_string}\"},\"query-input\":{\"@type\":\"PropertyValueSpecification\",\"valueRequired\":true,\"valueName\":\"search_term_string\"}}],\"inLanguage\":\"de-CH\"},{\"@type\":\"Organization\",\"@id\":\"https:\\\/\\\/www.stcts.ch\\\/schulung\\\/#organization\",\"name\":\"Stucki & Co. Treuhand und Schulungen\",\"url\":\"https:\\\/\\\/www.stcts.ch\\\/schulung\\\/\",\"logo\":{\"@type\":\"ImageObject\",\"inLanguage\":\"de-CH\",\"@id\":\"https:\\\/\\\/www.stcts.ch\\\/schulung\\\/#\\\/schema\\\/logo\\\/image\\\/\",\"url\":\"\",\"contentUrl\":\"\",\"caption\":\"Stucki & Co. Treuhand und Schulungen\"},\"image\":{\"@id\":\"https:\\\/\\\/www.stcts.ch\\\/schulung\\\/#\\\/schema\\\/logo\\\/image\\\/\"}}]}<\/script>\n<!-- \/ Yoast SEO plugin. -->","yoast_head_json":{"title":"QV-Vorbereitung Kauffrau\/Kaufmann (neue BiVo) - Stucki &amp; Co. Treuhand und Schulungen","description":"QV-Vorbereitung Kauffrau\/Kaufmann (neue BiVo) HKB A, HKB B, HKB C und Option Finanzen, Wissensvermittlung.","robots":{"index":"index","follow":"follow","max-snippet":"max-snippet:-1","max-image-preview":"max-image-preview:large","max-video-preview":"max-video-preview:-1"},"canonical":"https:\/\/www.stcts.ch\/schulung\/qv-vorbereitung-hkb\/","og_locale":"de_DE","og_type":"article","og_title":"QV-Vorbereitung Kauffrau\/Kaufmann (neue BiVo) - Stucki &amp; Co. Treuhand und Schulungen","og_description":"QV-Vorbereitung Kauffrau\/Kaufmann (neue BiVo) HKB A, HKB B, HKB C und Option Finanzen, Wissensvermittlung.","og_url":"https:\/\/www.stcts.ch\/schulung\/qv-vorbereitung-hkb\/","og_site_name":"Stucki &amp; Co. Treuhand und Schulungen","article_modified_time":"2025-10-27T10:25:32+00:00","twitter_card":"summary_large_image","twitter_misc":{"Gesch\u00e4tzte Lesezeit":"3\u00a0Minuten"},"schema":{"@context":"https:\/\/schema.org","@graph":[{"@type":"WebPage","@id":"https:\/\/www.stcts.ch\/schulung\/qv-vorbereitung-hkb\/","url":"https:\/\/www.stcts.ch\/schulung\/qv-vorbereitung-hkb\/","name":"QV-Vorbereitung Kauffrau\/Kaufmann (neue BiVo) - Stucki &amp; Co. Treuhand und Schulungen","isPartOf":{"@id":"https:\/\/www.stcts.ch\/schulung\/#website"},"datePublished":"2018-10-05T08:25:26+00:00","dateModified":"2025-10-27T10:25:32+00:00","description":"QV-Vorbereitung Kauffrau\/Kaufmann (neue BiVo) HKB A, HKB B, HKB C und Option Finanzen, Wissensvermittlung.","breadcrumb":{"@id":"https:\/\/www.stcts.ch\/schulung\/qv-vorbereitung-hkb\/#breadcrumb"},"inLanguage":"de-CH","potentialAction":[{"@type":"ReadAction","target":["https:\/\/www.stcts.ch\/schulung\/qv-vorbereitung-hkb\/"]}]},{"@type":"BreadcrumbList","@id":"https:\/\/www.stcts.ch\/schulung\/qv-vorbereitung-hkb\/#breadcrumb","itemListElement":[{"@type":"ListItem","position":1,"name":"Home","item":"https:\/\/www.stcts.ch\/schulung\/"},{"@type":"ListItem","position":2,"name":"QV-Vorbereitung Kauffrau\/Kaufmann (neue BiVo)"}]},{"@type":"WebSite","@id":"https:\/\/www.stcts.ch\/schulung\/#website","url":"https:\/\/www.stcts.ch\/schulung\/","name":"Stucki &amp; Co. Treuhand und Schulungen","description":"","publisher":{"@id":"https:\/\/www.stcts.ch\/schulung\/#organization"},"potentialAction":[{"@type":"SearchAction","target":{"@type":"EntryPoint","urlTemplate":"https:\/\/www.stcts.ch\/schulung\/?s={search_term_string}"},"query-input":{"@type":"PropertyValueSpecification","valueRequired":true,"valueName":"search_term_string"}}],"inLanguage":"de-CH"},{"@type":"Organization","@id":"https:\/\/www.stcts.ch\/schulung\/#organization","name":"Stucki & Co. Treuhand und Schulungen","url":"https:\/\/www.stcts.ch\/schulung\/","logo":{"@type":"ImageObject","inLanguage":"de-CH","@id":"https:\/\/www.stcts.ch\/schulung\/#\/schema\/logo\/image\/","url":"","contentUrl":"","caption":"Stucki & Co. Treuhand und Schulungen"},"image":{"@id":"https:\/\/www.stcts.ch\/schulung\/#\/schema\/logo\/image\/"}}]}},"_links":{"self":[{"href":"https:\/\/www.stcts.ch\/schulung\/wp-json\/wp\/v2\/pages\/710","targetHints":{"allow":["GET"]}}],"collection":[{"href":"https:\/\/www.stcts.ch\/schulung\/wp-json\/wp\/v2\/pages"}],"about":[{"href":"https:\/\/www.stcts.ch\/schulung\/wp-json\/wp\/v2\/types\/page"}],"author":[{"embeddable":true,"href":"https:\/\/www.stcts.ch\/schulung\/wp-json\/wp\/v2\/users\/1"}],"replies":[{"embeddable":true,"href":"https:\/\/www.stcts.ch\/schulung\/wp-json\/wp\/v2\/comments?post=710"}],"version-history":[{"count":104,"href":"https:\/\/www.stcts.ch\/schulung\/wp-json\/wp\/v2\/pages\/710\/revisions"}],"predecessor-version":[{"id":3179,"href":"https:\/\/www.stcts.ch\/schulung\/wp-json\/wp\/v2\/pages\/710\/revisions\/3179"}],"wp:attachment":[{"href":"https:\/\/www.stcts.ch\/schulung\/wp-json\/wp\/v2\/media?parent=710"}],"curies":[{"name":"wp","href":"https:\/\/api.w.org\/{rel}","templated":true}]}}