{"id":172,"date":"2018-08-28T12:45:30","date_gmt":"2018-08-28T12:45:30","guid":{"rendered":"http:\/\/wp2.stcts.ch\/?page_id=172"},"modified":"2025-06-13T15:55:32","modified_gmt":"2025-06-13T13:55:32","slug":"steuern","status":"publish","type":"page","link":"https:\/\/www.stcts.ch\/treuhand\/steuern\/","title":{"rendered":"Steuern"},"content":{"rendered":"<h1>Steuern, unsere Angebote:<\/h1>\n<h3>Nat\u00fcrliche Personen mit Familienstand ledig, geschieden oder verwittwet<\/h3>\n<ul>\n<li>Steuererkl\u00e4rung f\u00fcr Lehrlinge oder Studenten CHF 129.00* \/ Pauschal<\/li>\n<li>Einfache Steuererkl\u00e4rung (Bankkonten, ohne Liegenschaft) CHF 159.00* \/ Pauschal<\/li>\n<li>Einfache Steuererkl\u00e4rung (Bankkonten, Wertpapiere, Kryptow\u00e4hrungen und 1 Liegenschaft) CHF 189.00* \/ Pauschal<\/li>\n<\/ul>\n<h3>Nat\u00fcrliche Personen mit Familienstand verheiratet<\/h3>\n<ul>\n<li>Einfache Steuererkl\u00e4rung (Bankkonten, ohne Liegenschaft) CHF 189.00* \/ Pauschal<\/li>\n<li>Einfache Steuererkl\u00e4rung (Bankkonten, Wertpapiere, Kryptow\u00e4hrungen und 1 Liegenschaft) CHF 229.00* \/ Pauschal<\/li>\n<\/ul>\n<h3>Zusatzkosten, Info<\/h3>\n<p>\nBitte beachten Sie, dass zu den Pauschalen allenfalls Zusatzkosten entstehen k\u00f6nnen. Nachfolgende Dienstleistungen sind nicht in den jeweiligen Pauschalen enthalten und werden zus\u00e4tzlich berechnet:\n<\/p>\n<ul>\n<li>Komplexe Situationen, zus\u00e4tzliche Formulare, Positionen, Ausk\u00fcnfte einholen, Belege beschaffen usw.: nach Aufwand, d.h. CHF 135.00* \/ Stunde<\/li>\n<li>Portokosten, werden zus\u00e4tzlich verrechnet<\/li>\n<\/ul>\n<p>\nDamit Sie wissen, welche Unterlagen wir f\u00fcr eine schnelle Bearbeitung Ihrer Steuererkl\u00e4rung ben\u00f6tigen, stellen wir Ihnen die untenstehende Checkliste zur Verf\u00fcgung. Senden Sie uns diese (inkl. der Zugangsdaten Ihrer Steuererkl\u00e4rung oder der Steuererkl\u00e4rung in Papierform) anschliessend unterschrieben in elektronischer oder physischer Form (siehe Kontaktdaten). Bei allf\u00e4lligen Unklarheiten oder fehlender Unterlagen werden wir Sie selbstverst\u00e4ndlich kontaktieren.\n<\/p>\n<p class=\"button-style\"><a href=\"https:\/\/stcts.ch\/treuhand\/Checkliste_Steuererklaerung.pdf\">Checkliste<\/a><\/p>\n<h3>Steuererkl\u00e4rung f\u00fcr nat\u00fcrliche Personen mit selbst\u00e4ndiger T\u00e4tigkeit oder juristische Personen<\/h3>\n<p>\n\u00dcbrige Steuererkl\u00e4rungen werden nach Aufwand verrechnet, d.h. mit CHF 135.00* pro Stunde.\n<\/p>\n<p>\nBei Interesse oder f\u00fcr weitere Informationen z\u00f6gern Sie nicht, uns zu <a id=\"k1\" href=\"https:\/\/www.stcts.ch\/treuhand\/kontakt\/\">kontaktieren<\/a>. Wir freuen uns darauf.\n<\/p>\n<p>&nbsp;<\/p>\n<h3>Steuerliche Behandlung von Kryptow\u00e4hrungen, wie Bitcoins, Ethereum usw.<\/h3>\n<p>\nKryptow\u00e4hrungen wie Bitcoins, Ethereum usw. unterliegen der Verm\u00f6genssteuer und sind im Wertschriften- und Guthabenverzeichnis korrekt zu deklarieren. Bei der Einkommenssteuer sind Kursgewinne und Kursverluste im Privatverm\u00f6gen in der Regel steuerfrei. Gerne beraten wir Sie eingehend zu diesem Thema. <a id=\"k1\" href=\"https:\/\/www.stcts.ch\/treuhand\/kontakt\/\">Kontaktieren<\/a> Sie uns hierf\u00fcr, wir freuen uns.\n<\/p>\n<div class=\"mwst\">\n*die Preise verstehen sich exkl. Mehrwertsteuer\n<\/div>\n<div class=\"btc\">\n**m\u00f6chten Sie mit der Kryptow\u00e4hrung Bitcoin (BTC) bezahlen? <a id=\"k1\" href=\"https:\/\/www.stcts.ch\/treuhand\/kontakt\/\">Kontaktieren<\/a> Sie uns.\n<\/div>\n","protected":false},"excerpt":{"rendered":"<p>Steuern, unsere Angebote: Nat\u00fcrliche Personen mit Familienstand ledig, geschieden oder verwittwet Steuererkl\u00e4rung f\u00fcr Lehrlinge oder Studenten CHF 129.0<\/p>\n","protected":false},"author":1,"featured_media":0,"parent":0,"menu_order":2,"comment_status":"closed","ping_status":"closed","template":"fullwidth.php","meta":{"footnotes":""},"class_list":["post-172","page","type-page","status-publish","hentry"],"yoast_head":"<!-- This site is optimized with the Yoast SEO plugin v27.2 - https:\/\/yoast.com\/product\/yoast-seo-wordpress\/ -->\n<title>Steuern - Steuererkl\u00e4rung ausf\u00fcllen lassen Bern - Steuernsparen<\/title>\n<meta name=\"description\" content=\"Steuererkl\u00e4rung ausf\u00fcllen lassen Bern - Steuererkl\u00e4rung g\u00fcnstig erledigen lassen Bern - Steuern sparen - Steuern optimieren.\" \/>\n<meta name=\"robots\" content=\"index, follow, max-snippet:-1, max-image-preview:large, max-video-preview:-1\" \/>\n<link rel=\"canonical\" href=\"https:\/\/www.stcts.ch\/treuhand\/steuern\/\" \/>\n<meta property=\"og:locale\" content=\"de_DE\" \/>\n<meta property=\"og:type\" content=\"article\" \/>\n<meta property=\"og:title\" content=\"Steuern - Steuererkl\u00e4rung ausf\u00fcllen lassen Bern - Steuernsparen\" \/>\n<meta property=\"og:description\" content=\"Steuererkl\u00e4rung ausf\u00fcllen lassen Bern - Steuererkl\u00e4rung g\u00fcnstig erledigen lassen Bern - Steuern sparen - Steuern optimieren.\" \/>\n<meta property=\"og:url\" content=\"https:\/\/www.stcts.ch\/treuhand\/steuern\/\" \/>\n<meta property=\"og:site_name\" content=\"Stucki &amp; Co. Treuhand und Schulungen\" \/>\n<meta property=\"article:modified_time\" content=\"2025-06-13T13:55:32+00:00\" \/>\n<meta name=\"twitter:card\" content=\"summary_large_image\" \/>\n<meta name=\"twitter:label1\" content=\"Gesch\u00e4tzte Lesezeit\" \/>\n\t<meta name=\"twitter:data1\" content=\"2\u00a0Minuten\" \/>\n<script type=\"application\/ld+json\" class=\"yoast-schema-graph\">{\"@context\":\"https:\/\/schema.org\",\"@graph\":[{\"@type\":\"WebPage\",\"@id\":\"https:\/\/www.stcts.ch\/treuhand\/steuern\/\",\"url\":\"https:\/\/www.stcts.ch\/treuhand\/steuern\/\",\"name\":\"Steuern - Steuererkl\u00e4rung ausf\u00fcllen lassen Bern - Steuernsparen\",\"isPartOf\":{\"@id\":\"https:\/\/www.stcts.ch\/treuhand\/#website\"},\"datePublished\":\"2018-08-28T12:45:30+00:00\",\"dateModified\":\"2025-06-13T13:55:32+00:00\",\"description\":\"Steuererkl\u00e4rung ausf\u00fcllen lassen Bern - Steuererkl\u00e4rung g\u00fcnstig erledigen lassen Bern - Steuern sparen - Steuern optimieren.\",\"breadcrumb\":{\"@id\":\"https:\/\/www.stcts.ch\/treuhand\/steuern\/#breadcrumb\"},\"inLanguage\":\"de-CH\",\"potentialAction\":[{\"@type\":\"ReadAction\",\"target\":[\"https:\/\/www.stcts.ch\/treuhand\/steuern\/\"]}]},{\"@type\":\"BreadcrumbList\",\"@id\":\"https:\/\/www.stcts.ch\/treuhand\/steuern\/#breadcrumb\",\"itemListElement\":[{\"@type\":\"ListItem\",\"position\":1,\"name\":\"Home\",\"item\":\"https:\/\/www.stcts.ch\/treuhand\/\"},{\"@type\":\"ListItem\",\"position\":2,\"name\":\"Steuern\"}]},{\"@type\":\"WebSite\",\"@id\":\"https:\/\/www.stcts.ch\/treuhand\/#website\",\"url\":\"https:\/\/www.stcts.ch\/treuhand\/\",\"name\":\"Stucki &amp; Co. Treuhand und Schulungen\",\"description\":\"Ihr zuverl\u00e4ssiger Treuh\u00e4nder in Bern &amp; der ganzen Schweiz\",\"publisher\":{\"@id\":\"https:\/\/www.stcts.ch\/treuhand\/#organization\"},\"potentialAction\":[{\"@type\":\"SearchAction\",\"target\":{\"@type\":\"EntryPoint\",\"urlTemplate\":\"https:\/\/www.stcts.ch\/treuhand\/?s={search_term_string}\"},\"query-input\":{\"@type\":\"PropertyValueSpecification\",\"valueRequired\":true,\"valueName\":\"search_term_string\"}}],\"inLanguage\":\"de-CH\"},{\"@type\":\"Organization\",\"@id\":\"https:\/\/www.stcts.ch\/treuhand\/#organization\",\"name\":\"Stucki & Co. Treuhand und Schulungen\",\"url\":\"https:\/\/www.stcts.ch\/treuhand\/\",\"logo\":{\"@type\":\"ImageObject\",\"inLanguage\":\"de-CH\",\"@id\":\"https:\/\/www.stcts.ch\/treuhand\/#\/schema\/logo\/image\/\",\"url\":\"\",\"contentUrl\":\"\",\"caption\":\"Stucki & Co. Treuhand und Schulungen\"},\"image\":{\"@id\":\"https:\/\/www.stcts.ch\/treuhand\/#\/schema\/logo\/image\/\"}}]}<\/script>\n<!-- \/ Yoast SEO plugin. -->","yoast_head_json":{"title":"Steuern - Steuererkl\u00e4rung ausf\u00fcllen lassen Bern - Steuernsparen","description":"Steuererkl\u00e4rung ausf\u00fcllen lassen Bern - Steuererkl\u00e4rung g\u00fcnstig erledigen lassen Bern - Steuern sparen - Steuern optimieren.","robots":{"index":"index","follow":"follow","max-snippet":"max-snippet:-1","max-image-preview":"max-image-preview:large","max-video-preview":"max-video-preview:-1"},"canonical":"https:\/\/www.stcts.ch\/treuhand\/steuern\/","og_locale":"de_DE","og_type":"article","og_title":"Steuern - Steuererkl\u00e4rung ausf\u00fcllen lassen Bern - Steuernsparen","og_description":"Steuererkl\u00e4rung ausf\u00fcllen lassen Bern - Steuererkl\u00e4rung g\u00fcnstig erledigen lassen Bern - Steuern sparen - Steuern optimieren.","og_url":"https:\/\/www.stcts.ch\/treuhand\/steuern\/","og_site_name":"Stucki &amp; Co. Treuhand und Schulungen","article_modified_time":"2025-06-13T13:55:32+00:00","twitter_card":"summary_large_image","twitter_misc":{"Gesch\u00e4tzte Lesezeit":"2\u00a0Minuten"},"schema":{"@context":"https:\/\/schema.org","@graph":[{"@type":"WebPage","@id":"https:\/\/www.stcts.ch\/treuhand\/steuern\/","url":"https:\/\/www.stcts.ch\/treuhand\/steuern\/","name":"Steuern - Steuererkl\u00e4rung ausf\u00fcllen lassen Bern - Steuernsparen","isPartOf":{"@id":"https:\/\/www.stcts.ch\/treuhand\/#website"},"datePublished":"2018-08-28T12:45:30+00:00","dateModified":"2025-06-13T13:55:32+00:00","description":"Steuererkl\u00e4rung ausf\u00fcllen lassen Bern - Steuererkl\u00e4rung g\u00fcnstig erledigen lassen Bern - Steuern sparen - Steuern optimieren.","breadcrumb":{"@id":"https:\/\/www.stcts.ch\/treuhand\/steuern\/#breadcrumb"},"inLanguage":"de-CH","potentialAction":[{"@type":"ReadAction","target":["https:\/\/www.stcts.ch\/treuhand\/steuern\/"]}]},{"@type":"BreadcrumbList","@id":"https:\/\/www.stcts.ch\/treuhand\/steuern\/#breadcrumb","itemListElement":[{"@type":"ListItem","position":1,"name":"Home","item":"https:\/\/www.stcts.ch\/treuhand\/"},{"@type":"ListItem","position":2,"name":"Steuern"}]},{"@type":"WebSite","@id":"https:\/\/www.stcts.ch\/treuhand\/#website","url":"https:\/\/www.stcts.ch\/treuhand\/","name":"Stucki &amp; Co. Treuhand und Schulungen","description":"Ihr zuverl\u00e4ssiger Treuh\u00e4nder in Bern &amp; der ganzen Schweiz","publisher":{"@id":"https:\/\/www.stcts.ch\/treuhand\/#organization"},"potentialAction":[{"@type":"SearchAction","target":{"@type":"EntryPoint","urlTemplate":"https:\/\/www.stcts.ch\/treuhand\/?s={search_term_string}"},"query-input":{"@type":"PropertyValueSpecification","valueRequired":true,"valueName":"search_term_string"}}],"inLanguage":"de-CH"},{"@type":"Organization","@id":"https:\/\/www.stcts.ch\/treuhand\/#organization","name":"Stucki & Co. Treuhand und Schulungen","url":"https:\/\/www.stcts.ch\/treuhand\/","logo":{"@type":"ImageObject","inLanguage":"de-CH","@id":"https:\/\/www.stcts.ch\/treuhand\/#\/schema\/logo\/image\/","url":"","contentUrl":"","caption":"Stucki & Co. Treuhand und Schulungen"},"image":{"@id":"https:\/\/www.stcts.ch\/treuhand\/#\/schema\/logo\/image\/"}}]}},"_links":{"self":[{"href":"https:\/\/www.stcts.ch\/treuhand\/wp-json\/wp\/v2\/pages\/172","targetHints":{"allow":["GET"]}}],"collection":[{"href":"https:\/\/www.stcts.ch\/treuhand\/wp-json\/wp\/v2\/pages"}],"about":[{"href":"https:\/\/www.stcts.ch\/treuhand\/wp-json\/wp\/v2\/types\/page"}],"author":[{"embeddable":true,"href":"https:\/\/www.stcts.ch\/treuhand\/wp-json\/wp\/v2\/users\/1"}],"replies":[{"embeddable":true,"href":"https:\/\/www.stcts.ch\/treuhand\/wp-json\/wp\/v2\/comments?post=172"}],"version-history":[{"count":56,"href":"https:\/\/www.stcts.ch\/treuhand\/wp-json\/wp\/v2\/pages\/172\/revisions"}],"predecessor-version":[{"id":2505,"href":"https:\/\/www.stcts.ch\/treuhand\/wp-json\/wp\/v2\/pages\/172\/revisions\/2505"}],"wp:attachment":[{"href":"https:\/\/www.stcts.ch\/treuhand\/wp-json\/wp\/v2\/media?parent=172"}],"curies":[{"name":"wp","href":"https:\/\/api.w.org\/{rel}","templated":true}]}}