{"id":2130,"date":"2023-04-18T15:03:58","date_gmt":"2023-04-18T13:03:58","guid":{"rendered":"https:\/\/www.stcts.ch\/treuhand\/?page_id=2130"},"modified":"2026-02-27T17:12:34","modified_gmt":"2026-02-27T16:12:34","slug":"sachbearbeiter-in-treuhand-bern","status":"publish","type":"page","link":"https:\/\/www.stcts.ch\/treuhand\/sachbearbeiter-in-treuhand-bern\/","title":{"rendered":"Sachbearbeiter\/in Treuhand"},"content":{"rendered":"<h1>Sachbearbeiter\/in Treuhand Teilzeit (30%-70%)<\/h1>\n<p>\nWir sind auf der Suche nach einer motivierten Person, die eine abwechslungsreiche Anstellung als Sachbearbeiter\/in Treuhand sucht.\n<\/p>\n<p>\nAls Sachbearbeiter\/in Treuhand sind Sie f\u00fcr die selbstst\u00e4ndige Betreuung Ihrer Mandate verantwortlich. Dazu geh\u00f6rt unter anderem das F\u00fchren von Kundenbuchhaltungen, die Erstellung von Abschl\u00fcssen und Mehrwertsteuerabrechnungen, die Lohnbuchhaltung inklusive Lohnadministration sowie die Erledigung von Steuererkl\u00e4rungen f\u00fcr nat\u00fcrliche und juristische Personen. Zus\u00e4tzlich unterst\u00fctzen Sie uns beim Bewirtschaften unseres Immobilien-Portfolios.\n<\/p>\n<p>\nDie Arbeitsstelle setzt viel Eigenverantwortung voraus und bietet Ihnen die M\u00f6glichkeit, wahlweise im Homeoffice oder vor Ort zu arbeiten. Sie k\u00f6nnen den bevorzugten Arbeitsort mehrheitlich selbst bestimmen. Im Gegenzug gew\u00e4hren wir Ihnen viele Freiheiten mit der M\u00f6glichkeit, auf Wunsch noch mehr Verantwortung zu \u00fcbernehmen und Ihren Besch\u00e4ftigungsgrad zu erh\u00f6hen.\n<\/p>\n<h3>Anforderungen:<\/h3>\n<ul>\n<li>Abgeschlossene Ausbildung als Kaufmann\/Kauffrau, Handelsschule, Studium oder \u00e4hnliches<\/li>\n<li>Berufserfahrung im Treuhandwesen<\/li>\n<li>Gute IT-Kenntnisse (MS Office, div. Buchhaltungsprogramme)<\/li>\n<li>Stetige Lernbereitschaft sowie Flexibilit\u00e4t bez\u00fcglich Optimierungen (inkl. Einsatz neuer Technologien)<\/li>\n<li>Bereitschaft, \u00fcberdurchschnittlich gute Leistungen zu erbringen<\/li>\n<li>Deutsch als Muttersprache (Franz\u00f6sisch\/Italienisch\/Englisch von Vorteil, aber nicht zwingend erforderlich)<\/li>\n<li>Zuverl\u00e4ssigkeit in s\u00e4mtlichen Bereichen<\/li>\n<\/ul>\n<p>\nWir bieten Ihnen eine interessante, abwechslungsreiche Arbeitsstelle in einem motivierten Team sowie sehr gute Entwicklungsm\u00f6glichkeiten. Kontinuierliche Weiterbildungen werden unterst\u00fctzt und gef\u00f6rdert.<\/p>\n<p>\nUnser Unternehmen, die Gesellschaft Stucki &#038; Co. Treuhand und Schulungen, wurde im Jahr 2015 gegr\u00fcndet und legt grossen Wert auf nachhaltige Kundenbeziehungen. Unser Kundenstamm profitiert von einem sehr hohen Qualit\u00e4tsstandard, egal ob im Bereich Treuhand oder Schulungen. Das Sprichwort \u201eder Kunde ist K\u00f6nig\u201c nehmen wir wortw\u00f6rtlich.\n<\/p>\n<p>\nIhre Bewerbungsunterlagen k\u00f6nnen Sie elektronisch an folgende Adresse einreichen:\n<\/p>\n<p><a id=\"k1\" href=\"mailto:careers@stcts.ch\">careers@stcts.ch<\/a><\/p>\n<p>\nWeitere Ausk\u00fcnfte erteilen Ihnen gerne:\n<\/p>\n<p>\nNadine Stucki<br \/>\nMitinhaberin von Stucki &#038; Co. Treuhand und Schulungen<br \/>\n<a id=\"k1\" href=\"mailto:nadine.stucki@stcts.ch\">nadine.stucki@stcts.ch<\/a>\n<\/p>\n<p>\nSlim Gasmi<br \/>\nMitinhaber von Stucki &#038; Co. Treuhand und Schulungen<br \/>\n<a id=\"k1\" href=\"mailto:slim.gasmi@stcts.ch\">slim.gasmi@stcts.ch<\/a>\n<\/p>\n<p>\nWir freuen uns auf Ihre Bewerbung.<\/p>\n","protected":false},"excerpt":{"rendered":"<p>Sachbearbeiter\/in Treuhand Teilzeit (30%-70%) Wir sind auf der Suche nach einer motivierten Person, die eine abwechslungsreiche Anstellung als Sachbearbeit<\/p>\n","protected":false},"author":1,"featured_media":0,"parent":0,"menu_order":0,"comment_status":"closed","ping_status":"closed","template":"fullwidth.php","meta":{"footnotes":""},"class_list":["post-2130","page","type-page","status-publish","hentry"],"yoast_head":"<!-- This site is optimized with the Yoast SEO plugin v27.5 - https:\/\/yoast.com\/product\/yoast-seo-wordpress\/ -->\n<title>Sachbearbeiter\/in Treuhand - Stucki &amp; Co. Treuhand und Schulungen<\/title>\n<meta name=\"description\" content=\"Wir suchen eine\/n Sachbearbeiter\/in Treuhand in Teilzeit f\u00fcr unser Unternehmen. In dieser Position sind Sie f\u00fcr die Erstellung von Buchhaltungen, Abschl\u00fcssen und MwSt-Abrechnungen zust\u00e4ndig. Erfahrung mit Buchhaltungssoftware und gute Kenntnisse in der Treuhandbranche sind von Vorteil. Bewerben Sie sich jetzt\" \/>\n<meta name=\"robots\" content=\"index, follow, max-snippet:-1, max-image-preview:large, max-video-preview:-1\" \/>\n<link rel=\"canonical\" href=\"https:\/\/www.stcts.ch\/treuhand\/sachbearbeiter-in-treuhand-bern\/\" \/>\n<meta property=\"og:locale\" content=\"de_DE\" \/>\n<meta property=\"og:type\" content=\"article\" \/>\n<meta property=\"og:title\" content=\"Sachbearbeiter\/in Treuhand - Stucki &amp; Co. Treuhand und Schulungen\" \/>\n<meta property=\"og:description\" content=\"Wir suchen eine\/n Sachbearbeiter\/in Treuhand in Teilzeit f\u00fcr unser Unternehmen. In dieser Position sind Sie f\u00fcr die Erstellung von Buchhaltungen, Abschl\u00fcssen und MwSt-Abrechnungen zust\u00e4ndig. Erfahrung mit Buchhaltungssoftware und gute Kenntnisse in der Treuhandbranche sind von Vorteil. Bewerben Sie sich jetzt\" \/>\n<meta property=\"og:url\" content=\"https:\/\/www.stcts.ch\/treuhand\/sachbearbeiter-in-treuhand-bern\/\" \/>\n<meta property=\"og:site_name\" content=\"Stucki &amp; Co. Treuhand und Schulungen\" \/>\n<meta property=\"article:modified_time\" content=\"2026-02-27T16:12:34+00:00\" \/>\n<meta name=\"twitter:card\" content=\"summary_large_image\" \/>\n<meta name=\"twitter:label1\" content=\"Gesch\u00e4tzte Lesezeit\" \/>\n\t<meta name=\"twitter:data1\" content=\"2\u00a0Minuten\" \/>\n<script type=\"application\/ld+json\" class=\"yoast-schema-graph\">{\"@context\":\"https:\\\/\\\/schema.org\",\"@graph\":[{\"@type\":\"WebPage\",\"@id\":\"https:\\\/\\\/www.stcts.ch\\\/treuhand\\\/sachbearbeiter-in-treuhand-bern\\\/\",\"url\":\"https:\\\/\\\/www.stcts.ch\\\/treuhand\\\/sachbearbeiter-in-treuhand-bern\\\/\",\"name\":\"Sachbearbeiter\\\/in Treuhand - Stucki &amp; Co. Treuhand und Schulungen\",\"isPartOf\":{\"@id\":\"https:\\\/\\\/www.stcts.ch\\\/treuhand\\\/#website\"},\"datePublished\":\"2023-04-18T13:03:58+00:00\",\"dateModified\":\"2026-02-27T16:12:34+00:00\",\"description\":\"Wir suchen eine\\\/n Sachbearbeiter\\\/in Treuhand in Teilzeit f\u00fcr unser Unternehmen. In dieser Position sind Sie f\u00fcr die Erstellung von Buchhaltungen, Abschl\u00fcssen und MwSt-Abrechnungen zust\u00e4ndig. Erfahrung mit Buchhaltungssoftware und gute Kenntnisse in der Treuhandbranche sind von Vorteil. Bewerben Sie sich jetzt\",\"breadcrumb\":{\"@id\":\"https:\\\/\\\/www.stcts.ch\\\/treuhand\\\/sachbearbeiter-in-treuhand-bern\\\/#breadcrumb\"},\"inLanguage\":\"de-CH\",\"potentialAction\":[{\"@type\":\"ReadAction\",\"target\":[\"https:\\\/\\\/www.stcts.ch\\\/treuhand\\\/sachbearbeiter-in-treuhand-bern\\\/\"]}]},{\"@type\":\"BreadcrumbList\",\"@id\":\"https:\\\/\\\/www.stcts.ch\\\/treuhand\\\/sachbearbeiter-in-treuhand-bern\\\/#breadcrumb\",\"itemListElement\":[{\"@type\":\"ListItem\",\"position\":1,\"name\":\"Home\",\"item\":\"https:\\\/\\\/www.stcts.ch\\\/treuhand\\\/\"},{\"@type\":\"ListItem\",\"position\":2,\"name\":\"Sachbearbeiter\\\/in Treuhand\"}]},{\"@type\":\"WebSite\",\"@id\":\"https:\\\/\\\/www.stcts.ch\\\/treuhand\\\/#website\",\"url\":\"https:\\\/\\\/www.stcts.ch\\\/treuhand\\\/\",\"name\":\"Stucki &amp; Co. Treuhand und Schulungen\",\"description\":\"Ihr zuverl\u00e4ssiger Treuh\u00e4nder in Bern &amp; der ganzen Schweiz\",\"publisher\":{\"@id\":\"https:\\\/\\\/www.stcts.ch\\\/treuhand\\\/#organization\"},\"potentialAction\":[{\"@type\":\"SearchAction\",\"target\":{\"@type\":\"EntryPoint\",\"urlTemplate\":\"https:\\\/\\\/www.stcts.ch\\\/treuhand\\\/?s={search_term_string}\"},\"query-input\":{\"@type\":\"PropertyValueSpecification\",\"valueRequired\":true,\"valueName\":\"search_term_string\"}}],\"inLanguage\":\"de-CH\"},{\"@type\":\"Organization\",\"@id\":\"https:\\\/\\\/www.stcts.ch\\\/treuhand\\\/#organization\",\"name\":\"Stucki & Co. Treuhand und Schulungen\",\"url\":\"https:\\\/\\\/www.stcts.ch\\\/treuhand\\\/\",\"logo\":{\"@type\":\"ImageObject\",\"inLanguage\":\"de-CH\",\"@id\":\"https:\\\/\\\/www.stcts.ch\\\/treuhand\\\/#\\\/schema\\\/logo\\\/image\\\/\",\"url\":\"\",\"contentUrl\":\"\",\"caption\":\"Stucki & Co. Treuhand und Schulungen\"},\"image\":{\"@id\":\"https:\\\/\\\/www.stcts.ch\\\/treuhand\\\/#\\\/schema\\\/logo\\\/image\\\/\"}}]}<\/script>\n<!-- \/ Yoast SEO plugin. -->","yoast_head_json":{"title":"Sachbearbeiter\/in Treuhand - Stucki &amp; Co. Treuhand und Schulungen","description":"Wir suchen eine\/n Sachbearbeiter\/in Treuhand in Teilzeit f\u00fcr unser Unternehmen. In dieser Position sind Sie f\u00fcr die Erstellung von Buchhaltungen, Abschl\u00fcssen und MwSt-Abrechnungen zust\u00e4ndig. Erfahrung mit Buchhaltungssoftware und gute Kenntnisse in der Treuhandbranche sind von Vorteil. Bewerben Sie sich jetzt","robots":{"index":"index","follow":"follow","max-snippet":"max-snippet:-1","max-image-preview":"max-image-preview:large","max-video-preview":"max-video-preview:-1"},"canonical":"https:\/\/www.stcts.ch\/treuhand\/sachbearbeiter-in-treuhand-bern\/","og_locale":"de_DE","og_type":"article","og_title":"Sachbearbeiter\/in Treuhand - Stucki &amp; Co. Treuhand und Schulungen","og_description":"Wir suchen eine\/n Sachbearbeiter\/in Treuhand in Teilzeit f\u00fcr unser Unternehmen. In dieser Position sind Sie f\u00fcr die Erstellung von Buchhaltungen, Abschl\u00fcssen und MwSt-Abrechnungen zust\u00e4ndig. Erfahrung mit Buchhaltungssoftware und gute Kenntnisse in der Treuhandbranche sind von Vorteil. Bewerben Sie sich jetzt","og_url":"https:\/\/www.stcts.ch\/treuhand\/sachbearbeiter-in-treuhand-bern\/","og_site_name":"Stucki &amp; Co. Treuhand und Schulungen","article_modified_time":"2026-02-27T16:12:34+00:00","twitter_card":"summary_large_image","twitter_misc":{"Gesch\u00e4tzte Lesezeit":"2\u00a0Minuten"},"schema":{"@context":"https:\/\/schema.org","@graph":[{"@type":"WebPage","@id":"https:\/\/www.stcts.ch\/treuhand\/sachbearbeiter-in-treuhand-bern\/","url":"https:\/\/www.stcts.ch\/treuhand\/sachbearbeiter-in-treuhand-bern\/","name":"Sachbearbeiter\/in Treuhand - Stucki &amp; Co. Treuhand und Schulungen","isPartOf":{"@id":"https:\/\/www.stcts.ch\/treuhand\/#website"},"datePublished":"2023-04-18T13:03:58+00:00","dateModified":"2026-02-27T16:12:34+00:00","description":"Wir suchen eine\/n Sachbearbeiter\/in Treuhand in Teilzeit f\u00fcr unser Unternehmen. In dieser Position sind Sie f\u00fcr die Erstellung von Buchhaltungen, Abschl\u00fcssen und MwSt-Abrechnungen zust\u00e4ndig. Erfahrung mit Buchhaltungssoftware und gute Kenntnisse in der Treuhandbranche sind von Vorteil. Bewerben Sie sich jetzt","breadcrumb":{"@id":"https:\/\/www.stcts.ch\/treuhand\/sachbearbeiter-in-treuhand-bern\/#breadcrumb"},"inLanguage":"de-CH","potentialAction":[{"@type":"ReadAction","target":["https:\/\/www.stcts.ch\/treuhand\/sachbearbeiter-in-treuhand-bern\/"]}]},{"@type":"BreadcrumbList","@id":"https:\/\/www.stcts.ch\/treuhand\/sachbearbeiter-in-treuhand-bern\/#breadcrumb","itemListElement":[{"@type":"ListItem","position":1,"name":"Home","item":"https:\/\/www.stcts.ch\/treuhand\/"},{"@type":"ListItem","position":2,"name":"Sachbearbeiter\/in Treuhand"}]},{"@type":"WebSite","@id":"https:\/\/www.stcts.ch\/treuhand\/#website","url":"https:\/\/www.stcts.ch\/treuhand\/","name":"Stucki &amp; Co. Treuhand und Schulungen","description":"Ihr zuverl\u00e4ssiger Treuh\u00e4nder in Bern &amp; der ganzen Schweiz","publisher":{"@id":"https:\/\/www.stcts.ch\/treuhand\/#organization"},"potentialAction":[{"@type":"SearchAction","target":{"@type":"EntryPoint","urlTemplate":"https:\/\/www.stcts.ch\/treuhand\/?s={search_term_string}"},"query-input":{"@type":"PropertyValueSpecification","valueRequired":true,"valueName":"search_term_string"}}],"inLanguage":"de-CH"},{"@type":"Organization","@id":"https:\/\/www.stcts.ch\/treuhand\/#organization","name":"Stucki & Co. Treuhand und Schulungen","url":"https:\/\/www.stcts.ch\/treuhand\/","logo":{"@type":"ImageObject","inLanguage":"de-CH","@id":"https:\/\/www.stcts.ch\/treuhand\/#\/schema\/logo\/image\/","url":"","contentUrl":"","caption":"Stucki & Co. Treuhand und Schulungen"},"image":{"@id":"https:\/\/www.stcts.ch\/treuhand\/#\/schema\/logo\/image\/"}}]}},"_links":{"self":[{"href":"https:\/\/www.stcts.ch\/treuhand\/wp-json\/wp\/v2\/pages\/2130","targetHints":{"allow":["GET"]}}],"collection":[{"href":"https:\/\/www.stcts.ch\/treuhand\/wp-json\/wp\/v2\/pages"}],"about":[{"href":"https:\/\/www.stcts.ch\/treuhand\/wp-json\/wp\/v2\/types\/page"}],"author":[{"embeddable":true,"href":"https:\/\/www.stcts.ch\/treuhand\/wp-json\/wp\/v2\/users\/1"}],"replies":[{"embeddable":true,"href":"https:\/\/www.stcts.ch\/treuhand\/wp-json\/wp\/v2\/comments?post=2130"}],"version-history":[{"count":43,"href":"https:\/\/www.stcts.ch\/treuhand\/wp-json\/wp\/v2\/pages\/2130\/revisions"}],"predecessor-version":[{"id":2507,"href":"https:\/\/www.stcts.ch\/treuhand\/wp-json\/wp\/v2\/pages\/2130\/revisions\/2507"}],"wp:attachment":[{"href":"https:\/\/www.stcts.ch\/treuhand\/wp-json\/wp\/v2\/media?parent=2130"}],"curies":[{"name":"wp","href":"https:\/\/api.w.org\/{rel}","templated":true}]}}