{"id":220,"date":"2018-08-28T14:26:39","date_gmt":"2018-08-28T14:26:39","guid":{"rendered":"http:\/\/wp2.stcts.ch\/?page_id=220"},"modified":"2024-11-29T14:04:14","modified_gmt":"2024-11-29T13:04:14","slug":"kollektivgesellschaft-gruenden","status":"publish","type":"page","link":"https:\/\/www.stcts.ch\/treuhand\/kollektivgesellschaft-gruenden\/","title":{"rendered":"Kollektivgesellschaft gr\u00fcnden"},"content":{"rendered":"<h2>Kollektivgesellschaft gr\u00fcnden<\/h2>\n<h3>F\u00fcr die Gr\u00fcndung einer Kollektivgesellschaft sind mindestens zwei nat\u00fcrliche Personen n\u00f6tig. Das Verfahren ist unkompliziert und erfordert kein Mindestkapital.<\/h3>\n<p>\nIn der Schweiz existieren rund 8000 Kollektivgesellschaften. Es handelt sich bei dieser Rechtsform um Betriebe ohne eigene Rechtspers\u00f6nlichkeit. Viele Neuunternehmer entscheiden sich f\u00fcr diese Rechtsform.\n<\/p>\n<h3>Einige Vorteile<\/h3>\n<ul>\n<li>Kein Mindestkapital erforderlich<\/li>\n<li>Geringe Gr\u00fcndungskosten<\/li>\n<li>Keine steuerliche Doppelbelastung<\/li>\n<li>Keine Revisionsstelle erforderlich<\/li>\n<\/ul>\n<h3>Einige Nachteile<\/h3>\n<ul>\n<li>Unbeschr\u00e4nkte pers\u00f6nliche Haftung<\/li>\n<li>Gesch\u00e4ftsname nicht frei w\u00e4hlbar<\/li>\n<li>Der Schutz des Firmennamens ist nur gebietsm\u00e4ssig beschr\u00e4nkt<\/li>\n<li>Keine Arbeitslosenversicherung<\/li>\n<li>Schwieriger Zugang zum Kapitalmarkt<\/li>\n<li>Durch den Handelsregistereintrag ist keine Anonymit\u00e4t der Gesellschafter m\u00f6glich<\/li>\n<\/ul>\n<p>\nUNSER ANGEBOT: wir verkaufen Ihnen garantiert keine zus\u00e4tzlichen Dienstleistungen wie beispielsweise Bankkonti, Versicherungen u.v.m. (bei Bedarf geben wir jedoch gerne Empfehlungen ab). Wir erledigen f\u00fcr Sie, was f\u00fcr eine erfolgreiche Gr\u00fcndung n\u00f6tig ist. Somit entstehen keine zus\u00e4tzlichen Kosten zu Ihren Lasten. Gerne beraten wir Sie in einem pers\u00f6nlichen Gespr\u00e4ch (kostenlos).\n<\/p>\n<p>\nBei Interesse oder f\u00fcr weitere Informationen z\u00f6gern Sie nicht, uns zu <a id=\"k1\" href=\"https:\/\/www.stcts.ch\/treuhand\/kontakt\/\">kontaktieren<\/a>. Wir freuen uns darauf.<\/p>\n","protected":false},"excerpt":{"rendered":"<p>Kollektivgesellschaft gr\u00fcnden F\u00fcr die Gr\u00fcndung einer Kollektivgesellschaft sind mindestens zwei nat\u00fcrliche Personen n\u00f6tig. Das Verfahren ist unkompliz<\/p>\n","protected":false},"author":1,"featured_media":0,"parent":0,"menu_order":6,"comment_status":"closed","ping_status":"closed","template":"fullwidth.php","meta":{"footnotes":""},"class_list":["post-220","page","type-page","status-publish","hentry"],"yoast_head":"<!-- This site is optimized with the Yoast SEO plugin v27.2 - https:\/\/yoast.com\/product\/yoast-seo-wordpress\/ -->\n<title>Kollektivgesellschaft gr\u00fcnden - Stucki &amp; Co. Treuhand und Schulungen<\/title>\n<meta name=\"description\" content=\"Informationen zur Gr\u00fcndung einer Kollektivgesellschaft. Hier erfahren Sie alles \u00fcber die Kollektivgesellschaft. Vorteile, Nachteile Kollektivgesellschaft.\" \/>\n<meta name=\"robots\" content=\"index, follow, max-snippet:-1, max-image-preview:large, max-video-preview:-1\" \/>\n<link rel=\"canonical\" href=\"https:\/\/www.stcts.ch\/treuhand\/kollektivgesellschaft-gruenden\/\" \/>\n<meta property=\"og:locale\" content=\"de_DE\" \/>\n<meta property=\"og:type\" content=\"article\" \/>\n<meta property=\"og:title\" content=\"Kollektivgesellschaft gr\u00fcnden - Stucki &amp; Co. Treuhand und Schulungen\" \/>\n<meta property=\"og:description\" content=\"Informationen zur Gr\u00fcndung einer Kollektivgesellschaft. Hier erfahren Sie alles \u00fcber die Kollektivgesellschaft. Vorteile, Nachteile Kollektivgesellschaft.\" \/>\n<meta property=\"og:url\" content=\"https:\/\/www.stcts.ch\/treuhand\/kollektivgesellschaft-gruenden\/\" \/>\n<meta property=\"og:site_name\" content=\"Stucki &amp; Co. Treuhand und Schulungen\" \/>\n<meta property=\"article:modified_time\" content=\"2024-11-29T13:04:14+00:00\" \/>\n<meta name=\"twitter:card\" content=\"summary_large_image\" \/>\n<meta name=\"twitter:label1\" content=\"Gesch\u00e4tzte Lesezeit\" \/>\n\t<meta name=\"twitter:data1\" content=\"2\u00a0Minuten\" \/>\n<script type=\"application\/ld+json\" class=\"yoast-schema-graph\">{\"@context\":\"https:\/\/schema.org\",\"@graph\":[{\"@type\":\"WebPage\",\"@id\":\"https:\/\/www.stcts.ch\/treuhand\/kollektivgesellschaft-gruenden\/\",\"url\":\"https:\/\/www.stcts.ch\/treuhand\/kollektivgesellschaft-gruenden\/\",\"name\":\"Kollektivgesellschaft gr\u00fcnden - Stucki &amp; Co. Treuhand und Schulungen\",\"isPartOf\":{\"@id\":\"https:\/\/www.stcts.ch\/treuhand\/#website\"},\"datePublished\":\"2018-08-28T14:26:39+00:00\",\"dateModified\":\"2024-11-29T13:04:14+00:00\",\"description\":\"Informationen zur Gr\u00fcndung einer Kollektivgesellschaft. Hier erfahren Sie alles \u00fcber die Kollektivgesellschaft. Vorteile, Nachteile Kollektivgesellschaft.\",\"breadcrumb\":{\"@id\":\"https:\/\/www.stcts.ch\/treuhand\/kollektivgesellschaft-gruenden\/#breadcrumb\"},\"inLanguage\":\"de-CH\",\"potentialAction\":[{\"@type\":\"ReadAction\",\"target\":[\"https:\/\/www.stcts.ch\/treuhand\/kollektivgesellschaft-gruenden\/\"]}]},{\"@type\":\"BreadcrumbList\",\"@id\":\"https:\/\/www.stcts.ch\/treuhand\/kollektivgesellschaft-gruenden\/#breadcrumb\",\"itemListElement\":[{\"@type\":\"ListItem\",\"position\":1,\"name\":\"Home\",\"item\":\"https:\/\/www.stcts.ch\/treuhand\/\"},{\"@type\":\"ListItem\",\"position\":2,\"name\":\"Kollektivgesellschaft gr\u00fcnden\"}]},{\"@type\":\"WebSite\",\"@id\":\"https:\/\/www.stcts.ch\/treuhand\/#website\",\"url\":\"https:\/\/www.stcts.ch\/treuhand\/\",\"name\":\"Stucki &amp; Co. Treuhand und Schulungen\",\"description\":\"Ihr zuverl\u00e4ssiger Treuh\u00e4nder in Bern &amp; der ganzen Schweiz\",\"publisher\":{\"@id\":\"https:\/\/www.stcts.ch\/treuhand\/#organization\"},\"potentialAction\":[{\"@type\":\"SearchAction\",\"target\":{\"@type\":\"EntryPoint\",\"urlTemplate\":\"https:\/\/www.stcts.ch\/treuhand\/?s={search_term_string}\"},\"query-input\":{\"@type\":\"PropertyValueSpecification\",\"valueRequired\":true,\"valueName\":\"search_term_string\"}}],\"inLanguage\":\"de-CH\"},{\"@type\":\"Organization\",\"@id\":\"https:\/\/www.stcts.ch\/treuhand\/#organization\",\"name\":\"Stucki & Co. Treuhand und Schulungen\",\"url\":\"https:\/\/www.stcts.ch\/treuhand\/\",\"logo\":{\"@type\":\"ImageObject\",\"inLanguage\":\"de-CH\",\"@id\":\"https:\/\/www.stcts.ch\/treuhand\/#\/schema\/logo\/image\/\",\"url\":\"\",\"contentUrl\":\"\",\"caption\":\"Stucki & Co. Treuhand und Schulungen\"},\"image\":{\"@id\":\"https:\/\/www.stcts.ch\/treuhand\/#\/schema\/logo\/image\/\"}}]}<\/script>\n<!-- \/ Yoast SEO plugin. -->","yoast_head_json":{"title":"Kollektivgesellschaft gr\u00fcnden - Stucki &amp; Co. Treuhand und Schulungen","description":"Informationen zur Gr\u00fcndung einer Kollektivgesellschaft. Hier erfahren Sie alles \u00fcber die Kollektivgesellschaft. Vorteile, Nachteile Kollektivgesellschaft.","robots":{"index":"index","follow":"follow","max-snippet":"max-snippet:-1","max-image-preview":"max-image-preview:large","max-video-preview":"max-video-preview:-1"},"canonical":"https:\/\/www.stcts.ch\/treuhand\/kollektivgesellschaft-gruenden\/","og_locale":"de_DE","og_type":"article","og_title":"Kollektivgesellschaft gr\u00fcnden - Stucki &amp; Co. Treuhand und Schulungen","og_description":"Informationen zur Gr\u00fcndung einer Kollektivgesellschaft. Hier erfahren Sie alles \u00fcber die Kollektivgesellschaft. Vorteile, Nachteile Kollektivgesellschaft.","og_url":"https:\/\/www.stcts.ch\/treuhand\/kollektivgesellschaft-gruenden\/","og_site_name":"Stucki &amp; Co. Treuhand und Schulungen","article_modified_time":"2024-11-29T13:04:14+00:00","twitter_card":"summary_large_image","twitter_misc":{"Gesch\u00e4tzte Lesezeit":"2\u00a0Minuten"},"schema":{"@context":"https:\/\/schema.org","@graph":[{"@type":"WebPage","@id":"https:\/\/www.stcts.ch\/treuhand\/kollektivgesellschaft-gruenden\/","url":"https:\/\/www.stcts.ch\/treuhand\/kollektivgesellschaft-gruenden\/","name":"Kollektivgesellschaft gr\u00fcnden - Stucki &amp; Co. Treuhand und Schulungen","isPartOf":{"@id":"https:\/\/www.stcts.ch\/treuhand\/#website"},"datePublished":"2018-08-28T14:26:39+00:00","dateModified":"2024-11-29T13:04:14+00:00","description":"Informationen zur Gr\u00fcndung einer Kollektivgesellschaft. Hier erfahren Sie alles \u00fcber die Kollektivgesellschaft. Vorteile, Nachteile Kollektivgesellschaft.","breadcrumb":{"@id":"https:\/\/www.stcts.ch\/treuhand\/kollektivgesellschaft-gruenden\/#breadcrumb"},"inLanguage":"de-CH","potentialAction":[{"@type":"ReadAction","target":["https:\/\/www.stcts.ch\/treuhand\/kollektivgesellschaft-gruenden\/"]}]},{"@type":"BreadcrumbList","@id":"https:\/\/www.stcts.ch\/treuhand\/kollektivgesellschaft-gruenden\/#breadcrumb","itemListElement":[{"@type":"ListItem","position":1,"name":"Home","item":"https:\/\/www.stcts.ch\/treuhand\/"},{"@type":"ListItem","position":2,"name":"Kollektivgesellschaft gr\u00fcnden"}]},{"@type":"WebSite","@id":"https:\/\/www.stcts.ch\/treuhand\/#website","url":"https:\/\/www.stcts.ch\/treuhand\/","name":"Stucki &amp; Co. Treuhand und Schulungen","description":"Ihr zuverl\u00e4ssiger Treuh\u00e4nder in Bern &amp; der ganzen Schweiz","publisher":{"@id":"https:\/\/www.stcts.ch\/treuhand\/#organization"},"potentialAction":[{"@type":"SearchAction","target":{"@type":"EntryPoint","urlTemplate":"https:\/\/www.stcts.ch\/treuhand\/?s={search_term_string}"},"query-input":{"@type":"PropertyValueSpecification","valueRequired":true,"valueName":"search_term_string"}}],"inLanguage":"de-CH"},{"@type":"Organization","@id":"https:\/\/www.stcts.ch\/treuhand\/#organization","name":"Stucki & Co. Treuhand und Schulungen","url":"https:\/\/www.stcts.ch\/treuhand\/","logo":{"@type":"ImageObject","inLanguage":"de-CH","@id":"https:\/\/www.stcts.ch\/treuhand\/#\/schema\/logo\/image\/","url":"","contentUrl":"","caption":"Stucki & Co. Treuhand und Schulungen"},"image":{"@id":"https:\/\/www.stcts.ch\/treuhand\/#\/schema\/logo\/image\/"}}]}},"_links":{"self":[{"href":"https:\/\/www.stcts.ch\/treuhand\/wp-json\/wp\/v2\/pages\/220","targetHints":{"allow":["GET"]}}],"collection":[{"href":"https:\/\/www.stcts.ch\/treuhand\/wp-json\/wp\/v2\/pages"}],"about":[{"href":"https:\/\/www.stcts.ch\/treuhand\/wp-json\/wp\/v2\/types\/page"}],"author":[{"embeddable":true,"href":"https:\/\/www.stcts.ch\/treuhand\/wp-json\/wp\/v2\/users\/1"}],"replies":[{"embeddable":true,"href":"https:\/\/www.stcts.ch\/treuhand\/wp-json\/wp\/v2\/comments?post=220"}],"version-history":[{"count":18,"href":"https:\/\/www.stcts.ch\/treuhand\/wp-json\/wp\/v2\/pages\/220\/revisions"}],"predecessor-version":[{"id":2293,"href":"https:\/\/www.stcts.ch\/treuhand\/wp-json\/wp\/v2\/pages\/220\/revisions\/2293"}],"wp:attachment":[{"href":"https:\/\/www.stcts.ch\/treuhand\/wp-json\/wp\/v2\/media?parent=220"}],"curies":[{"name":"wp","href":"https:\/\/api.w.org\/{rel}","templated":true}]}}