{"id":244,"date":"2018-08-28T14:54:50","date_gmt":"2018-08-28T14:54:50","guid":{"rendered":"http:\/\/wp2.stcts.ch\/?page_id=244"},"modified":"2024-11-29T14:04:48","modified_gmt":"2024-11-29T13:04:48","slug":"gmbh-gruenden","status":"publish","type":"page","link":"https:\/\/www.stcts.ch\/treuhand\/gmbh-gruenden\/","title":{"rendered":"GmbH gr\u00fcnden"},"content":{"rendered":"<h2>GmbH gr\u00fcnden<\/h2>\n<h3>F\u00fcr die Gr\u00fcndung einer GmbH (Gesellschaft mit beschr\u00e4nkter Haftung) bedarf es mindestens einer nat\u00fcrlichen oder juristischen Person und ein Mindestkapital von CHF 20\u2019000.00.<\/h3>\n<p>\nDie GmbH ist eine juristische Person und mit rund 93\u2018000 Unternehmen die dritth\u00e4ufigste Rechtsform in der Schweiz.\n<\/p>\n<h3>Einige Vorteile<\/h3>\n<ul>\n<li>Geringes Mindestkapital erforderlich<\/li>\n<li>Nur das Stammkapital haftet, keine pers\u00f6nliche Haftung<\/li>\n<li>Der Gesch\u00e4ftsname ist frei w\u00e4hlbar und schweizweit gesch\u00fctzt<\/li>\n<li>Mitarbeitende Gesellschafter sind als Angestellte der GmbH sozialversichert<\/li>\n<li>Umwandlung in eine Aktiengesellschaft kann problemlos erfolgen<\/li>\n<\/ul>\n<h3>Einige Nachteile<\/h3>\n<ul>\n<li>Steuerliche Doppelbelastung<\/li>\n<li>Aufw\u00e4ndiges Gr\u00fcndungsverfahren<\/li>\n<li>Keine Anonymit\u00e4t der Gesellschafter m\u00f6glich<\/li>\n<\/ul>\n<p>\nUNSER ANGEBOT: wir verkaufen Ihnen garantiert keine zus\u00e4tzlichen Dienstleistungen wie beispielsweise Bankkonti, Versicherungen u.v.m. (bei Bedarf geben wir jedoch gerne Empfehlungen ab). Wir erledigen f\u00fcr Sie, was f\u00fcr eine erfolgreiche Gr\u00fcndung n\u00f6tig ist. Somit entstehen keine zus\u00e4tzlichen Kosten zu Ihren Lasten. Gerne beraten wir Sie in einem pers\u00f6nlichen Gespr\u00e4ch (kostenlos).\n<\/p>\n<p>\nBei Interesse oder f\u00fcr weitere Informationen z\u00f6gern Sie nicht, uns zu <a id=\"k1\" href=\"https:\/\/www.stcts.ch\/treuhand\/kontakt\/\">kontaktieren<\/a>. Wir freuen uns darauf.<\/p>\n","protected":false},"excerpt":{"rendered":"<p>GmbH gr\u00fcnden F\u00fcr die Gr\u00fcndung einer GmbH (Gesellschaft mit beschr\u00e4nkter Haftung) bedarf es mindestens einer nat\u00fcrlichen oder juristischen Person und e<\/p>\n","protected":false},"author":1,"featured_media":0,"parent":0,"menu_order":7,"comment_status":"closed","ping_status":"closed","template":"fullwidth.php","meta":{"footnotes":""},"class_list":["post-244","page","type-page","status-publish","hentry"],"yoast_head":"<!-- This site is optimized with the Yoast SEO plugin v27.2 - https:\/\/yoast.com\/product\/yoast-seo-wordpress\/ -->\n<title>GmbH gr\u00fcnden - Stucki &amp; Co. Treuhand und Schulungen<\/title>\n<meta name=\"description\" content=\"Informationen zur Gr\u00fcndung einer GmbH, Hier erfahren Sie alles zur Gr\u00fcndung einer GmbH. Vorteile und Nachteile der GmbH. Wir gr\u00fcnden eine GmbH f\u00fcr Sie.\" \/>\n<meta name=\"robots\" content=\"index, follow, max-snippet:-1, max-image-preview:large, max-video-preview:-1\" \/>\n<link rel=\"canonical\" href=\"https:\/\/www.stcts.ch\/treuhand\/gmbh-gruenden\/\" \/>\n<meta property=\"og:locale\" content=\"de_DE\" \/>\n<meta property=\"og:type\" content=\"article\" \/>\n<meta property=\"og:title\" content=\"GmbH gr\u00fcnden - Stucki &amp; Co. Treuhand und Schulungen\" \/>\n<meta property=\"og:description\" content=\"Informationen zur Gr\u00fcndung einer GmbH, Hier erfahren Sie alles zur Gr\u00fcndung einer GmbH. Vorteile und Nachteile der GmbH. Wir gr\u00fcnden eine GmbH f\u00fcr Sie.\" \/>\n<meta property=\"og:url\" content=\"https:\/\/www.stcts.ch\/treuhand\/gmbh-gruenden\/\" \/>\n<meta property=\"og:site_name\" content=\"Stucki &amp; Co. Treuhand und Schulungen\" \/>\n<meta property=\"article:modified_time\" content=\"2024-11-29T13:04:48+00:00\" \/>\n<meta name=\"twitter:card\" content=\"summary_large_image\" \/>\n<meta name=\"twitter:label1\" content=\"Gesch\u00e4tzte Lesezeit\" \/>\n\t<meta name=\"twitter:data1\" content=\"2\u00a0Minuten\" \/>\n<script type=\"application\/ld+json\" class=\"yoast-schema-graph\">{\"@context\":\"https:\/\/schema.org\",\"@graph\":[{\"@type\":\"WebPage\",\"@id\":\"https:\/\/www.stcts.ch\/treuhand\/gmbh-gruenden\/\",\"url\":\"https:\/\/www.stcts.ch\/treuhand\/gmbh-gruenden\/\",\"name\":\"GmbH gr\u00fcnden - Stucki &amp; Co. Treuhand und Schulungen\",\"isPartOf\":{\"@id\":\"https:\/\/www.stcts.ch\/treuhand\/#website\"},\"datePublished\":\"2018-08-28T14:54:50+00:00\",\"dateModified\":\"2024-11-29T13:04:48+00:00\",\"description\":\"Informationen zur Gr\u00fcndung einer GmbH, Hier erfahren Sie alles zur Gr\u00fcndung einer GmbH. Vorteile und Nachteile der GmbH. Wir gr\u00fcnden eine GmbH f\u00fcr Sie.\",\"breadcrumb\":{\"@id\":\"https:\/\/www.stcts.ch\/treuhand\/gmbh-gruenden\/#breadcrumb\"},\"inLanguage\":\"de-CH\",\"potentialAction\":[{\"@type\":\"ReadAction\",\"target\":[\"https:\/\/www.stcts.ch\/treuhand\/gmbh-gruenden\/\"]}]},{\"@type\":\"BreadcrumbList\",\"@id\":\"https:\/\/www.stcts.ch\/treuhand\/gmbh-gruenden\/#breadcrumb\",\"itemListElement\":[{\"@type\":\"ListItem\",\"position\":1,\"name\":\"Home\",\"item\":\"https:\/\/www.stcts.ch\/treuhand\/\"},{\"@type\":\"ListItem\",\"position\":2,\"name\":\"GmbH gr\u00fcnden\"}]},{\"@type\":\"WebSite\",\"@id\":\"https:\/\/www.stcts.ch\/treuhand\/#website\",\"url\":\"https:\/\/www.stcts.ch\/treuhand\/\",\"name\":\"Stucki &amp; Co. Treuhand und Schulungen\",\"description\":\"Ihr zuverl\u00e4ssiger Treuh\u00e4nder in Bern &amp; der ganzen Schweiz\",\"publisher\":{\"@id\":\"https:\/\/www.stcts.ch\/treuhand\/#organization\"},\"potentialAction\":[{\"@type\":\"SearchAction\",\"target\":{\"@type\":\"EntryPoint\",\"urlTemplate\":\"https:\/\/www.stcts.ch\/treuhand\/?s={search_term_string}\"},\"query-input\":{\"@type\":\"PropertyValueSpecification\",\"valueRequired\":true,\"valueName\":\"search_term_string\"}}],\"inLanguage\":\"de-CH\"},{\"@type\":\"Organization\",\"@id\":\"https:\/\/www.stcts.ch\/treuhand\/#organization\",\"name\":\"Stucki & Co. Treuhand und Schulungen\",\"url\":\"https:\/\/www.stcts.ch\/treuhand\/\",\"logo\":{\"@type\":\"ImageObject\",\"inLanguage\":\"de-CH\",\"@id\":\"https:\/\/www.stcts.ch\/treuhand\/#\/schema\/logo\/image\/\",\"url\":\"\",\"contentUrl\":\"\",\"caption\":\"Stucki & Co. Treuhand und Schulungen\"},\"image\":{\"@id\":\"https:\/\/www.stcts.ch\/treuhand\/#\/schema\/logo\/image\/\"}}]}<\/script>\n<!-- \/ Yoast SEO plugin. -->","yoast_head_json":{"title":"GmbH gr\u00fcnden - Stucki &amp; Co. Treuhand und Schulungen","description":"Informationen zur Gr\u00fcndung einer GmbH, Hier erfahren Sie alles zur Gr\u00fcndung einer GmbH. Vorteile und Nachteile der GmbH. Wir gr\u00fcnden eine GmbH f\u00fcr Sie.","robots":{"index":"index","follow":"follow","max-snippet":"max-snippet:-1","max-image-preview":"max-image-preview:large","max-video-preview":"max-video-preview:-1"},"canonical":"https:\/\/www.stcts.ch\/treuhand\/gmbh-gruenden\/","og_locale":"de_DE","og_type":"article","og_title":"GmbH gr\u00fcnden - Stucki &amp; Co. Treuhand und Schulungen","og_description":"Informationen zur Gr\u00fcndung einer GmbH, Hier erfahren Sie alles zur Gr\u00fcndung einer GmbH. Vorteile und Nachteile der GmbH. Wir gr\u00fcnden eine GmbH f\u00fcr Sie.","og_url":"https:\/\/www.stcts.ch\/treuhand\/gmbh-gruenden\/","og_site_name":"Stucki &amp; Co. Treuhand und Schulungen","article_modified_time":"2024-11-29T13:04:48+00:00","twitter_card":"summary_large_image","twitter_misc":{"Gesch\u00e4tzte Lesezeit":"2\u00a0Minuten"},"schema":{"@context":"https:\/\/schema.org","@graph":[{"@type":"WebPage","@id":"https:\/\/www.stcts.ch\/treuhand\/gmbh-gruenden\/","url":"https:\/\/www.stcts.ch\/treuhand\/gmbh-gruenden\/","name":"GmbH gr\u00fcnden - Stucki &amp; Co. Treuhand und Schulungen","isPartOf":{"@id":"https:\/\/www.stcts.ch\/treuhand\/#website"},"datePublished":"2018-08-28T14:54:50+00:00","dateModified":"2024-11-29T13:04:48+00:00","description":"Informationen zur Gr\u00fcndung einer GmbH, Hier erfahren Sie alles zur Gr\u00fcndung einer GmbH. Vorteile und Nachteile der GmbH. Wir gr\u00fcnden eine GmbH f\u00fcr Sie.","breadcrumb":{"@id":"https:\/\/www.stcts.ch\/treuhand\/gmbh-gruenden\/#breadcrumb"},"inLanguage":"de-CH","potentialAction":[{"@type":"ReadAction","target":["https:\/\/www.stcts.ch\/treuhand\/gmbh-gruenden\/"]}]},{"@type":"BreadcrumbList","@id":"https:\/\/www.stcts.ch\/treuhand\/gmbh-gruenden\/#breadcrumb","itemListElement":[{"@type":"ListItem","position":1,"name":"Home","item":"https:\/\/www.stcts.ch\/treuhand\/"},{"@type":"ListItem","position":2,"name":"GmbH gr\u00fcnden"}]},{"@type":"WebSite","@id":"https:\/\/www.stcts.ch\/treuhand\/#website","url":"https:\/\/www.stcts.ch\/treuhand\/","name":"Stucki &amp; Co. Treuhand und Schulungen","description":"Ihr zuverl\u00e4ssiger Treuh\u00e4nder in Bern &amp; der ganzen Schweiz","publisher":{"@id":"https:\/\/www.stcts.ch\/treuhand\/#organization"},"potentialAction":[{"@type":"SearchAction","target":{"@type":"EntryPoint","urlTemplate":"https:\/\/www.stcts.ch\/treuhand\/?s={search_term_string}"},"query-input":{"@type":"PropertyValueSpecification","valueRequired":true,"valueName":"search_term_string"}}],"inLanguage":"de-CH"},{"@type":"Organization","@id":"https:\/\/www.stcts.ch\/treuhand\/#organization","name":"Stucki & Co. Treuhand und Schulungen","url":"https:\/\/www.stcts.ch\/treuhand\/","logo":{"@type":"ImageObject","inLanguage":"de-CH","@id":"https:\/\/www.stcts.ch\/treuhand\/#\/schema\/logo\/image\/","url":"","contentUrl":"","caption":"Stucki & Co. Treuhand und Schulungen"},"image":{"@id":"https:\/\/www.stcts.ch\/treuhand\/#\/schema\/logo\/image\/"}}]}},"_links":{"self":[{"href":"https:\/\/www.stcts.ch\/treuhand\/wp-json\/wp\/v2\/pages\/244","targetHints":{"allow":["GET"]}}],"collection":[{"href":"https:\/\/www.stcts.ch\/treuhand\/wp-json\/wp\/v2\/pages"}],"about":[{"href":"https:\/\/www.stcts.ch\/treuhand\/wp-json\/wp\/v2\/types\/page"}],"author":[{"embeddable":true,"href":"https:\/\/www.stcts.ch\/treuhand\/wp-json\/wp\/v2\/users\/1"}],"replies":[{"embeddable":true,"href":"https:\/\/www.stcts.ch\/treuhand\/wp-json\/wp\/v2\/comments?post=244"}],"version-history":[{"count":14,"href":"https:\/\/www.stcts.ch\/treuhand\/wp-json\/wp\/v2\/pages\/244\/revisions"}],"predecessor-version":[{"id":2294,"href":"https:\/\/www.stcts.ch\/treuhand\/wp-json\/wp\/v2\/pages\/244\/revisions\/2294"}],"wp:attachment":[{"href":"https:\/\/www.stcts.ch\/treuhand\/wp-json\/wp\/v2\/media?parent=244"}],"curies":[{"name":"wp","href":"https:\/\/api.w.org\/{rel}","templated":true}]}}